{"id":1027,"date":"2023-06-15T15:28:55","date_gmt":"2023-06-15T15:28:55","guid":{"rendered":"https:\/\/tupatu.cl\/?page_id=1027"},"modified":"2025-07-31T00:29:51","modified_gmt":"2025-07-31T00:29:51","slug":"fullday-ballenas-y-glaciares","status":"publish","type":"page","link":"https:\/\/tupatu.cl\/index.php\/fullday-ballenas-y-glaciares\/","title":{"rendered":"FULLDAY BALLENAS Y GLACIARES"},"content":{"rendered":"\t\t<div data-elementor-type=\"wp-page\" data-elementor-id=\"1027\" class=\"elementor elementor-1027\" data-elementor-post-type=\"page\">\n\t\t\t\t\t\t<section class=\"elementor-section elementor-top-section elementor-element elementor-element-6f6eeed8 elementor-section-boxed elementor-section-height-default elementor-section-height-default\" data-id=\"6f6eeed8\" data-element_type=\"section\" data-e-type=\"section\" data-settings=\"{&quot;background_background&quot;:&quot;classic&quot;}\">\n\t\t\t\t\t\t<div class=\"elementor-container elementor-column-gap-default\">\n\t\t\t\t\t<div class=\"elementor-column elementor-col-100 elementor-top-column elementor-element elementor-element-426ea2e4\" data-id=\"426ea2e4\" data-element_type=\"column\" data-e-type=\"column\">\n\t\t\t<div class=\"elementor-widget-wrap elementor-element-populated\">\n\t\t\t\t\t\t<div class=\"elementor-element elementor-element-3f198bd9 elementor-widget elementor-widget-spacer\" data-id=\"3f198bd9\" data-element_type=\"widget\" data-e-type=\"widget\" data-widget_type=\"spacer.default\">\n\t\t\t\t<div class=\"elementor-widget-container\">\n\t\t\t\t\t\t\t<div class=\"elementor-spacer\">\n\t\t\t<div class=\"elementor-spacer-inner\"><\/div>\n\t\t<\/div>\n\t\t\t\t\t\t<\/div>\n\t\t\t\t<\/div>\n\t\t\t\t\t<\/div>\n\t\t<\/div>\n\t\t\t\t\t<\/div>\n\t\t<\/section>\n\t\t\t\t<section class=\"elementor-section elementor-top-section elementor-element elementor-element-4cdaeaeb elementor-section-boxed elementor-section-height-default elementor-section-height-default\" data-id=\"4cdaeaeb\" data-element_type=\"section\" data-e-type=\"section\">\n\t\t\t\t\t\t<div class=\"elementor-container elementor-column-gap-no\">\n\t\t\t\t\t<div class=\"elementor-column elementor-col-50 elementor-top-column elementor-element elementor-element-15166e78\" data-id=\"15166e78\" data-element_type=\"column\" data-e-type=\"column\">\n\t\t\t<div class=\"elementor-widget-wrap elementor-element-populated\">\n\t\t\t\t\t\t<section class=\"elementor-section elementor-inner-section elementor-element elementor-element-423423b0 elementor-section-boxed elementor-section-height-default elementor-section-height-default\" data-id=\"423423b0\" data-element_type=\"section\" data-e-type=\"section\">\n\t\t\t\t\t\t<div class=\"elementor-container elementor-column-gap-no\">\n\t\t\t\t\t<div class=\"elementor-column elementor-col-100 elementor-inner-column elementor-element elementor-element-3ece3d4c\" data-id=\"3ece3d4c\" data-element_type=\"column\" data-e-type=\"column\">\n\t\t\t<div class=\"elementor-widget-wrap elementor-element-populated\">\n\t\t\t\t\t\t<div class=\"elementor-element elementor-element-4e8f7eac elementor-widget elementor-widget-heading\" data-id=\"4e8f7eac\" data-element_type=\"widget\" data-e-type=\"widget\" data-widget_type=\"heading.default\">\n\t\t\t\t<div class=\"elementor-widget-container\">\n\t\t\t\t\t<h2 class=\"elementor-heading-title elementor-size-default\"><a href=\"https:\/\/tupatu.cl\/index.php\/fullday-ballenas-y-glaciares\/\">FULLDAY BALLENAS Y GLACIARES<\/a><\/h2>\t\t\t\t<\/div>\n\t\t\t\t<\/div>\n\t\t\t\t<div class=\"elementor-element elementor-element-7a5d48c9 elementor-widget elementor-widget-image\" data-id=\"7a5d48c9\" data-element_type=\"widget\" data-e-type=\"widget\" data-widget_type=\"image.default\">\n\t\t\t\t<div class=\"elementor-widget-container\">\n\t\t\t\t\t\t\t\t\t\t\t\t\t\t\t<img fetchpriority=\"high\" decoding=\"async\" width=\"800\" height=\"531\" src=\"https:\/\/tupatu.cl\/wp-content\/uploads\/2023\/06\/SE08-1024x680.jpg\" class=\"attachment-large size-large wp-image-1057\" alt=\"\" srcset=\"https:\/\/tupatu.cl\/wp-content\/uploads\/2023\/06\/SE08-1024x680.jpg 1024w, https:\/\/tupatu.cl\/wp-content\/uploads\/2023\/06\/SE08-300x199.jpg 300w, https:\/\/tupatu.cl\/wp-content\/uploads\/2023\/06\/SE08-768x510.jpg 768w, https:\/\/tupatu.cl\/wp-content\/uploads\/2023\/06\/SE08-1536x1020.jpg 1536w, https:\/\/tupatu.cl\/wp-content\/uploads\/2023\/06\/SE08-600x398.jpg 600w, https:\/\/tupatu.cl\/wp-content\/uploads\/2023\/06\/SE08.jpg 2048w\" sizes=\"(max-width: 800px) 100vw, 800px\" \/>\t\t\t\t\t\t\t\t\t\t\t\t\t\t\t<\/div>\n\t\t\t\t<\/div>\n\t\t\t\t<div class=\"elementor-element elementor-element-40152119 elementor-align-center elementor-icon-list--layout-inline elementor-list-item-link-full_width elementor-widget elementor-widget-icon-list\" data-id=\"40152119\" data-element_type=\"widget\" data-e-type=\"widget\" data-widget_type=\"icon-list.default\">\n\t\t\t\t<div class=\"elementor-widget-container\">\n\t\t\t\t\t\t\t<ul class=\"elementor-icon-list-items elementor-inline-items\">\n\t\t\t\t\t\t\t<li class=\"elementor-icon-list-item elementor-inline-item\">\n\t\t\t\t\t\t\t\t\t\t\t<span class=\"elementor-icon-list-icon\">\n\t\t\t\t\t\t\t<i aria-hidden=\"true\" class=\"far fa-clock\"><\/i>\t\t\t\t\t\t<\/span>\n\t\t\t\t\t\t\t\t\t\t<span class=\"elementor-icon-list-text\">Fullday<\/span>\n\t\t\t\t\t\t\t\t\t<\/li>\n\t\t\t\t\t\t\t\t<li class=\"elementor-icon-list-item elementor-inline-item\">\n\t\t\t\t\t\t\t\t\t\t\t<span class=\"elementor-icon-list-icon\">\n\t\t\t\t\t\t\t<i aria-hidden=\"true\" class=\"fas fa-map-marked-alt\"><\/i>\t\t\t\t\t\t<\/span>\n\t\t\t\t\t\t\t\t\t\t<span class=\"elementor-icon-list-text\">Desde Punta Arenas<\/span>\n\t\t\t\t\t\t\t\t\t<\/li>\n\t\t\t\t\t\t<\/ul>\n\t\t\t\t\t\t<\/div>\n\t\t\t\t<\/div>\n\t\t\t\t<div class=\"elementor-element elementor-element-40185ef6 elementor-tabs-view-horizontal elementor-widget elementor-widget-tabs\" data-id=\"40185ef6\" data-element_type=\"widget\" data-e-type=\"widget\" data-widget_type=\"tabs.default\">\n\t\t\t\t<div class=\"elementor-widget-container\">\n\t\t\t\t\t\t\t<div class=\"elementor-tabs\">\n\t\t\t<div class=\"elementor-tabs-wrapper\" role=\"tablist\" >\n\t\t\t\t\t\t\t\t\t<div id=\"elementor-tab-title-1071\" class=\"elementor-tab-title elementor-tab-desktop-title\" aria-selected=\"true\" data-tab=\"1\" role=\"tab\" tabindex=\"0\" aria-controls=\"elementor-tab-content-1071\" aria-expanded=\"false\">DESCRIPCION<\/div>\n\t\t\t\t\t\t\t\t\t<div id=\"elementor-tab-title-1072\" class=\"elementor-tab-title elementor-tab-desktop-title\" aria-selected=\"false\" data-tab=\"2\" role=\"tab\" tabindex=\"-1\" aria-controls=\"elementor-tab-content-1072\" aria-expanded=\"false\">PROGRAMA<\/div>\n\t\t\t\t\t\t\t\t\t<div id=\"elementor-tab-title-1073\" class=\"elementor-tab-title elementor-tab-desktop-title\" aria-selected=\"false\" data-tab=\"3\" role=\"tab\" tabindex=\"-1\" aria-controls=\"elementor-tab-content-1073\" aria-expanded=\"false\">VIAJE INCLUYE<\/div>\n\t\t\t\t\t\t\t<\/div>\n\t\t\t<div class=\"elementor-tabs-content-wrapper\" role=\"tablist\" aria-orientation=\"vertical\">\n\t\t\t\t\t\t\t\t\t<div class=\"elementor-tab-title elementor-tab-mobile-title\" aria-selected=\"true\" data-tab=\"1\" role=\"tab\" tabindex=\"0\" aria-controls=\"elementor-tab-content-1071\" aria-expanded=\"false\">DESCRIPCION<\/div>\n\t\t\t\t\t<div id=\"elementor-tab-content-1071\" class=\"elementor-tab-content elementor-clearfix\" data-tab=\"1\" role=\"tabpanel\" aria-labelledby=\"elementor-tab-title-1071\" tabindex=\"0\" hidden=\"false\"><p>Cabo Froward, el Punto m\u00e1s Austral del mundo Continental, Glaciares,<br \/>Ballenas Jorobadas, Ballenas Sei, Delfines Australes, Toninas Overas,<br \/>Ping\u00fcinos Magall\u00e1nicos son parte de las maravillas naturales de esta<br \/>Austral zona del Estrecho de Magallanes y Tierra del Fuego.<\/p><p>En uno de los lugares m\u00e1s remotos y pr\u00edstinos del planeta. Una trave-<br \/>s\u00eda de d\u00eda completo nos har\u00e1 sentir la naturaleza en su estado m\u00e1s na-<br \/>tural, saliendo muy temprano desde nuestras oficinas, recorreremos<\/p><p>en bus hasta nuestro embarque a 50 Kil\u00f3metros al sur de Punta<\/p><p>Arenas, para luego navegar por alrededor de 10 horas: Podremos dis-<br \/>frutar de un paisaje \u00fanico rodeado de monta\u00f1as, glaciares y bosques<\/p><p>de lengas y coihues. La vida marina presente en la zona no nos dejara<br \/>de sorprender por su cercan\u00eda y abundancia: lobos marinos, petreles,<\/p><p>cormoranes, delfines australes, etc. Nos har\u00e1n sentir que aqu\u00ed la natu-<br \/>raleza se siente y se vive.<\/p><\/div>\n\t\t\t\t\t\t\t\t\t<div class=\"elementor-tab-title elementor-tab-mobile-title\" aria-selected=\"false\" data-tab=\"2\" role=\"tab\" tabindex=\"-1\" aria-controls=\"elementor-tab-content-1072\" aria-expanded=\"false\">PROGRAMA<\/div>\n\t\t\t\t\t<div id=\"elementor-tab-content-1072\" class=\"elementor-tab-content elementor-clearfix\" data-tab=\"2\" role=\"tabpanel\" aria-labelledby=\"elementor-tab-title-1072\" tabindex=\"0\" hidden=\"hidden\"><div id=\"comp-klkzz028\" class=\"BaOVQ8 tz5f0K comp-klkzz028 wixui-rich-text\" data-testid=\"richTextElement\"><h2 class=\"font_2 wixui-rich-text__text\">Duracion total :13horas aprox<\/h2><\/div><div id=\"comp-klkzz02c\" class=\"MazNVa comp-klkzz02c wixui-image\"><div class=\"j7pOnl\" data-testid=\"linkElement\">\u00a0<\/div><\/div><div id=\"comp-klkzz02f\" class=\"BaOVQ8 tz5f0K comp-klkzz02f wixui-rich-text\" data-testid=\"richTextElement\"><h6 class=\"font_6 wixui-rich-text__text\"><span class=\"wixui-rich-text__text\">04:00 a.m. Encuentro en oficina Solo Expediciones ubicada en calle Jose Nogueira 1255,Punta Arenas.<\/span><\/h6><\/div><div id=\"comp-klkzz02h\" class=\"MazNVa comp-klkzz02h wixui-image\"><div class=\"j7pOnl\" data-testid=\"linkElement\"><img decoding=\"async\" src=\"https:\/\/static.wixstatic.com\/media\/4f1fc5_655eba813c7b40068db7c1d9d582265b~mv2.png\/v1\/fill\/w_32,h_32,al_c,q_85,enc_auto\/010-lancha-rapida-1.png\" alt=\"010-lancha-rapida-1.png\" \/><\/div><\/div><div id=\"comp-klkzz02j\" class=\"BaOVQ8 tz5f0K comp-klkzz02j wixui-rich-text\" data-testid=\"richTextElement\"><h6 class=\"font_6 wixui-rich-text__text\"><span class=\"wixui-rich-text__text\">05:15 a.m. Zarpe y navegaci\u00f3n por el Estrecho de Magallanes<\/span><\/h6><\/div><div id=\"comp-klkzz02l\" class=\"MazNVa comp-klkzz02l wixui-image\"><div class=\"j7pOnl\" data-testid=\"linkElement\"><img decoding=\"async\" src=\"https:\/\/static.wixstatic.com\/media\/4f1fc5_655eba813c7b40068db7c1d9d582265b~mv2.png\/v1\/fill\/w_32,h_32,al_c,q_85,enc_auto\/010-lancha-rapida-1.png\" alt=\"010-lancha-rapida-1.png\" \/><\/div><\/div><div id=\"comp-klkzz02n\" class=\"BaOVQ8 tz5f0K comp-klkzz02n wixui-rich-text\" data-testid=\"richTextElement\"><h6 class=\"font_6 wixui-rich-text__text\"><span class=\"wixui-rich-text__text\">07:00 a.m. Paso por Cabo Froward, punto m\u00e1s austral del\u00a0 \u00a0 continente americano.<\/span><\/h6><\/div><div id=\"comp-klkzz02p\" class=\"MazNVa comp-klkzz02p wixui-image\"><div class=\"j7pOnl\" data-testid=\"linkElement\"><img decoding=\"async\" src=\"https:\/\/static.wixstatic.com\/media\/4f1fc5_655eba813c7b40068db7c1d9d582265b~mv2.png\/v1\/fill\/w_32,h_32,al_c,q_85,enc_auto\/010-lancha-rapida-1.png\" alt=\"010-lancha-rapida-1.png\" \/><\/div><\/div><div id=\"comp-klkzz02q1\" class=\"BaOVQ8 tz5f0K comp-klkzz02q1 wixui-rich-text\" data-testid=\"richTextElement\"><h6 class=\"font_6 wixui-rich-text__text\"><span class=\"wixui-rich-text__text\">09:00 a.m. &#8211; 13:00 p.m. Navegaci\u00f3n sector Parque Marino \u201cFrancisco Coloane\u201d avistando ballenas jorobadas,\u00a0 cormoranes, sk\u00faa, petreles, albatros, lobos marinos, elefantes marinos y en oportunidades grupos de orcas.\u00a0<\/span><\/h6><\/div><div id=\"comp-klkzz02t\" class=\"MazNVa comp-klkzz02t wixui-image\"><div class=\"j7pOnl\" data-testid=\"linkElement\"><img decoding=\"async\" src=\"https:\/\/static.wixstatic.com\/media\/4f1fc5_655eba813c7b40068db7c1d9d582265b~mv2.png\/v1\/fill\/w_32,h_32,al_c,q_85,enc_auto\/010-lancha-rapida-1.png\" alt=\"010-lancha-rapida-1.png\" \/><\/div><\/div><div id=\"comp-klkzz02u1\" class=\"BaOVQ8 tz5f0K comp-klkzz02u1 wixui-rich-text\" data-testid=\"richTextElement\"><h6 class=\"font_6 wixui-rich-text__text\"><span class=\"wixui-rich-text__text\">13:00 p.m. Navegaci\u00f3n de regreso<\/span><\/h6><\/div><div id=\"comp-klkzz02y\" class=\"MazNVa comp-klkzz02y wixui-image\"><div class=\"j7pOnl\" data-testid=\"linkElement\"><img decoding=\"async\" src=\"https:\/\/static.wixstatic.com\/media\/4f1fc5_f6a8147050ed4370a5148198f6d763c2~mv2.png\/v1\/fill\/w_32,h_32,al_c,q_85,enc_auto\/021-transporte.png\" alt=\"021-transporte.png\" \/><\/div><\/div><div id=\"comp-klkzz030\" class=\"BaOVQ8 tz5f0K comp-klkzz030 wixui-rich-text\" data-testid=\"richTextElement\"><h6 class=\"font_6 wixui-rich-text__text\"><span class=\"wixui-rich-text__text\">16:00 app Retorno a Bah\u00eda Carrera. Punta Arenas<\/span><\/h6><\/div><\/div>\n\t\t\t\t\t\t\t\t\t<div class=\"elementor-tab-title elementor-tab-mobile-title\" aria-selected=\"false\" data-tab=\"3\" role=\"tab\" tabindex=\"-1\" aria-controls=\"elementor-tab-content-1073\" aria-expanded=\"false\">VIAJE INCLUYE<\/div>\n\t\t\t\t\t<div id=\"elementor-tab-content-1073\" class=\"elementor-tab-content elementor-clearfix\" data-tab=\"3\" role=\"tabpanel\" aria-labelledby=\"elementor-tab-title-1073\" tabindex=\"0\" hidden=\"hidden\"><ul><li>Navegaci\u00f3n hacia\u00a0 sector del Parque Marino Francisco Coloane<\/li><li>Servicio de caf\u00e9 a bordo<\/li><li>Gu\u00eda biling\u00fce<\/li><li>Desayuno, almuerzo, whisky con hielo milenario.<\/li><li>Traslado desde la oficina del Check in en Punta Arenas hacia Muelle de embarque.<\/li><\/ul><\/div>\n\t\t\t\t\t\t\t<\/div>\n\t\t<\/div>\n\t\t\t\t\t\t<\/div>\n\t\t\t\t<\/div>\n\t\t\t\t<div class=\"elementor-element elementor-element-58300037 elementor-widget elementor-widget-heading\" data-id=\"58300037\" data-element_type=\"widget\" data-e-type=\"widget\" data-widget_type=\"heading.default\">\n\t\t\t\t<div class=\"elementor-widget-container\">\n\t\t\t\t\t<h4 class=\"elementor-heading-title elementor-size-default\">GALLERY \/ PHOTOS<\/h4>\t\t\t\t<\/div>\n\t\t\t\t<\/div>\n\t\t\t\t<div class=\"elementor-element elementor-element-22c4271c elementor-pagination-position-outside elementor-widget elementor-widget-image-carousel\" data-id=\"22c4271c\" data-element_type=\"widget\" data-e-type=\"widget\" data-settings=\"{&quot;slides_to_show&quot;:&quot;2&quot;,&quot;slides_to_show_tablet&quot;:&quot;3&quot;,&quot;navigation&quot;:&quot;dots&quot;,&quot;image_spacing_custom&quot;:{&quot;unit&quot;:&quot;px&quot;,&quot;size&quot;:15,&quot;sizes&quot;:[]},&quot;autoplay&quot;:&quot;yes&quot;,&quot;pause_on_hover&quot;:&quot;yes&quot;,&quot;pause_on_interaction&quot;:&quot;yes&quot;,&quot;autoplay_speed&quot;:5000,&quot;infinite&quot;:&quot;yes&quot;,&quot;speed&quot;:500,&quot;image_spacing_custom_tablet&quot;:{&quot;unit&quot;:&quot;px&quot;,&quot;size&quot;:&quot;&quot;,&quot;sizes&quot;:[]},&quot;image_spacing_custom_mobile&quot;:{&quot;unit&quot;:&quot;px&quot;,&quot;size&quot;:&quot;&quot;,&quot;sizes&quot;:[]}}\" data-widget_type=\"image-carousel.default\">\n\t\t\t\t<div class=\"elementor-widget-container\">\n\t\t\t\t\t\t\t<div class=\"elementor-image-carousel-wrapper swiper\" role=\"region\" aria-roledescription=\"carousel\" aria-label=\"Carrusel de im\u00e1genes\" dir=\"ltr\">\n\t\t\t<div class=\"elementor-image-carousel swiper-wrapper swiper-image-stretch\" aria-live=\"off\">\n\t\t\t\t\t\t\t\t<div class=\"swiper-slide\" role=\"group\" aria-roledescription=\"slide\" aria-label=\"1 de 7\"><figure class=\"swiper-slide-inner\"><img decoding=\"async\" class=\"swiper-slide-image\" src=\"https:\/\/tupatu.cl\/wp-content\/uploads\/2023\/06\/SE05.jpg\" alt=\"SE05\" \/><\/figure><\/div><div class=\"swiper-slide\" role=\"group\" aria-roledescription=\"slide\" aria-label=\"2 de 7\"><figure class=\"swiper-slide-inner\"><img decoding=\"async\" class=\"swiper-slide-image\" src=\"https:\/\/tupatu.cl\/wp-content\/uploads\/2023\/06\/SE07.jpg\" alt=\"SE07\" \/><\/figure><\/div><div class=\"swiper-slide\" role=\"group\" aria-roledescription=\"slide\" aria-label=\"3 de 7\"><figure class=\"swiper-slide-inner\"><img decoding=\"async\" class=\"swiper-slide-image\" src=\"https:\/\/tupatu.cl\/wp-content\/uploads\/2023\/06\/SE06.jpg\" alt=\"SE06\" \/><\/figure><\/div><div class=\"swiper-slide\" role=\"group\" aria-roledescription=\"slide\" aria-label=\"4 de 7\"><figure class=\"swiper-slide-inner\"><img decoding=\"async\" class=\"swiper-slide-image\" src=\"https:\/\/tupatu.cl\/wp-content\/uploads\/2023\/06\/SE09.png\" alt=\"SE09\" \/><\/figure><\/div><div class=\"swiper-slide\" role=\"group\" aria-roledescription=\"slide\" aria-label=\"5 de 7\"><figure class=\"swiper-slide-inner\"><img decoding=\"async\" class=\"swiper-slide-image\" src=\"https:\/\/tupatu.cl\/wp-content\/uploads\/2023\/06\/SE10-scaled.jpg\" alt=\"SE10\" \/><\/figure><\/div><div class=\"swiper-slide\" role=\"group\" aria-roledescription=\"slide\" aria-label=\"6 de 7\"><figure class=\"swiper-slide-inner\"><img decoding=\"async\" class=\"swiper-slide-image\" src=\"https:\/\/tupatu.cl\/wp-content\/uploads\/2023\/06\/SE04.jpg\" alt=\"SE04\" \/><\/figure><\/div><div class=\"swiper-slide\" role=\"group\" aria-roledescription=\"slide\" aria-label=\"7 de 7\"><figure class=\"swiper-slide-inner\"><img decoding=\"async\" class=\"swiper-slide-image\" src=\"https:\/\/tupatu.cl\/wp-content\/uploads\/2023\/06\/SE05-1.jpg\" alt=\"SE05\" \/><\/figure><\/div>\t\t\t<\/div>\n\t\t\t\t\t\t\t\n\t\t\t\t\t\t\t\t\t<div class=\"swiper-pagination\"><\/div>\n\t\t\t\t\t\t\t\t\t<\/div>\n\t\t\t\t\t\t<\/div>\n\t\t\t\t<\/div>\n\t\t\t\t\t<\/div>\n\t\t<\/div>\n\t\t\t\t\t<\/div>\n\t\t<\/section>\n\t\t\t\t\t<\/div>\n\t\t<\/div>\n\t\t\t\t<div class=\"elementor-column elementor-col-50 elementor-top-column elementor-element elementor-element-594c3528\" data-id=\"594c3528\" data-element_type=\"column\" data-e-type=\"column\">\n\t\t\t<div class=\"elementor-widget-wrap elementor-element-populated\">\n\t\t\t\t\t\t<section class=\"elementor-section elementor-inner-section elementor-element elementor-element-23a54a46 elementor-section-boxed elementor-section-height-default elementor-section-height-default\" data-id=\"23a54a46\" data-element_type=\"section\" data-e-type=\"section\" data-settings=\"{&quot;background_background&quot;:&quot;classic&quot;}\">\n\t\t\t\t\t\t<div class=\"elementor-container elementor-column-gap-no\">\n\t\t\t\t\t<div class=\"elementor-column elementor-col-100 elementor-inner-column elementor-element elementor-element-65e282d4\" data-id=\"65e282d4\" data-element_type=\"column\" data-e-type=\"column\" data-settings=\"{&quot;background_background&quot;:&quot;classic&quot;}\">\n\t\t\t<div class=\"elementor-widget-wrap elementor-element-populated\">\n\t\t\t\t\t\t<div class=\"elementor-element elementor-element-6cb2d9f elementor-widget elementor-widget-elementskit-heading\" data-id=\"6cb2d9f\" data-element_type=\"widget\" data-e-type=\"widget\" data-widget_type=\"elementskit-heading.default\">\n\t\t\t\t<div class=\"elementor-widget-container\">\n\t\t\t\t\t<div class=\"ekit-wid-con\" ><div class=\"ekit-heading elementskit-section-title-wraper text_center   ekit_heading_tablet-   ekit_heading_mobile-\"><a href=\"https:\/\/tupatu.cl\/index.php\/fullday-ballenas-y-glaciares\/\"><h5 class=\"ekit-heading--title elementskit-section-title \"><span><span>$365 USD por persona<\/h5><\/a><\/div><\/div>\t\t\t\t<\/div>\n\t\t\t\t<\/div>\n\t\t\t\t<div class=\"elementor-element elementor-element-6b681031 elementor-star-rating--align-center elementor--star-style-star_fontawesome elementor-widget elementor-widget-star-rating\" data-id=\"6b681031\" data-element_type=\"widget\" data-e-type=\"widget\" data-widget_type=\"star-rating.default\">\n\t\t\t\t<div class=\"elementor-widget-container\">\n\t\t\t\t\t\t\t<div class=\"elementor-star-rating__wrapper\">\n\t\t\t\t\t\t<div class=\"elementor-star-rating\" itemtype=\"http:\/\/schema.org\/Rating\" itemscope=\"\" itemprop=\"reviewRating\">\n\t\t\t\t<i class=\"elementor-star-full\" aria-hidden=\"true\">&#xE933;<\/i><i class=\"elementor-star-full\" aria-hidden=\"true\">&#xE933;<\/i><i class=\"elementor-star-full\" aria-hidden=\"true\">&#xE933;<\/i><i class=\"elementor-star-full\" aria-hidden=\"true\">&#xE933;<\/i><i class=\"elementor-star-5\" aria-hidden=\"true\">&#xE933;<\/i>\t\t\t\t<span itemprop=\"ratingValue\" class=\"elementor-screen-only\">Valorado con 4.5 de 5<\/span>\n\t\t\t<\/div>\n\t\t<\/div>\n\t\t\t\t\t\t<\/div>\n\t\t\t\t<\/div>\n\t\t\t\t\t<\/div>\n\t\t<\/div>\n\t\t\t\t\t<\/div>\n\t\t<\/section>\n\t\t\t\t<section class=\"elementor-section elementor-inner-section elementor-element elementor-element-3ca32131 elementor-section-boxed elementor-section-height-default elementor-section-height-default\" data-id=\"3ca32131\" data-element_type=\"section\" data-e-type=\"section\">\n\t\t\t\t\t\t<div class=\"elementor-container elementor-column-gap-default\">\n\t\t\t\t\t<div class=\"elementor-column elementor-col-100 elementor-inner-column elementor-element elementor-element-759cba78\" data-id=\"759cba78\" data-element_type=\"column\" data-e-type=\"column\">\n\t\t\t<div class=\"elementor-widget-wrap elementor-element-populated\">\n\t\t\t\t\t\t<div class=\"elementor-element elementor-element-40fc1e90 elementor-widget elementor-widget-google_maps\" data-id=\"40fc1e90\" data-element_type=\"widget\" data-e-type=\"widget\" data-widget_type=\"google_maps.default\">\n\t\t\t\t<div class=\"elementor-widget-container\">\n\t\t\t\t\t\t\t<div class=\"elementor-custom-embed\">\n\t\t\t<iframe loading=\"lazy\"\n\t\t\t\t\tsrc=\"https:\/\/maps.google.com\/maps?q=Isla%20carlos%20III&#038;t=m&#038;z=10&#038;output=embed&#038;iwloc=near\"\n\t\t\t\t\ttitle=\"Isla carlos III\"\n\t\t\t\t\taria-label=\"Isla carlos III\"\n\t\t\t><\/iframe>\n\t\t<\/div>\n\t\t\t\t\t\t<\/div>\n\t\t\t\t<\/div>\n\t\t\t\t\t<\/div>\n\t\t<\/div>\n\t\t\t\t\t<\/div>\n\t\t<\/section>\n\t\t\t\t\t<\/div>\n\t\t<\/div>\n\t\t\t\t\t<\/div>\n\t\t<\/section>\n\t\t\t\t<\/div>\n\t\t","protected":false},"excerpt":{"rendered":"<p>FULLDAY BALLENAS Y GLACIARES Fullday Desde Punta Arenas DESCRIPCION PROGRAMA VIAJE INCLUYE DESCRIPCION Cabo Froward, el Punto m\u00e1s Austral del mundo Continental, Glaciares,Ballenas Jorobadas, Ballenas Sei, Delfines Australes, Toninas Overas,Ping\u00fcinos Magall\u00e1nicos son parte de las maravillas naturales de estaAustral zona del Estrecho de Magallanes y Tierra del Fuego. En uno de los lugares m\u00e1s remotos [&hellip;]<\/p>\n","protected":false},"author":1,"featured_media":0,"parent":0,"menu_order":0,"comment_status":"closed","ping_status":"closed","template":"","meta":{"footnotes":""},"class_list":["post-1027","page","type-page","status-publish","hentry"],"_links":{"self":[{"href":"https:\/\/tupatu.cl\/index.php\/wp-json\/wp\/v2\/pages\/1027","targetHints":{"allow":["GET"]}}],"collection":[{"href":"https:\/\/tupatu.cl\/index.php\/wp-json\/wp\/v2\/pages"}],"about":[{"href":"https:\/\/tupatu.cl\/index.php\/wp-json\/wp\/v2\/types\/page"}],"author":[{"embeddable":true,"href":"https:\/\/tupatu.cl\/index.php\/wp-json\/wp\/v2\/users\/1"}],"replies":[{"embeddable":true,"href":"https:\/\/tupatu.cl\/index.php\/wp-json\/wp\/v2\/comments?post=1027"}],"version-history":[{"count":88,"href":"https:\/\/tupatu.cl\/index.php\/wp-json\/wp\/v2\/pages\/1027\/revisions"}],"predecessor-version":[{"id":2967,"href":"https:\/\/tupatu.cl\/index.php\/wp-json\/wp\/v2\/pages\/1027\/revisions\/2967"}],"wp:attachment":[{"href":"https:\/\/tupatu.cl\/index.php\/wp-json\/wp\/v2\/media?parent=1027"}],"curies":[{"name":"wp","href":"https:\/\/api.w.org\/{rel}","templated":true}]}}