{"id":1377,"date":"2023-06-23T20:12:44","date_gmt":"2023-06-23T20:12:44","guid":{"rendered":"https:\/\/tupatu.cl\/?page_id=1377"},"modified":"2023-06-29T20:31:46","modified_gmt":"2023-06-29T20:31:46","slug":"kayak-lago-grey","status":"publish","type":"page","link":"https:\/\/tupatu.cl\/index.php\/kayak-lago-grey\/","title":{"rendered":"KAYAK LAGO GREY"},"content":{"rendered":"\t\t<div data-elementor-type=\"wp-page\" data-elementor-id=\"1377\" class=\"elementor elementor-1377\" data-elementor-post-type=\"page\">\n\t\t\t\t\t\t<section class=\"elementor-section elementor-top-section elementor-element elementor-element-42f307b6 elementor-section-boxed elementor-section-height-default elementor-section-height-default\" data-id=\"42f307b6\" data-element_type=\"section\" data-e-type=\"section\" data-settings=\"{&quot;background_background&quot;:&quot;classic&quot;}\">\n\t\t\t\t\t\t<div class=\"elementor-container elementor-column-gap-default\">\n\t\t\t\t\t<div class=\"elementor-column elementor-col-100 elementor-top-column elementor-element elementor-element-663af262\" data-id=\"663af262\" data-element_type=\"column\" data-e-type=\"column\">\n\t\t\t<div class=\"elementor-widget-wrap elementor-element-populated\">\n\t\t\t\t\t\t<div class=\"elementor-element elementor-element-686e4277 elementor-widget elementor-widget-spacer\" data-id=\"686e4277\" data-element_type=\"widget\" data-e-type=\"widget\" data-widget_type=\"spacer.default\">\n\t\t\t\t<div class=\"elementor-widget-container\">\n\t\t\t\t\t\t\t<div class=\"elementor-spacer\">\n\t\t\t<div class=\"elementor-spacer-inner\"><\/div>\n\t\t<\/div>\n\t\t\t\t\t\t<\/div>\n\t\t\t\t<\/div>\n\t\t\t\t\t<\/div>\n\t\t<\/div>\n\t\t\t\t\t<\/div>\n\t\t<\/section>\n\t\t\t\t<section class=\"elementor-section elementor-top-section elementor-element elementor-element-524961d5 elementor-section-boxed elementor-section-height-default elementor-section-height-default\" data-id=\"524961d5\" data-element_type=\"section\" data-e-type=\"section\">\n\t\t\t\t\t\t<div class=\"elementor-container elementor-column-gap-no\">\n\t\t\t\t\t<div class=\"elementor-column elementor-col-50 elementor-top-column elementor-element elementor-element-61f83be8\" data-id=\"61f83be8\" data-element_type=\"column\" data-e-type=\"column\">\n\t\t\t<div class=\"elementor-widget-wrap elementor-element-populated\">\n\t\t\t\t\t\t<section class=\"elementor-section elementor-inner-section elementor-element elementor-element-44711dfd elementor-section-boxed elementor-section-height-default elementor-section-height-default\" data-id=\"44711dfd\" data-element_type=\"section\" data-e-type=\"section\">\n\t\t\t\t\t\t<div class=\"elementor-container elementor-column-gap-no\">\n\t\t\t\t\t<div class=\"elementor-column elementor-col-100 elementor-inner-column elementor-element elementor-element-5a0919ed\" data-id=\"5a0919ed\" data-element_type=\"column\" data-e-type=\"column\">\n\t\t\t<div class=\"elementor-widget-wrap elementor-element-populated\">\n\t\t\t\t\t\t<div class=\"elementor-element elementor-element-3bda38ac elementor-widget elementor-widget-heading\" data-id=\"3bda38ac\" data-element_type=\"widget\" data-e-type=\"widget\" data-widget_type=\"heading.default\">\n\t\t\t\t<div class=\"elementor-widget-container\">\n\t\t\t\t\t<h2 class=\"elementor-heading-title elementor-size-default\"><a href=\"https:\/\/tupatu.cl\/index.php\/kayak-lago-grey\/\">FULLDAY KAYAK TORRES DEL PAINE,LAGO GREY.<\/a><\/h2>\t\t\t\t<\/div>\n\t\t\t\t<\/div>\n\t\t\t\t<div class=\"elementor-element elementor-element-25debc6e elementor-widget elementor-widget-image\" data-id=\"25debc6e\" data-element_type=\"widget\" data-e-type=\"widget\" data-widget_type=\"image.default\">\n\t\t\t\t<div class=\"elementor-widget-container\">\n\t\t\t\t\t\t\t\t\t\t\t\t\t\t\t<img fetchpriority=\"high\" decoding=\"async\" width=\"800\" height=\"400\" src=\"https:\/\/tupatu.cl\/wp-content\/uploads\/2023\/06\/EP01.jpg\" class=\"attachment-large size-large wp-image-1382\" alt=\"\" srcset=\"https:\/\/tupatu.cl\/wp-content\/uploads\/2023\/06\/EP01.jpg 1024w, https:\/\/tupatu.cl\/wp-content\/uploads\/2023\/06\/EP01-300x150.jpg 300w, https:\/\/tupatu.cl\/wp-content\/uploads\/2023\/06\/EP01-768x384.jpg 768w, https:\/\/tupatu.cl\/wp-content\/uploads\/2023\/06\/EP01-600x300.jpg 600w\" sizes=\"(max-width: 800px) 100vw, 800px\" \/>\t\t\t\t\t\t\t\t\t\t\t\t\t\t\t<\/div>\n\t\t\t\t<\/div>\n\t\t\t\t<div class=\"elementor-element elementor-element-4c5d4d5b elementor-align-center elementor-icon-list--layout-inline elementor-list-item-link-full_width elementor-widget elementor-widget-icon-list\" data-id=\"4c5d4d5b\" data-element_type=\"widget\" data-e-type=\"widget\" data-widget_type=\"icon-list.default\">\n\t\t\t\t<div class=\"elementor-widget-container\">\n\t\t\t\t\t\t\t<ul class=\"elementor-icon-list-items elementor-inline-items\">\n\t\t\t\t\t\t\t<li class=\"elementor-icon-list-item elementor-inline-item\">\n\t\t\t\t\t\t\t\t\t\t\t<span class=\"elementor-icon-list-icon\">\n\t\t\t\t\t\t\t<i aria-hidden=\"true\" class=\"far fa-clock\"><\/i>\t\t\t\t\t\t<\/span>\n\t\t\t\t\t\t\t\t\t\t<span class=\"elementor-icon-list-text\">Fullday<\/span>\n\t\t\t\t\t\t\t\t\t<\/li>\n\t\t\t\t\t\t\t\t<li class=\"elementor-icon-list-item elementor-inline-item\">\n\t\t\t\t\t\t\t\t\t\t\t<span class=\"elementor-icon-list-icon\">\n\t\t\t\t\t\t\t<i aria-hidden=\"true\" class=\"fas fa-user\"><\/i>\t\t\t\t\t\t<\/span>\n\t\t\t\t\t\t\t\t\t\t<span class=\"elementor-icon-list-text\">Minimo 02 pasajeros<\/span>\n\t\t\t\t\t\t\t\t\t<\/li>\n\t\t\t\t\t\t\t\t<li class=\"elementor-icon-list-item elementor-inline-item\">\n\t\t\t\t\t\t\t\t\t\t\t<span class=\"elementor-icon-list-icon\">\n\t\t\t\t\t\t\t<i aria-hidden=\"true\" class=\"fas fa-map-marked-alt\"><\/i>\t\t\t\t\t\t<\/span>\n\t\t\t\t\t\t\t\t\t\t<span class=\"elementor-icon-list-text\">Torres del Paine<\/span>\n\t\t\t\t\t\t\t\t\t<\/li>\n\t\t\t\t\t\t<\/ul>\n\t\t\t\t\t\t<\/div>\n\t\t\t\t<\/div>\n\t\t\t\t<div class=\"elementor-element elementor-element-6927b8d2 elementor-tabs-view-horizontal elementor-widget elementor-widget-tabs\" data-id=\"6927b8d2\" data-element_type=\"widget\" data-e-type=\"widget\" data-widget_type=\"tabs.default\">\n\t\t\t\t<div class=\"elementor-widget-container\">\n\t\t\t\t\t\t\t<div class=\"elementor-tabs\">\n\t\t\t<div class=\"elementor-tabs-wrapper\" role=\"tablist\" >\n\t\t\t\t\t\t\t\t\t<div id=\"elementor-tab-title-1761\" class=\"elementor-tab-title elementor-tab-desktop-title\" aria-selected=\"true\" data-tab=\"1\" role=\"tab\" tabindex=\"0\" aria-controls=\"elementor-tab-content-1761\" aria-expanded=\"false\">DESCRIPCION<\/div>\n\t\t\t\t\t\t\t\t\t<div id=\"elementor-tab-title-1762\" class=\"elementor-tab-title elementor-tab-desktop-title\" aria-selected=\"false\" data-tab=\"2\" role=\"tab\" tabindex=\"-1\" aria-controls=\"elementor-tab-content-1762\" aria-expanded=\"false\">VIAJE INCLUYE<\/div>\n\t\t\t\t\t\t\t<\/div>\n\t\t\t<div class=\"elementor-tabs-content-wrapper\" role=\"tablist\" aria-orientation=\"vertical\">\n\t\t\t\t\t\t\t\t\t<div class=\"elementor-tab-title elementor-tab-mobile-title\" aria-selected=\"true\" data-tab=\"1\" role=\"tab\" tabindex=\"0\" aria-controls=\"elementor-tab-content-1761\" aria-expanded=\"false\">DESCRIPCION<\/div>\n\t\t\t\t\t<div id=\"elementor-tab-content-1761\" class=\"elementor-tab-content elementor-clearfix\" data-tab=\"1\" role=\"tabpanel\" aria-labelledby=\"elementor-tab-title-1761\" tabindex=\"0\" hidden=\"false\"><p><em>Recorre la bah\u00eda del lago Grey en el Parque Nacional Torres del Paine, disfruta de un paisaje maravilloso y una experiencia \u00fanica en las tierras m\u00e1s australes del mundo.<\/em><\/p><p><em>Ser\u00e1n recogidos en su hotel-hostal para trasladarnos hacia el Parque Nacional Torres del Paine,bah\u00eda del Lago Grey donde prepararemos nuestros equipos y recibir\u00e1n una charla d e seguridad para aclarar dudas, reforzar sus conocimientos en kayak, y sentirse m\u00e1s c\u00f3modos a la hora de remar. Remaremos en la bah\u00eda Lago Grey, por aproximadamente 1.5 horas, para tratar de avistar los icebergs que se desprenden del Glaciar Grey y por efecto del viento permanecen en esta peque\u00f1a Bah\u00eda. Esperamos nuestro momento de derretirse en el r\u00edo grey.<\/em><\/p><p><em>Despu\u00e9s de un snack y recobrar nuestras energ\u00edas nos prepararemos para la segunda secci\u00f3n de nuestra experiencia que es descender el Rio Grey. Remaremos por aproximadamente 1.5 horas hasta un puente con el mismo nombre. En nuestra traves\u00eda tendr\u00e1 una vista privilegiada de la impactante y majestuosa cordillera de Torres del Paine que incluye el imponente Paine Grande con 3.050 metros de altura.<\/em><\/p><p><em>A llegar al puente estar\u00e1 esperando nuestro transfer para conducirnos a nuestro delicioso y consistente almuerzo en el Restaurant Colono con uno de los mejores vistas del sector. Tras haber finalizado nuestro almuerzo nuestro transporte privado nos llevara de regreso a Puerto Natales.<\/em><\/p><p><em>\u00a0<\/em><\/p><\/div>\n\t\t\t\t\t\t\t\t\t<div class=\"elementor-tab-title elementor-tab-mobile-title\" aria-selected=\"false\" data-tab=\"2\" role=\"tab\" tabindex=\"-1\" aria-controls=\"elementor-tab-content-1762\" aria-expanded=\"false\">VIAJE INCLUYE<\/div>\n\t\t\t\t\t<div id=\"elementor-tab-content-1762\" class=\"elementor-tab-content elementor-clearfix\" data-tab=\"2\" role=\"tabpanel\" aria-labelledby=\"elementor-tab-title-1762\" tabindex=\"0\" hidden=\"hidden\"><ul><li><em>Seguro -transfer Privado (ida y regreso al hotel) \u2013 Equipo de comunicaci\u00f3n VHF \u2013 Botiqu\u00edn \u2013 Equipo Completo de Kayak \u2013 Gu\u00eda Biling\u00fce y experto en kayak- Snack- Entrada de kayak.<\/em><\/li><li><em>NO INCLUYE<\/em>:<em>Extras no estipulados en el programa \u2013 Seguro de ning\u00fan tipo -Entrada al Parque,Torres del Paine,La entrada del parque tiene una validez por 3 d\u00edas,el pasajero lo debe comprar directo desde el link <\/em><a href=\"https:\/\/www.aspticket.cl\/\"><em>https:\/\/www.aspticket.cl\/<\/em><\/a><\/li><li><em>Hora de recogida desde su hotel en Puerto Natales a las 06:00hrs,hora estimada de retorno a Puerto Natales a las 16:30hrs.Son aproximadamente 4 horas el tiempo total de navegaci\u00f3n\/remado en Kayak.<\/em><\/li><\/ul><\/div>\n\t\t\t\t\t\t\t<\/div>\n\t\t<\/div>\n\t\t\t\t\t\t<\/div>\n\t\t\t\t<\/div>\n\t\t\t\t<div class=\"elementor-element elementor-element-6d893329 elementor-widget elementor-widget-heading\" data-id=\"6d893329\" data-element_type=\"widget\" data-e-type=\"widget\" data-widget_type=\"heading.default\">\n\t\t\t\t<div class=\"elementor-widget-container\">\n\t\t\t\t\t<h4 class=\"elementor-heading-title elementor-size-default\">GALLERY \/ PHOTOS<\/h4>\t\t\t\t<\/div>\n\t\t\t\t<\/div>\n\t\t\t\t<div class=\"elementor-element elementor-element-314d44ec elementor-pagination-position-outside elementor-widget elementor-widget-image-carousel\" data-id=\"314d44ec\" data-element_type=\"widget\" data-e-type=\"widget\" data-settings=\"{&quot;slides_to_show&quot;:&quot;2&quot;,&quot;slides_to_show_tablet&quot;:&quot;3&quot;,&quot;navigation&quot;:&quot;dots&quot;,&quot;image_spacing_custom&quot;:{&quot;unit&quot;:&quot;px&quot;,&quot;size&quot;:15,&quot;sizes&quot;:[]},&quot;autoplay&quot;:&quot;yes&quot;,&quot;pause_on_hover&quot;:&quot;yes&quot;,&quot;pause_on_interaction&quot;:&quot;yes&quot;,&quot;autoplay_speed&quot;:5000,&quot;infinite&quot;:&quot;yes&quot;,&quot;speed&quot;:500,&quot;image_spacing_custom_tablet&quot;:{&quot;unit&quot;:&quot;px&quot;,&quot;size&quot;:&quot;&quot;,&quot;sizes&quot;:[]},&quot;image_spacing_custom_mobile&quot;:{&quot;unit&quot;:&quot;px&quot;,&quot;size&quot;:&quot;&quot;,&quot;sizes&quot;:[]}}\" data-widget_type=\"image-carousel.default\">\n\t\t\t\t<div class=\"elementor-widget-container\">\n\t\t\t\t\t\t\t<div class=\"elementor-image-carousel-wrapper swiper\" role=\"region\" aria-roledescription=\"carousel\" aria-label=\"Carrusel de im\u00e1genes\" dir=\"ltr\">\n\t\t\t<div class=\"elementor-image-carousel swiper-wrapper swiper-image-stretch\" aria-live=\"off\">\n\t\t\t\t\t\t\t\t<div class=\"swiper-slide\" role=\"group\" aria-roledescription=\"slide\" aria-label=\"1 de 5\"><figure class=\"swiper-slide-inner\"><img decoding=\"async\" class=\"swiper-slide-image\" src=\"https:\/\/tupatu.cl\/wp-content\/uploads\/2023\/06\/EP02.jpg\" alt=\"EP02\" \/><\/figure><\/div><div class=\"swiper-slide\" role=\"group\" aria-roledescription=\"slide\" aria-label=\"2 de 5\"><figure class=\"swiper-slide-inner\"><img decoding=\"async\" class=\"swiper-slide-image\" src=\"https:\/\/tupatu.cl\/wp-content\/uploads\/2023\/06\/EP03.jpg\" alt=\"EP03\" \/><\/figure><\/div><div class=\"swiper-slide\" role=\"group\" aria-roledescription=\"slide\" aria-label=\"3 de 5\"><figure class=\"swiper-slide-inner\"><img decoding=\"async\" class=\"swiper-slide-image\" src=\"https:\/\/tupatu.cl\/wp-content\/uploads\/2023\/06\/EP07.jpg\" alt=\"EP07\" \/><\/figure><\/div><div class=\"swiper-slide\" role=\"group\" aria-roledescription=\"slide\" aria-label=\"4 de 5\"><figure class=\"swiper-slide-inner\"><img decoding=\"async\" class=\"swiper-slide-image\" src=\"https:\/\/tupatu.cl\/wp-content\/uploads\/2023\/06\/EP06-1.jpg\" alt=\"EP06\" \/><\/figure><\/div><div class=\"swiper-slide\" role=\"group\" aria-roledescription=\"slide\" aria-label=\"5 de 5\"><figure class=\"swiper-slide-inner\"><img decoding=\"async\" class=\"swiper-slide-image\" src=\"https:\/\/tupatu.cl\/wp-content\/uploads\/2023\/06\/EP08.jpg\" alt=\"EP08\" \/><\/figure><\/div>\t\t\t<\/div>\n\t\t\t\t\t\t\t\n\t\t\t\t\t\t\t\t\t<div class=\"swiper-pagination\"><\/div>\n\t\t\t\t\t\t\t\t\t<\/div>\n\t\t\t\t\t\t<\/div>\n\t\t\t\t<\/div>\n\t\t\t\t\t<\/div>\n\t\t<\/div>\n\t\t\t\t\t<\/div>\n\t\t<\/section>\n\t\t\t\t\t<\/div>\n\t\t<\/div>\n\t\t\t\t<div class=\"elementor-column elementor-col-50 elementor-top-column elementor-element elementor-element-411f9ea4\" data-id=\"411f9ea4\" data-element_type=\"column\" data-e-type=\"column\">\n\t\t\t<div class=\"elementor-widget-wrap elementor-element-populated\">\n\t\t\t\t\t\t<section class=\"elementor-section elementor-inner-section elementor-element elementor-element-2b0eab6c elementor-section-boxed elementor-section-height-default elementor-section-height-default\" data-id=\"2b0eab6c\" data-element_type=\"section\" data-e-type=\"section\" data-settings=\"{&quot;background_background&quot;:&quot;classic&quot;}\">\n\t\t\t\t\t\t<div class=\"elementor-container elementor-column-gap-no\">\n\t\t\t\t\t<div class=\"elementor-column elementor-col-100 elementor-inner-column elementor-element elementor-element-6e2b739e\" data-id=\"6e2b739e\" data-element_type=\"column\" data-e-type=\"column\" data-settings=\"{&quot;background_background&quot;:&quot;classic&quot;}\">\n\t\t\t<div class=\"elementor-widget-wrap elementor-element-populated\">\n\t\t\t\t\t\t<div class=\"elementor-element elementor-element-4596f7ee elementor-widget elementor-widget-elementskit-heading\" data-id=\"4596f7ee\" data-element_type=\"widget\" data-e-type=\"widget\" data-widget_type=\"elementskit-heading.default\">\n\t\t\t\t<div class=\"elementor-widget-container\">\n\t\t\t\t\t<div class=\"ekit-wid-con\" ><div class=\"ekit-heading elementskit-section-title-wraper text_center   ekit_heading_tablet-   ekit_heading_mobile-\"><h5 class=\"ekit-heading--title elementskit-section-title \"><span><span>$210 USD por persona<\/h5><\/div><\/div>\t\t\t\t<\/div>\n\t\t\t\t<\/div>\n\t\t\t\t<div class=\"elementor-element elementor-element-613b95ac elementor-star-rating--align-center elementor--star-style-star_fontawesome elementor-widget elementor-widget-star-rating\" data-id=\"613b95ac\" data-element_type=\"widget\" data-e-type=\"widget\" data-widget_type=\"star-rating.default\">\n\t\t\t\t<div class=\"elementor-widget-container\">\n\t\t\t\t\t\t\t<div class=\"elementor-star-rating__wrapper\">\n\t\t\t\t\t\t<div class=\"elementor-star-rating\" itemtype=\"http:\/\/schema.org\/Rating\" itemscope=\"\" itemprop=\"reviewRating\">\n\t\t\t\t<i class=\"elementor-star-full\" aria-hidden=\"true\">&#xE933;<\/i><i class=\"elementor-star-full\" aria-hidden=\"true\">&#xE933;<\/i><i class=\"elementor-star-full\" aria-hidden=\"true\">&#xE933;<\/i><i class=\"elementor-star-full\" aria-hidden=\"true\">&#xE933;<\/i><i class=\"elementor-star-5\" aria-hidden=\"true\">&#xE933;<\/i>\t\t\t\t<span itemprop=\"ratingValue\" class=\"elementor-screen-only\">Valorado con 4.5 de 5<\/span>\n\t\t\t<\/div>\n\t\t<\/div>\n\t\t\t\t\t\t<\/div>\n\t\t\t\t<\/div>\n\t\t\t\t\t<\/div>\n\t\t<\/div>\n\t\t\t\t\t<\/div>\n\t\t<\/section>\n\t\t\t\t<section class=\"elementor-section elementor-inner-section elementor-element elementor-element-33d6580 elementor-section-boxed elementor-section-height-default elementor-section-height-default\" data-id=\"33d6580\" data-element_type=\"section\" data-e-type=\"section\">\n\t\t\t\t\t\t<div class=\"elementor-container elementor-column-gap-default\">\n\t\t\t\t\t<div class=\"elementor-column elementor-col-100 elementor-inner-column elementor-element elementor-element-30a7e920\" data-id=\"30a7e920\" data-element_type=\"column\" data-e-type=\"column\">\n\t\t\t<div class=\"elementor-widget-wrap elementor-element-populated\">\n\t\t\t\t\t\t<div class=\"elementor-element elementor-element-4f3f048e elementor-widget elementor-widget-google_maps\" data-id=\"4f3f048e\" data-element_type=\"widget\" data-e-type=\"widget\" data-widget_type=\"google_maps.default\">\n\t\t\t\t<div class=\"elementor-widget-container\">\n\t\t\t\t\t\t\t<div class=\"elementor-custom-embed\">\n\t\t\t<iframe loading=\"lazy\"\n\t\t\t\t\tsrc=\"https:\/\/maps.google.com\/maps?q=Lago%20grey%20torres%20del%20paine&#038;t=m&#038;z=10&#038;output=embed&#038;iwloc=near\"\n\t\t\t\t\ttitle=\"Lago grey torres del paine\"\n\t\t\t\t\taria-label=\"Lago grey torres del paine\"\n\t\t\t><\/iframe>\n\t\t<\/div>\n\t\t\t\t\t\t<\/div>\n\t\t\t\t<\/div>\n\t\t\t\t\t<\/div>\n\t\t<\/div>\n\t\t\t\t\t<\/div>\n\t\t<\/section>\n\t\t\t\t\t<\/div>\n\t\t<\/div>\n\t\t\t\t\t<\/div>\n\t\t<\/section>\n\t\t\t\t<\/div>\n\t\t","protected":false},"excerpt":{"rendered":"<p>FULLDAY KAYAK TORRES DEL PAINE,LAGO GREY. Fullday Minimo 02 pasajeros Torres del Paine DESCRIPCION VIAJE INCLUYE DESCRIPCION Recorre la bah\u00eda del lago Grey en el Parque Nacional Torres del Paine, disfruta de un paisaje maravilloso y una experiencia \u00fanica en las tierras m\u00e1s australes del mundo. Ser\u00e1n recogidos en su hotel-hostal para trasladarnos hacia el [&hellip;]<\/p>\n","protected":false},"author":1,"featured_media":0,"parent":0,"menu_order":0,"comment_status":"closed","ping_status":"closed","template":"","meta":{"footnotes":""},"class_list":["post-1377","page","type-page","status-publish","hentry"],"_links":{"self":[{"href":"https:\/\/tupatu.cl\/index.php\/wp-json\/wp\/v2\/pages\/1377","targetHints":{"allow":["GET"]}}],"collection":[{"href":"https:\/\/tupatu.cl\/index.php\/wp-json\/wp\/v2\/pages"}],"about":[{"href":"https:\/\/tupatu.cl\/index.php\/wp-json\/wp\/v2\/types\/page"}],"author":[{"embeddable":true,"href":"https:\/\/tupatu.cl\/index.php\/wp-json\/wp\/v2\/users\/1"}],"replies":[{"embeddable":true,"href":"https:\/\/tupatu.cl\/index.php\/wp-json\/wp\/v2\/comments?post=1377"}],"version-history":[{"count":22,"href":"https:\/\/tupatu.cl\/index.php\/wp-json\/wp\/v2\/pages\/1377\/revisions"}],"predecessor-version":[{"id":1871,"href":"https:\/\/tupatu.cl\/index.php\/wp-json\/wp\/v2\/pages\/1377\/revisions\/1871"}],"wp:attachment":[{"href":"https:\/\/tupatu.cl\/index.php\/wp-json\/wp\/v2\/media?parent=1377"}],"curies":[{"name":"wp","href":"https:\/\/api.w.org\/{rel}","templated":true}]}}