{"id":1982,"date":"2023-07-08T11:29:16","date_gmt":"2023-07-08T11:29:16","guid":{"rendered":"https:\/\/tupatu.cl\/?page_id=1982"},"modified":"2023-07-08T14:21:34","modified_gmt":"2023-07-08T14:21:34","slug":"antarctica-express-air-cruise","status":"publish","type":"page","link":"https:\/\/tupatu.cl\/index.php\/antarctica-express-air-cruise\/","title":{"rendered":"ANTARCTICA EXPRESS AIR CRUISE"},"content":{"rendered":"\t\t<div data-elementor-type=\"wp-page\" data-elementor-id=\"1982\" class=\"elementor elementor-1982\" data-elementor-post-type=\"page\">\n\t\t\t\t\t\t<section class=\"elementor-section elementor-top-section elementor-element elementor-element-13a70a8c elementor-section-boxed elementor-section-height-default elementor-section-height-default\" data-id=\"13a70a8c\" data-element_type=\"section\" data-e-type=\"section\" data-settings=\"{&quot;background_background&quot;:&quot;classic&quot;}\">\n\t\t\t\t\t\t<div class=\"elementor-container elementor-column-gap-default\">\n\t\t\t\t\t<div class=\"elementor-column elementor-col-100 elementor-top-column elementor-element elementor-element-1e5943e0\" data-id=\"1e5943e0\" data-element_type=\"column\" data-e-type=\"column\">\n\t\t\t<div class=\"elementor-widget-wrap elementor-element-populated\">\n\t\t\t\t\t\t<div class=\"elementor-element elementor-element-36fdb16e elementor-widget elementor-widget-spacer\" data-id=\"36fdb16e\" data-element_type=\"widget\" data-e-type=\"widget\" data-widget_type=\"spacer.default\">\n\t\t\t\t<div class=\"elementor-widget-container\">\n\t\t\t\t\t\t\t<div class=\"elementor-spacer\">\n\t\t\t<div class=\"elementor-spacer-inner\"><\/div>\n\t\t<\/div>\n\t\t\t\t\t\t<\/div>\n\t\t\t\t<\/div>\n\t\t\t\t\t<\/div>\n\t\t<\/div>\n\t\t\t\t\t<\/div>\n\t\t<\/section>\n\t\t\t\t<section class=\"elementor-section elementor-top-section elementor-element elementor-element-329c9ec9 elementor-section-boxed elementor-section-height-default elementor-section-height-default\" data-id=\"329c9ec9\" data-element_type=\"section\" data-e-type=\"section\">\n\t\t\t\t\t\t<div class=\"elementor-container elementor-column-gap-no\">\n\t\t\t\t\t<div class=\"elementor-column elementor-col-50 elementor-top-column elementor-element elementor-element-170461d2\" data-id=\"170461d2\" data-element_type=\"column\" data-e-type=\"column\">\n\t\t\t<div class=\"elementor-widget-wrap elementor-element-populated\">\n\t\t\t\t\t\t<section class=\"elementor-section elementor-inner-section elementor-element elementor-element-6f07537 elementor-section-boxed elementor-section-height-default elementor-section-height-default\" data-id=\"6f07537\" data-element_type=\"section\" data-e-type=\"section\">\n\t\t\t\t\t\t<div class=\"elementor-container elementor-column-gap-no\">\n\t\t\t\t\t<div class=\"elementor-column elementor-col-100 elementor-inner-column elementor-element elementor-element-36817aef\" data-id=\"36817aef\" data-element_type=\"column\" data-e-type=\"column\">\n\t\t\t<div class=\"elementor-widget-wrap elementor-element-populated\">\n\t\t\t\t\t\t<div class=\"elementor-element elementor-element-349c0c61 elementor-widget elementor-widget-heading\" data-id=\"349c0c61\" data-element_type=\"widget\" data-e-type=\"widget\" data-widget_type=\"heading.default\">\n\t\t\t\t<div class=\"elementor-widget-container\">\n\t\t\t\t\t<h2 class=\"elementor-heading-title elementor-size-default\">ALL INCLUSIVE ANTARCTICA<\/h2>\t\t\t\t<\/div>\n\t\t\t\t<\/div>\n\t\t\t\t<div class=\"elementor-element elementor-element-1ec013ee elementor-widget elementor-widget-image\" data-id=\"1ec013ee\" data-element_type=\"widget\" data-e-type=\"widget\" data-widget_type=\"image.default\">\n\t\t\t\t<div class=\"elementor-widget-container\">\n\t\t\t\t\t\t\t\t\t\t\t\t\t\t\t<img fetchpriority=\"high\" decoding=\"async\" width=\"800\" height=\"534\" src=\"https:\/\/tupatu.cl\/wp-content\/uploads\/2023\/07\/OCEAN-NOVA-07-1024x683.jpg\" class=\"attachment-large size-large wp-image-1988\" alt=\"\" srcset=\"https:\/\/tupatu.cl\/wp-content\/uploads\/2023\/07\/OCEAN-NOVA-07-1024x683.jpg 1024w, https:\/\/tupatu.cl\/wp-content\/uploads\/2023\/07\/OCEAN-NOVA-07-300x200.jpg 300w, https:\/\/tupatu.cl\/wp-content\/uploads\/2023\/07\/OCEAN-NOVA-07-768x512.jpg 768w, https:\/\/tupatu.cl\/wp-content\/uploads\/2023\/07\/OCEAN-NOVA-07-1536x1024.jpg 1536w, https:\/\/tupatu.cl\/wp-content\/uploads\/2023\/07\/OCEAN-NOVA-07-2048x1365.jpg 2048w, https:\/\/tupatu.cl\/wp-content\/uploads\/2023\/07\/OCEAN-NOVA-07-600x400.jpg 600w\" sizes=\"(max-width: 800px) 100vw, 800px\" \/>\t\t\t\t\t\t\t\t\t\t\t\t\t\t\t<\/div>\n\t\t\t\t<\/div>\n\t\t\t\t<div class=\"elementor-element elementor-element-347e6b59 elementor-align-center elementor-icon-list--layout-inline elementor-list-item-link-full_width elementor-widget elementor-widget-icon-list\" data-id=\"347e6b59\" data-element_type=\"widget\" data-e-type=\"widget\" data-widget_type=\"icon-list.default\">\n\t\t\t\t<div class=\"elementor-widget-container\">\n\t\t\t\t\t\t\t<ul class=\"elementor-icon-list-items elementor-inline-items\">\n\t\t\t\t\t\t\t<li class=\"elementor-icon-list-item elementor-inline-item\">\n\t\t\t\t\t\t\t\t\t\t\t<span class=\"elementor-icon-list-icon\">\n\t\t\t\t\t\t\t<i aria-hidden=\"true\" class=\"far fa-clock\"><\/i>\t\t\t\t\t\t<\/span>\n\t\t\t\t\t\t\t\t\t\t<span class=\"elementor-icon-list-text\">6 dias \/ 5 noches<\/span>\n\t\t\t\t\t\t\t\t\t<\/li>\n\t\t\t\t\t\t\t\t<li class=\"elementor-icon-list-item elementor-inline-item\">\n\t\t\t\t\t\t\t\t\t\t\t<span class=\"elementor-icon-list-icon\">\n\t\t\t\t\t\t\t<i aria-hidden=\"true\" class=\"fas fa-user\"><\/i>\t\t\t\t\t\t<\/span>\n\t\t\t\t\t\t\t\t\t\t<span class=\"elementor-icon-list-text\">personas:2<\/span>\n\t\t\t\t\t\t\t\t\t<\/li>\n\t\t\t\t\t\t\t\t<li class=\"elementor-icon-list-item elementor-inline-item\">\n\t\t\t\t\t\t\t\t\t\t\t<span class=\"elementor-icon-list-icon\">\n\t\t\t\t\t\t\t<i aria-hidden=\"true\" class=\"fas fa-map-marked-alt\"><\/i>\t\t\t\t\t\t<\/span>\n\t\t\t\t\t\t\t\t\t\t<span class=\"elementor-icon-list-text\">Antarctica<\/span>\n\t\t\t\t\t\t\t\t\t<\/li>\n\t\t\t\t\t\t<\/ul>\n\t\t\t\t\t\t<\/div>\n\t\t\t\t<\/div>\n\t\t\t\t<div class=\"elementor-element elementor-element-f1143fa elementor-tabs-view-horizontal elementor-widget elementor-widget-tabs\" data-id=\"f1143fa\" data-element_type=\"widget\" data-e-type=\"widget\" data-widget_type=\"tabs.default\">\n\t\t\t\t<div class=\"elementor-widget-container\">\n\t\t\t\t\t\t\t<div class=\"elementor-tabs\">\n\t\t\t<div class=\"elementor-tabs-wrapper\" role=\"tablist\" >\n\t\t\t\t\t\t\t\t\t<div id=\"elementor-tab-title-2521\" class=\"elementor-tab-title elementor-tab-desktop-title\" aria-selected=\"true\" data-tab=\"1\" role=\"tab\" tabindex=\"0\" aria-controls=\"elementor-tab-content-2521\" aria-expanded=\"false\">DESCRIPCION<\/div>\n\t\t\t\t\t\t\t\t\t<div id=\"elementor-tab-title-2522\" class=\"elementor-tab-title elementor-tab-desktop-title\" aria-selected=\"false\" data-tab=\"2\" role=\"tab\" tabindex=\"-1\" aria-controls=\"elementor-tab-content-2522\" aria-expanded=\"false\">PROGRAMA<\/div>\n\t\t\t\t\t\t\t\t\t<div id=\"elementor-tab-title-2523\" class=\"elementor-tab-title elementor-tab-desktop-title\" aria-selected=\"false\" data-tab=\"3\" role=\"tab\" tabindex=\"-1\" aria-controls=\"elementor-tab-content-2523\" aria-expanded=\"false\">VIAJE INCLUYE <\/div>\n\t\t\t\t\t\t\t<\/div>\n\t\t\t<div class=\"elementor-tabs-content-wrapper\" role=\"tablist\" aria-orientation=\"vertical\">\n\t\t\t\t\t\t\t\t\t<div class=\"elementor-tab-title elementor-tab-mobile-title\" aria-selected=\"true\" data-tab=\"1\" role=\"tab\" tabindex=\"0\" aria-controls=\"elementor-tab-content-2521\" aria-expanded=\"false\">DESCRIPCION<\/div>\n\t\t\t\t\t<div id=\"elementor-tab-content-2521\" class=\"elementor-tab-content elementor-clearfix\" data-tab=\"1\" role=\"tabpanel\" aria-labelledby=\"elementor-tab-title-2521\" tabindex=\"0\" hidden=\"false\"><p>Aero Crucero\u00a0 en sistema todo incluido (Desayuno,almuerzo,cena,actividades a bordo y excursiones diarias desde el barco).<\/p><p>A\u00fan existe un rinc\u00f3n de la Tierra que permanece<br \/>pr\u00e1cticamente intacto. Todo un continente de paisajes<br \/>azotados por el viento, cumbres cubiertas de nieve y<br \/>un vac\u00edo inquietante que se extiende hasta el lejano<br \/>horizonte. Un lugar donde el hielo adquiere tonalidades<br \/>de un turquesa y azul iridiscente tan surrealista que<br \/>usted siente que ha entrado en un mundo de sue\u00f1os,<br \/>donde al buscar palabras para describir su sensaci\u00f3n<br \/>de asombro, se dar\u00e1 cuenta de que ninguna captura la<br \/>experiencia de estar all\u00ed.<\/p><p><strong>Paisaje<\/strong><br \/>Un continente que contiene el 90% del hielo del<br \/>planeta, la Ant\u00e1rtica asombra a los visitantes con<br \/>su imponente belleza. Contemple bah\u00edas pac\u00edficas<br \/>salpicadas de colosales icebergs; navegue a trav\u00e9s<br \/>de profundos fiordos y observe enormes glaciares;<br \/>marav\u00edllese ante afiladas cumbres nevadas que<br \/>emergen del mar.<br \/><strong>Aventura<\/strong><br \/>Sienta el roc\u00edo del agua de mar en sus mejillas mientras<br \/>navega en un bote Zodiac hacia la costa. Siga los pasos<br \/>de los primeros exploradores caminando por el suelo<br \/>ant\u00e1rtico. \u00danase a nuestros programas opcionales de<br \/>Kayak, Senderismo y Raquetas de Nieve.<br \/>Fauna Silvestre<br \/>Ping\u00fcinos, ballenas, focas y aves marinas se congregan<br \/>en la Ant\u00e1rtica y Georgia del Sur durante el verano<br \/>austral. Usted podr\u00e1 acercarse a su mundo e inspirarse<br \/>para sus fotograf\u00edas.<br \/><strong>Memorias<\/strong><br \/>Poner un pie en el s\u00e9ptimo continente es un privilegio<br \/>y un honor. Llevar\u00e1 a su casa historias indelebles, y<br \/>su viaje despertar\u00e1 la curiosidad y admiraci\u00f3n de sus<br \/>amigos y familiares.<\/p><\/div>\n\t\t\t\t\t\t\t\t\t<div class=\"elementor-tab-title elementor-tab-mobile-title\" aria-selected=\"false\" data-tab=\"2\" role=\"tab\" tabindex=\"-1\" aria-controls=\"elementor-tab-content-2522\" aria-expanded=\"false\">PROGRAMA<\/div>\n\t\t\t\t\t<div id=\"elementor-tab-content-2522\" class=\"elementor-tab-content elementor-clearfix\" data-tab=\"2\" role=\"tabpanel\" aria-labelledby=\"elementor-tab-title-2522\" tabindex=\"0\" hidden=\"hidden\"><p style=\"text-align: left;\"><strong>D\u00eda 1 \/ Inicio del aero-crucero:<\/strong>Su viaje comienza en el muelle de Ushuaia,<br \/>Argentina. Por la tarde suba a bordo de su barco<br \/>y navegue a lo largo del canal Beagle hacia Puerto<br \/>Williams, Chile, la ciudad m\u00e1s meridional del<br \/>mundo. Explore los alrededores antes de partir<br \/>hacia el Cabo de Hornos. <br \/><br \/><strong>D\u00eda 2 \/ Cabo de Hornos y Pasaje de Drake:<\/strong>Luego de cruzar la Bah\u00eda Nassau durante la noche,despierte frente a la vista del legendario Cabo de Hornos. Si el clima lo permite, suba abordo de un bote Zodiac y sea uno de los pocos viajeros privilegiados en pisar esta famosa y poco visitada isla.De vuelta a bordo, navegue hacia la Ant\u00e1rtica y cruce el famoso pasaje nombrado en honor a Sir Francis Drake, el gran explorador brit\u00e1nico del siglo XVI. <br \/><br \/><strong>D\u00eda 3 \/ Pasaje de Drake:<\/strong>Mientras navega por el Pasaje de Drake en ruta<br \/>hacia la Isla Rey Jorge, ubicada en las Islas Shetland del Sur, asista a un interesante programa de charlas y presentaciones. En compa\u00f1\u00eda de nuestros gu\u00edas expertos, observe la fauna desde el lounge o desde las cubiertas exteriores. Es posible observar magn\u00edficas aves marinas, como albatros y petreles,as\u00ed como diferentes especies de ballenas en su traves\u00eda al sur en direcci\u00f3n a la Ant\u00e1rtica.<br \/><br \/><strong>D\u00eda 4 \/ Mar de Drake y Ant\u00e1rtica:<\/strong>Despu\u00e9s de cruzar la Convergencia Ant\u00e1rtica, el<br \/>paisaje cambia notablemente. Mantenga su c\u00e1mara preparada, ya que \u00e9ste es el momento de observar por primera vez los icebergs y la tierra ant\u00e1rtica.Llegando a las Islas Shetland del Sur, navegue por bah\u00edas repletas de hielo, mientras disfruta de la compa\u00f1\u00eda de aves marinas, ping\u00fcinos, focas y ballenas. Embarque en un z\u00f3diac para su primer encuentro memorable con la costa, visitando una colonia de ping\u00fcinos. La exploraci\u00f3n continuar\u00e1 hasta tarde,aprovechando a la interminable luz deld\u00eda en la Ant\u00e1rtica.<br \/><br \/><strong>D\u00eda 5 \/ Ant\u00e1rtica y vuelo de<\/strong><br \/><strong>regreso programado:<\/strong>Al llegar a la Isla Rey Jorge,desembarque en la Bah\u00eda Fildes.<br \/>Una caminata de 2 km (1.25millas) lo lleva a trav\u00e9s de la base Chilena Frei y la base Rusa<br \/>Bellingshausen hasta el avi\u00f3n.Desp\u00eddase de la Ant\u00e1rtica antes abordar en el vuelo que lo llevar\u00e1 de regreso a Punta Arenas. Tras su llegada, ser\u00e1 trasladado a su hotel para pasar la noche. (Nota: Las comidas en Punta Arenas son por su cuenta y no est\u00e1n incluidas en el programa)<br \/><br \/><strong>D\u00eda 6 \/ Fin del aero-crucero:<\/strong>Despu\u00e9s del desayuno, traslado al aeropuerto<br \/>de Punta Arenas para su vuelo de regreso.<\/p><\/div>\n\t\t\t\t\t\t\t\t\t<div class=\"elementor-tab-title elementor-tab-mobile-title\" aria-selected=\"false\" data-tab=\"3\" role=\"tab\" tabindex=\"-1\" aria-controls=\"elementor-tab-content-2523\" aria-expanded=\"false\">VIAJE INCLUYE <\/div>\n\t\t\t\t\t<div id=\"elementor-tab-content-2523\" class=\"elementor-tab-content elementor-clearfix\" data-tab=\"3\" role=\"tabpanel\" aria-labelledby=\"elementor-tab-title-2523\" tabindex=\"0\" hidden=\"hidden\"><p><strong>Incluido en la tarifa:<\/strong><br \/>\u00b7 Para aero-cruceros que comienzan en Punta Arenas, traslados compartidos aeropuerto\/hotel<br \/>el d\u00eda 1.Para aero-cruceros que comienzan en Punta Arenas, una noche de alojamiento con desayuno en el Hotel Cabo de Hornos o similar, con una cena de bienvenida que incluye bebidas el d\u00eda 1.Una noche de alojamiento con desayuno en Punta Arenas en el Hotel Cabo de Hornos o similar el d\u00eda del vuelo de regreso programado desde la Ant\u00e1rtica.<br \/>Para aero-cruceros que comienzan en Punta Arenas,disfrute de acceso exclusivo a la Explorers House.Traslados compartidos aeropuerto\/hotel el d\u00eda delvuelo de regreso programado desde la Ant\u00e1rtica, y traslados compartidos hotel\/aeropuerto el \u00faltimo d\u00eda del aero-crucero.<br \/>\u00b7 Vuelo desde Punta Arenas a la Base Frei en la Isla Rey Jorge y\/o viceversa, seg\u00fan lo indicado en el programa correspondiente a cada viaje.Crucero mar\u00edtimo a lo largo de la Pen\u00ednsula<br \/>Ant\u00e1rtica seg\u00fan indicado en el programa.A bordo, desayunos y almuerzos diarios tipo buffet, con amplia variedad de platos.Cena servida a bordo diariamente, ofreciendo una selecci\u00f3n de tres platos principales. A bordo del barco, con el almuerzo y la cena, se sirve vino, cerveza, jugo y sodas.A bordo del barco se sirve caf\u00e9, t\u00e9,chocolate, cappuccino, agua y snacks durante toda la expedici\u00f3n.Todas las excursiones guiadas. Charlas y entretenimiento a bordo.Entrega de material informativo referentes a aspectos preliminares y posteriores al viaje.Pr\u00e9stamo de botas impermeables para los desembarcos en la Ant\u00e1rtica.Plan de contingencia.<\/p><p><strong>No incluido en la tarifa:<\/strong><br \/>Cualquier \u00edtem que no est\u00e9 espec\u00edficamente indicada en la secci\u00f3n \u00abIncluido en la tarifa\u00bb. Por ejemplo:Alojamiento, comidas, excursiones y traslados no incluidos en el itinerario y el plan de<br \/>contingencia correspondiente a cada viaje.Espec\u00edficamente no est\u00e1 incluida la cena en Punta<br \/>Arenas al regreso de la Ant\u00e1rtica.Bebidas compradas en el bar del barco.Conexi\u00f3n a internet a bordo del barco.Seguros de viaje personal.Gastos adicionales (comunicaci\u00f3n, lavander\u00eda,<br \/>souvenirs, etc.).Propinas.Visas para Chile y\/o Argentina, gastos de pasaporte y cualquier impuesto de llegada y\/o salida, si aplica.<\/p><\/div>\n\t\t\t\t\t\t\t<\/div>\n\t\t<\/div>\n\t\t\t\t\t\t<\/div>\n\t\t\t\t<\/div>\n\t\t\t\t<div class=\"elementor-element elementor-element-30d0a305 elementor-widget elementor-widget-heading\" data-id=\"30d0a305\" data-element_type=\"widget\" data-e-type=\"widget\" data-widget_type=\"heading.default\">\n\t\t\t\t<div class=\"elementor-widget-container\">\n\t\t\t\t\t<h4 class=\"elementor-heading-title elementor-size-default\">GALLERY \/ PHOTOS<\/h4>\t\t\t\t<\/div>\n\t\t\t\t<\/div>\n\t\t\t\t<div class=\"elementor-element elementor-element-52920fa0 elementor-pagination-position-outside elementor-widget elementor-widget-image-carousel\" data-id=\"52920fa0\" data-element_type=\"widget\" data-e-type=\"widget\" data-settings=\"{&quot;slides_to_show&quot;:&quot;2&quot;,&quot;slides_to_show_tablet&quot;:&quot;3&quot;,&quot;navigation&quot;:&quot;dots&quot;,&quot;image_spacing_custom&quot;:{&quot;unit&quot;:&quot;px&quot;,&quot;size&quot;:15,&quot;sizes&quot;:[]},&quot;autoplay&quot;:&quot;yes&quot;,&quot;pause_on_hover&quot;:&quot;yes&quot;,&quot;pause_on_interaction&quot;:&quot;yes&quot;,&quot;autoplay_speed&quot;:5000,&quot;infinite&quot;:&quot;yes&quot;,&quot;speed&quot;:500,&quot;image_spacing_custom_tablet&quot;:{&quot;unit&quot;:&quot;px&quot;,&quot;size&quot;:&quot;&quot;,&quot;sizes&quot;:[]},&quot;image_spacing_custom_mobile&quot;:{&quot;unit&quot;:&quot;px&quot;,&quot;size&quot;:&quot;&quot;,&quot;sizes&quot;:[]}}\" data-widget_type=\"image-carousel.default\">\n\t\t\t\t<div class=\"elementor-widget-container\">\n\t\t\t\t\t\t\t<div class=\"elementor-image-carousel-wrapper swiper\" role=\"region\" aria-roledescription=\"carousel\" aria-label=\"Carrusel de im\u00e1genes\" dir=\"ltr\">\n\t\t\t<div class=\"elementor-image-carousel swiper-wrapper swiper-image-stretch\" aria-live=\"off\">\n\t\t\t\t\t\t\t\t<div class=\"swiper-slide\" role=\"group\" aria-roledescription=\"slide\" aria-label=\"1 de 7\"><figure class=\"swiper-slide-inner\"><img decoding=\"async\" class=\"swiper-slide-image\" src=\"https:\/\/tupatu.cl\/wp-content\/uploads\/2023\/07\/OCEAN-NOVA-CRUISE-01-1-scaled.jpg\" alt=\"OCEAN NOVA CRUISE 01\" \/><\/figure><\/div><div class=\"swiper-slide\" role=\"group\" aria-roledescription=\"slide\" aria-label=\"2 de 7\"><figure class=\"swiper-slide-inner\"><img decoding=\"async\" class=\"swiper-slide-image\" src=\"https:\/\/tupatu.cl\/wp-content\/uploads\/2023\/07\/OCENA-NOVA-02-scaled.jpg\" alt=\"OCENA NOVA 02\" \/><\/figure><\/div><div class=\"swiper-slide\" role=\"group\" aria-roledescription=\"slide\" aria-label=\"3 de 7\"><figure class=\"swiper-slide-inner\"><img decoding=\"async\" class=\"swiper-slide-image\" src=\"https:\/\/tupatu.cl\/wp-content\/uploads\/2023\/07\/OCEAN-NOVA-03.jpg\" alt=\"AXXI_PC1-1415_Nicolas Gildemeister_NGB1939_1.jpg\" \/><\/figure><\/div><div class=\"swiper-slide\" role=\"group\" aria-roledescription=\"slide\" aria-label=\"4 de 7\"><figure class=\"swiper-slide-inner\"><img decoding=\"async\" class=\"swiper-slide-image\" src=\"https:\/\/tupatu.cl\/wp-content\/uploads\/2023\/07\/OCEAN-NOVA-04.jpg\" alt=\"AXXI_PC1-1415_Nicolas Gildemeister_NGB1038.jpg\" \/><\/figure><\/div><div class=\"swiper-slide\" role=\"group\" aria-roledescription=\"slide\" aria-label=\"5 de 7\"><figure class=\"swiper-slide-inner\"><img decoding=\"async\" class=\"swiper-slide-image\" src=\"https:\/\/tupatu.cl\/wp-content\/uploads\/2023\/07\/OCEAN-NOVA-05.jpg\" alt=\"AXXI_PC1-1415_Nicolas Gildemeister_NGB0536.jpg\" \/><\/figure><\/div><div class=\"swiper-slide\" role=\"group\" aria-roledescription=\"slide\" aria-label=\"6 de 7\"><figure class=\"swiper-slide-inner\"><img decoding=\"async\" class=\"swiper-slide-image\" src=\"https:\/\/tupatu.cl\/wp-content\/uploads\/2023\/07\/OCEAN-NOVA-05-1.jpg\" alt=\"AXXI_PC1-1415_Nicolas Gildemeister_NGB0536.jpg\" \/><\/figure><\/div><div class=\"swiper-slide\" role=\"group\" aria-roledescription=\"slide\" aria-label=\"7 de 7\"><figure class=\"swiper-slide-inner\"><img decoding=\"async\" class=\"swiper-slide-image\" src=\"https:\/\/tupatu.cl\/wp-content\/uploads\/2023\/07\/OCEAN-NOVA-06-scaled.jpg\" alt=\"OCEAN NOVA 06\" \/><\/figure><\/div>\t\t\t<\/div>\n\t\t\t\t\t\t\t\n\t\t\t\t\t\t\t\t\t<div class=\"swiper-pagination\"><\/div>\n\t\t\t\t\t\t\t\t\t<\/div>\n\t\t\t\t\t\t<\/div>\n\t\t\t\t<\/div>\n\t\t\t\t\t<\/div>\n\t\t<\/div>\n\t\t\t\t\t<\/div>\n\t\t<\/section>\n\t\t\t\t\t<\/div>\n\t\t<\/div>\n\t\t\t\t<div class=\"elementor-column elementor-col-50 elementor-top-column elementor-element elementor-element-50876afc\" data-id=\"50876afc\" data-element_type=\"column\" data-e-type=\"column\">\n\t\t\t<div class=\"elementor-widget-wrap elementor-element-populated\">\n\t\t\t\t\t\t<section class=\"elementor-section elementor-inner-section elementor-element elementor-element-2cb7d153 elementor-section-boxed elementor-section-height-default elementor-section-height-default\" data-id=\"2cb7d153\" data-element_type=\"section\" data-e-type=\"section\" data-settings=\"{&quot;background_background&quot;:&quot;classic&quot;}\">\n\t\t\t\t\t\t<div class=\"elementor-container elementor-column-gap-no\">\n\t\t\t\t\t<div class=\"elementor-column elementor-col-100 elementor-inner-column elementor-element elementor-element-3caa8918\" data-id=\"3caa8918\" data-element_type=\"column\" data-e-type=\"column\" data-settings=\"{&quot;background_background&quot;:&quot;classic&quot;}\">\n\t\t\t<div class=\"elementor-widget-wrap elementor-element-populated\">\n\t\t\t\t\t\t<div class=\"elementor-element elementor-element-26c4a4cd elementor-widget elementor-widget-elementskit-heading\" data-id=\"26c4a4cd\" data-element_type=\"widget\" data-e-type=\"widget\" data-widget_type=\"elementskit-heading.default\">\n\t\t\t\t<div class=\"elementor-widget-container\">\n\t\t\t\t\t<div class=\"ekit-wid-con\" ><div class=\"ekit-heading elementskit-section-title-wraper text_center   ekit_heading_tablet-   ekit_heading_mobile-\"><h5 class=\"ekit-heading--title elementskit-section-title \"><span><span>Desde $4,995 USD<\/span><\/span> \/ por persona<\/h5><\/div><\/div>\t\t\t\t<\/div>\n\t\t\t\t<\/div>\n\t\t\t\t<div class=\"elementor-element elementor-element-5e7d31e8 elementor-star-rating--align-center elementor--star-style-star_fontawesome elementor-widget elementor-widget-star-rating\" data-id=\"5e7d31e8\" data-element_type=\"widget\" data-e-type=\"widget\" data-widget_type=\"star-rating.default\">\n\t\t\t\t<div class=\"elementor-widget-container\">\n\t\t\t\t\t\t\t<div class=\"elementor-star-rating__wrapper\">\n\t\t\t\t\t\t<div class=\"elementor-star-rating\" itemtype=\"http:\/\/schema.org\/Rating\" itemscope=\"\" itemprop=\"reviewRating\">\n\t\t\t\t<i class=\"elementor-star-full\" aria-hidden=\"true\">&#xE933;<\/i><i class=\"elementor-star-full\" aria-hidden=\"true\">&#xE933;<\/i><i class=\"elementor-star-full\" aria-hidden=\"true\">&#xE933;<\/i><i class=\"elementor-star-full\" aria-hidden=\"true\">&#xE933;<\/i><i class=\"elementor-star-5\" aria-hidden=\"true\">&#xE933;<\/i>\t\t\t\t<span itemprop=\"ratingValue\" class=\"elementor-screen-only\">Valorado con 4.5 de 5<\/span>\n\t\t\t<\/div>\n\t\t<\/div>\n\t\t\t\t\t\t<\/div>\n\t\t\t\t<\/div>\n\t\t\t\t\t<\/div>\n\t\t<\/div>\n\t\t\t\t\t<\/div>\n\t\t<\/section>\n\t\t\t\t<section class=\"elementor-section elementor-inner-section elementor-element elementor-element-483c93c9 elementor-section-boxed elementor-section-height-default elementor-section-height-default\" data-id=\"483c93c9\" data-element_type=\"section\" data-e-type=\"section\">\n\t\t\t\t\t\t<div class=\"elementor-container elementor-column-gap-default\">\n\t\t\t\t\t<div class=\"elementor-column elementor-col-100 elementor-inner-column elementor-element elementor-element-6cdd395d\" data-id=\"6cdd395d\" data-element_type=\"column\" data-e-type=\"column\">\n\t\t\t<div class=\"elementor-widget-wrap elementor-element-populated\">\n\t\t\t\t\t\t<div class=\"elementor-element elementor-element-30451b69 elementor-widget elementor-widget-google_maps\" data-id=\"30451b69\" data-element_type=\"widget\" data-e-type=\"widget\" data-widget_type=\"google_maps.default\">\n\t\t\t\t<div class=\"elementor-widget-container\">\n\t\t\t\t\t\t\t<div class=\"elementor-custom-embed\">\n\t\t\t<iframe loading=\"lazy\"\n\t\t\t\t\tsrc=\"https:\/\/maps.google.com\/maps?q=antarctica%20chilena&#038;t=m&#038;z=10&#038;output=embed&#038;iwloc=near\"\n\t\t\t\t\ttitle=\"antarctica chilena\"\n\t\t\t\t\taria-label=\"antarctica chilena\"\n\t\t\t><\/iframe>\n\t\t<\/div>\n\t\t\t\t\t\t<\/div>\n\t\t\t\t<\/div>\n\t\t\t\t\t<\/div>\n\t\t<\/div>\n\t\t\t\t\t<\/div>\n\t\t<\/section>\n\t\t\t\t\t<\/div>\n\t\t<\/div>\n\t\t\t\t\t<\/div>\n\t\t<\/section>\n\t\t\t\t<section class=\"elementor-section elementor-top-section elementor-element elementor-element-d80d829 elementor-section-boxed elementor-section-height-default elementor-section-height-default\" data-id=\"d80d829\" data-element_type=\"section\" data-e-type=\"section\">\n\t\t\t\t\t\t<div class=\"elementor-container elementor-column-gap-default\">\n\t\t\t\t\t<div class=\"elementor-column elementor-col-100 elementor-top-column elementor-element elementor-element-3eb6bd6\" data-id=\"3eb6bd6\" data-element_type=\"column\" data-e-type=\"column\">\n\t\t\t<div class=\"elementor-widget-wrap elementor-element-populated\">\n\t\t\t\t\t\t<div class=\"elementor-element elementor-element-47cefdd elementor-widget elementor-widget-image\" data-id=\"47cefdd\" data-element_type=\"widget\" data-e-type=\"widget\" data-widget_type=\"image.default\">\n\t\t\t\t<div class=\"elementor-widget-container\">\n\t\t\t\t\t\t\t\t\t\t\t\t\t\t\t<img decoding=\"async\" width=\"684\" height=\"586\" src=\"https:\/\/tupatu.cl\/wp-content\/uploads\/2023\/07\/MAPA-.png\" class=\"attachment-large size-large wp-image-2058\" alt=\"\" srcset=\"https:\/\/tupatu.cl\/wp-content\/uploads\/2023\/07\/MAPA-.png 684w, https:\/\/tupatu.cl\/wp-content\/uploads\/2023\/07\/MAPA--300x257.png 300w, https:\/\/tupatu.cl\/wp-content\/uploads\/2023\/07\/MAPA--600x514.png 600w\" sizes=\"(max-width: 684px) 100vw, 684px\" \/>\t\t\t\t\t\t\t\t\t\t\t\t\t\t\t<\/div>\n\t\t\t\t<\/div>\n\t\t\t\t\t<\/div>\n\t\t<\/div>\n\t\t\t\t\t<\/div>\n\t\t<\/section>\n\t\t\t\t<\/div>\n\t\t","protected":false},"excerpt":{"rendered":"<p>ALL INCLUSIVE ANTARCTICA 6 dias \/ 5 noches personas:2 Antarctica DESCRIPCION PROGRAMA VIAJE INCLUYE DESCRIPCION Aero Crucero\u00a0 en sistema todo incluido (Desayuno,almuerzo,cena,actividades a bordo y excursiones diarias desde el barco). A\u00fan existe un rinc\u00f3n de la Tierra que permanecepr\u00e1cticamente intacto. Todo un continente de paisajesazotados por el viento, cumbres cubiertas de nieve yun vac\u00edo inquietante [&hellip;]<\/p>\n","protected":false},"author":1,"featured_media":0,"parent":0,"menu_order":0,"comment_status":"closed","ping_status":"closed","template":"","meta":{"footnotes":""},"class_list":["post-1982","page","type-page","status-publish","hentry"],"_links":{"self":[{"href":"https:\/\/tupatu.cl\/index.php\/wp-json\/wp\/v2\/pages\/1982","targetHints":{"allow":["GET"]}}],"collection":[{"href":"https:\/\/tupatu.cl\/index.php\/wp-json\/wp\/v2\/pages"}],"about":[{"href":"https:\/\/tupatu.cl\/index.php\/wp-json\/wp\/v2\/types\/page"}],"author":[{"embeddable":true,"href":"https:\/\/tupatu.cl\/index.php\/wp-json\/wp\/v2\/users\/1"}],"replies":[{"embeddable":true,"href":"https:\/\/tupatu.cl\/index.php\/wp-json\/wp\/v2\/comments?post=1982"}],"version-history":[{"count":67,"href":"https:\/\/tupatu.cl\/index.php\/wp-json\/wp\/v2\/pages\/1982\/revisions"}],"predecessor-version":[{"id":2061,"href":"https:\/\/tupatu.cl\/index.php\/wp-json\/wp\/v2\/pages\/1982\/revisions\/2061"}],"wp:attachment":[{"href":"https:\/\/tupatu.cl\/index.php\/wp-json\/wp\/v2\/media?parent=1982"}],"curies":[{"name":"wp","href":"https:\/\/api.w.org\/{rel}","templated":true}]}}