{"id":2546,"date":"2024-08-04T22:34:26","date_gmt":"2024-08-04T22:34:26","guid":{"rendered":"https:\/\/tupatu.cl\/?page_id=2546"},"modified":"2024-10-23T19:42:17","modified_gmt":"2024-10-23T19:42:17","slug":"brasil","status":"publish","type":"page","link":"https:\/\/tupatu.cl\/index.php\/brasil\/","title":{"rendered":"Brasil"},"content":{"rendered":"\t\t<div data-elementor-type=\"wp-page\" data-elementor-id=\"2546\" class=\"elementor elementor-2546\" data-elementor-post-type=\"page\">\n\t\t\t\t\t\t<section class=\"elementor-section elementor-top-section elementor-element elementor-element-5299202a elementor-section-boxed elementor-section-height-default elementor-section-height-default\" data-id=\"5299202a\" data-element_type=\"section\" data-e-type=\"section\">\n\t\t\t\t\t\t<div class=\"elementor-container elementor-column-gap-no\">\n\t\t\t\t\t<div class=\"elementor-column elementor-col-50 elementor-top-column elementor-element elementor-element-125de867\" data-id=\"125de867\" data-element_type=\"column\" data-e-type=\"column\">\n\t\t\t<div class=\"elementor-widget-wrap elementor-element-populated\">\n\t\t\t\t\t\t<section class=\"elementor-section elementor-inner-section elementor-element elementor-element-24e32200 elementor-section-boxed elementor-section-height-default elementor-section-height-default\" data-id=\"24e32200\" data-element_type=\"section\" data-e-type=\"section\">\n\t\t\t\t\t\t<div class=\"elementor-container elementor-column-gap-no\">\n\t\t\t\t\t<div class=\"elementor-column elementor-col-100 elementor-inner-column elementor-element elementor-element-51bc1b45\" data-id=\"51bc1b45\" data-element_type=\"column\" data-e-type=\"column\">\n\t\t\t<div class=\"elementor-widget-wrap elementor-element-populated\">\n\t\t\t\t\t\t<div class=\"elementor-element elementor-element-32a8d149 elementor-widget elementor-widget-heading\" data-id=\"32a8d149\" data-element_type=\"widget\" data-e-type=\"widget\" data-widget_type=\"heading.default\">\n\t\t\t\t<div class=\"elementor-widget-container\">\n\t\t\t\t\t<h2 class=\"elementor-heading-title elementor-size-default\">Programa Rio De Janeiro &amp; Buzios<\/h2>\t\t\t\t<\/div>\n\t\t\t\t<\/div>\n\t\t\t\t<div class=\"elementor-element elementor-element-4fa97fe8 elementor-widget elementor-widget-image\" data-id=\"4fa97fe8\" data-element_type=\"widget\" data-e-type=\"widget\" data-widget_type=\"image.default\">\n\t\t\t\t<div class=\"elementor-widget-container\">\n\t\t\t\t\t\t\t\t\t\t\t\t\t\t\t<img fetchpriority=\"high\" decoding=\"async\" width=\"800\" height=\"445\" src=\"https:\/\/tupatu.cl\/wp-content\/uploads\/2024\/10\/Rio_de_Janeiro-1024x569.jpg\" class=\"attachment-large size-large wp-image-2757\" alt=\"\" srcset=\"https:\/\/tupatu.cl\/wp-content\/uploads\/2024\/10\/Rio_de_Janeiro-1024x569.jpg 1024w, https:\/\/tupatu.cl\/wp-content\/uploads\/2024\/10\/Rio_de_Janeiro-300x167.jpg 300w, https:\/\/tupatu.cl\/wp-content\/uploads\/2024\/10\/Rio_de_Janeiro-768x427.jpg 768w, https:\/\/tupatu.cl\/wp-content\/uploads\/2024\/10\/Rio_de_Janeiro-600x333.jpg 600w, https:\/\/tupatu.cl\/wp-content\/uploads\/2024\/10\/Rio_de_Janeiro.jpg 1152w\" sizes=\"(max-width: 800px) 100vw, 800px\" \/>\t\t\t\t\t\t\t\t\t\t\t\t\t\t\t<\/div>\n\t\t\t\t<\/div>\n\t\t\t\t<div class=\"elementor-element elementor-element-33ecc631 elementor-align-center elementor-icon-list--layout-inline elementor-list-item-link-full_width elementor-widget elementor-widget-icon-list\" data-id=\"33ecc631\" data-element_type=\"widget\" data-e-type=\"widget\" data-widget_type=\"icon-list.default\">\n\t\t\t\t<div class=\"elementor-widget-container\">\n\t\t\t\t\t\t\t<ul class=\"elementor-icon-list-items elementor-inline-items\">\n\t\t\t\t\t\t\t<li class=\"elementor-icon-list-item elementor-inline-item\">\n\t\t\t\t\t\t\t\t\t\t\t<span class=\"elementor-icon-list-icon\">\n\t\t\t\t\t\t\t<i aria-hidden=\"true\" class=\"far fa-clock\"><\/i>\t\t\t\t\t\t<\/span>\n\t\t\t\t\t\t\t\t\t\t<span class=\"elementor-icon-list-text\">8 dias \/ 7 noches<\/span>\n\t\t\t\t\t\t\t\t\t<\/li>\n\t\t\t\t\t\t<\/ul>\n\t\t\t\t\t\t<\/div>\n\t\t\t\t<\/div>\n\t\t\t\t<div class=\"elementor-element elementor-element-617ff808 elementor-tabs-view-horizontal elementor-widget elementor-widget-tabs\" data-id=\"617ff808\" data-element_type=\"widget\" data-e-type=\"widget\" data-widget_type=\"tabs.default\">\n\t\t\t\t<div class=\"elementor-widget-container\">\n\t\t\t\t\t\t\t<div class=\"elementor-tabs\">\n\t\t\t<div class=\"elementor-tabs-wrapper\" role=\"tablist\" >\n\t\t\t\t\t\t\t\t\t<div id=\"elementor-tab-title-1631\" class=\"elementor-tab-title elementor-tab-desktop-title\" aria-selected=\"true\" data-tab=\"1\" role=\"tab\" tabindex=\"0\" aria-controls=\"elementor-tab-content-1631\" aria-expanded=\"false\">VIAJE INCLUYE<\/div>\n\t\t\t\t\t\t\t<\/div>\n\t\t\t<div class=\"elementor-tabs-content-wrapper\" role=\"tablist\" aria-orientation=\"vertical\">\n\t\t\t\t\t\t\t\t\t<div class=\"elementor-tab-title elementor-tab-mobile-title\" aria-selected=\"true\" data-tab=\"1\" role=\"tab\" tabindex=\"0\" aria-controls=\"elementor-tab-content-1631\" aria-expanded=\"false\">VIAJE INCLUYE<\/div>\n\t\t\t\t\t<div id=\"elementor-tab-content-1631\" class=\"elementor-tab-content elementor-clearfix\" data-tab=\"1\" role=\"tabpanel\" aria-labelledby=\"elementor-tab-title-1631\" tabindex=\"0\" hidden=\"false\"><ul><li style=\"text-align: left;\">Pasaje a\u00e9reo Santiago \/ R\u00edo de Janeiro \/ Santiago, v\u00eda SKY en clase econ\u00f3mica, cupos confirmados<\/li><li style=\"text-align: left;\">Impuestos a\u00e9reos<\/li><li style=\"text-align: left;\">Traslados Aeropuerto Rio de Janeiro \/ Hotel Rio de Janeiro \/ Pousada Buzios \/ Aeropuerto Rio de Janeiro en servicio Regular<\/li><li style=\"text-align: left;\">2 noches en Rio de Janeiro, Hotel a elecci\u00f3n<\/li><li style=\"text-align: left;\">5 noches en Buzios, Pousada a elecci\u00f3n<\/li><li style=\"text-align: left;\">Desayuno brasile\u00f1o.<\/li><li style=\"text-align: left;\">Equipaje de bodega de 23kg.<\/li><\/ul><p>24 Enero<\/p><table width=\"737\"><tbody><tr><td width=\"123\"><p><strong>Fecha viaje <\/strong><\/p><\/td><td width=\"243\"><p><strong>Ruta<\/strong><\/p><\/td><td width=\"123\"><p><strong>N\u00b0 de vuelo<\/strong><\/p><\/td><td width=\"123\"><p><strong>Sale <\/strong><\/p><\/td><td width=\"123\"><p><strong>Llega<\/strong><\/p><\/td><\/tr><tr><td width=\"123\"><p>24 Enero<\/p><\/td><td width=\"243\"><p>Santiago \/ Rio de Janeiro<\/p><\/td><td width=\"123\"><p>SKY 622<\/p><\/td><td width=\"123\"><p>11:40<\/p><\/td><td width=\"123\"><p>15:50<\/p><\/td><\/tr><tr><td width=\"123\"><p>31 Enero<\/p><\/td><td width=\"243\"><p>Rio de Janeiro \/ Santiago<\/p><\/td><td width=\"123\"><p>SKY 625<\/p><\/td><td width=\"123\"><p>21:10<\/p><\/td><td width=\"123\"><p>01:55 +1<\/p><\/td><\/tr><\/tbody><\/table><p><strong>\u00a0<\/strong>08 FEBRERO<\/p><table width=\"737\"><tbody><tr><td width=\"123\"><p><strong>Fecha viaje <\/strong><\/p><\/td><td width=\"243\"><p><strong>Ruta<\/strong><\/p><\/td><td width=\"123\"><p><strong>N\u00b0 de vuelo<\/strong><\/p><\/td><td width=\"123\"><p><strong>Sale <\/strong><\/p><\/td><td width=\"123\"><p><strong>Llega<\/strong><\/p><\/td><\/tr><tr><td width=\"123\"><p>08 Febrero<\/p><\/td><td width=\"243\"><p>Santiago \/ Rio de Janeiro<\/p><\/td><td width=\"123\"><p>SKY 622<\/p><\/td><td width=\"123\"><p>11:40<\/p><\/td><td width=\"123\"><p>15:50<\/p><\/td><\/tr><tr><td width=\"123\"><p>15 Febrero<\/p><\/td><td width=\"243\"><p>Rio de Janeiro \/ Santiago<\/p><\/td><td width=\"123\"><p>SKY 625<\/p><\/td><td width=\"123\"><p>21:10<\/p><\/td><td width=\"123\"><p>01:55 +1<\/p><\/td><\/tr><\/tbody><\/table><p><strong>Condiciones Generales<\/strong><\/p><ul><li>Valor INFANTE hasta 1 a\u00f1o con 11 meses USD 150.- NETO no comisionable<\/li><li>Valores por pasajero en d\u00f3lares americanos.<\/li><li>Traslados Terrestre: no incluyen gu\u00eda en espa\u00f1ol y son con ch\u00f3fer en portugu\u00e9s, se permite una maleta m\u00e1ximo 23 KG y bolso de mano Las maletas adicionales est\u00e1n sujetas a disponibilidad de espacio en el bus.<\/li><li>Desde Aeropuertos Gale\u00e3o\/Santos Dumont a B\u00fazios<\/li><li style=\"text-align: left;\">Salida traslados: 00:30 \/ 04:00 \/ 08:30 \/ 10:30 \/ 12:30 \/ 15:30 \/ 18:30 \/ 22:00 hs<\/li><li>Desde Buzios a Aeropuertos Gale\u00e3o\/Santos Dumont<\/li><li style=\"text-align: left;\">Servicio inicia a partir de las 07hs, variando el horario de cada hotel. La hora de salida ser\u00e1 determinada por el receptivo e informada el d\u00eda anterior. Aguardar en la recepci\u00f3n. Servicios regulares implican en espera. Para servicios sin espera, optar por privado.<\/li><li>En los aeropuertos, pasajeros ser\u00e1n aguardados en el \u00e1rea de desembarque por staff identificado de Tour Shop. Traslados de salida &gt; hor\u00e1rio de pick up ser\u00e1 informado por Tour Shop entre 17 y 20 hs del d\u00eda anterior, via whatsapp o sms del pasajero, informe el contacto al realizar la reserva.<\/li><li>Pasajeros deben estar con su check out realizado y visibles en la recepci\u00f3n del hotel. Tolerancia &gt; 05 minutos.<\/li><li>Durante el embarque al vehiculo, pasajeros deben verificar que su equipaje este correcto.<\/li><\/ul><p style=\"text-align: center;\"><strong>*Servicios sujetos a disponibilidad a momento de reservar*<\/strong><\/p><\/div>\n\t\t\t\t\t\t\t<\/div>\n\t\t<\/div>\n\t\t\t\t\t\t<\/div>\n\t\t\t\t<\/div>\n\t\t\t\t<div class=\"elementor-element elementor-element-51159621 elementor-widget elementor-widget-heading\" data-id=\"51159621\" data-element_type=\"widget\" data-e-type=\"widget\" data-widget_type=\"heading.default\">\n\t\t\t\t<div class=\"elementor-widget-container\">\n\t\t\t\t\t<h4 class=\"elementor-heading-title elementor-size-default\">GALLERIA \/ FOTOS<\/h4>\t\t\t\t<\/div>\n\t\t\t\t<\/div>\n\t\t\t\t<div class=\"elementor-element elementor-element-703c57f1 elementor-pagination-position-outside elementor-widget elementor-widget-image-carousel\" data-id=\"703c57f1\" data-element_type=\"widget\" data-e-type=\"widget\" data-settings=\"{&quot;slides_to_show&quot;:&quot;2&quot;,&quot;slides_to_show_tablet&quot;:&quot;3&quot;,&quot;navigation&quot;:&quot;dots&quot;,&quot;image_spacing_custom&quot;:{&quot;unit&quot;:&quot;px&quot;,&quot;size&quot;:15,&quot;sizes&quot;:[]},&quot;autoplay&quot;:&quot;yes&quot;,&quot;pause_on_hover&quot;:&quot;yes&quot;,&quot;pause_on_interaction&quot;:&quot;yes&quot;,&quot;autoplay_speed&quot;:5000,&quot;infinite&quot;:&quot;yes&quot;,&quot;speed&quot;:500,&quot;image_spacing_custom_tablet&quot;:{&quot;unit&quot;:&quot;px&quot;,&quot;size&quot;:&quot;&quot;,&quot;sizes&quot;:[]},&quot;image_spacing_custom_mobile&quot;:{&quot;unit&quot;:&quot;px&quot;,&quot;size&quot;:&quot;&quot;,&quot;sizes&quot;:[]}}\" data-widget_type=\"image-carousel.default\">\n\t\t\t\t<div class=\"elementor-widget-container\">\n\t\t\t\t\t\t\t<div class=\"elementor-image-carousel-wrapper swiper\" role=\"region\" aria-roledescription=\"carousel\" aria-label=\"Carrusel de im\u00e1genes\" dir=\"ltr\">\n\t\t\t<div class=\"elementor-image-carousel swiper-wrapper swiper-image-stretch\" aria-live=\"off\">\n\t\t\t\t\t\t\t\t<div class=\"swiper-slide\" role=\"group\" aria-roledescription=\"slide\" aria-label=\"1 de 3\"><figure class=\"swiper-slide-inner\"><img decoding=\"async\" class=\"swiper-slide-image\" src=\"https:\/\/tupatu.cl\/wp-content\/uploads\/2024\/10\/rio-othon-palace-hotel_171856628231.jpg\" alt=\"rio-othon-palace-hotel_171856628231\" \/><\/figure><\/div><div class=\"swiper-slide\" role=\"group\" aria-roledescription=\"slide\" aria-label=\"2 de 3\"><figure class=\"swiper-slide-inner\"><img decoding=\"async\" class=\"swiper-slide-image\" src=\"https:\/\/tupatu.cl\/wp-content\/uploads\/2024\/10\/rio-othon-palace-hotel_17185662711.jpg\" alt=\"rio-othon-palace-hotel_17185662711\" \/><\/figure><\/div><div class=\"swiper-slide\" role=\"group\" aria-roledescription=\"slide\" aria-label=\"3 de 3\"><figure class=\"swiper-slide-inner\"><img decoding=\"async\" class=\"swiper-slide-image\" src=\"https:\/\/tupatu.cl\/wp-content\/uploads\/2024\/10\/1277256460.webp\" alt=\"1277256460\" \/><\/figure><\/div>\t\t\t<\/div>\n\t\t\t\t\t\t\t\n\t\t\t\t\t\t\t\t\t<div class=\"swiper-pagination\"><\/div>\n\t\t\t\t\t\t\t\t\t<\/div>\n\t\t\t\t\t\t<\/div>\n\t\t\t\t<\/div>\n\t\t\t\t\t<\/div>\n\t\t<\/div>\n\t\t\t\t\t<\/div>\n\t\t<\/section>\n\t\t\t\t\t<\/div>\n\t\t<\/div>\n\t\t\t\t<div class=\"elementor-column elementor-col-50 elementor-top-column elementor-element elementor-element-3674eddd\" data-id=\"3674eddd\" data-element_type=\"column\" data-e-type=\"column\">\n\t\t\t<div class=\"elementor-widget-wrap elementor-element-populated\">\n\t\t\t\t\t\t<section class=\"elementor-section elementor-inner-section elementor-element elementor-element-559948de elementor-section-boxed elementor-section-height-default elementor-section-height-default\" data-id=\"559948de\" data-element_type=\"section\" data-e-type=\"section\" data-settings=\"{&quot;background_background&quot;:&quot;classic&quot;}\">\n\t\t\t\t\t\t<div class=\"elementor-container elementor-column-gap-no\">\n\t\t\t\t\t<div class=\"elementor-column elementor-col-100 elementor-inner-column elementor-element elementor-element-50716b64\" data-id=\"50716b64\" data-element_type=\"column\" data-e-type=\"column\" data-settings=\"{&quot;background_background&quot;:&quot;classic&quot;}\">\n\t\t\t<div class=\"elementor-widget-wrap elementor-element-populated\">\n\t\t\t\t\t\t<div class=\"elementor-element elementor-element-7d22aaf1 elementor-widget elementor-widget-elementskit-heading\" data-id=\"7d22aaf1\" data-element_type=\"widget\" data-e-type=\"widget\" data-widget_type=\"elementskit-heading.default\">\n\t\t\t\t<div class=\"elementor-widget-container\">\n\t\t\t\t\t<div class=\"ekit-wid-con\" ><div class=\"ekit-heading elementskit-section-title-wraper text_center   ekit_heading_tablet-   ekit_heading_mobile-\"><h5 class=\"ekit-heading--title elementskit-section-title \">Desde: <span><span>$1,262<\/span><\/span> USD \/ por persona<\/h5><\/div><\/div>\t\t\t\t<\/div>\n\t\t\t\t<\/div>\n\t\t\t\t\t<\/div>\n\t\t<\/div>\n\t\t\t\t\t<\/div>\n\t\t<\/section>\n\t\t\t\t<section class=\"elementor-section elementor-inner-section elementor-element elementor-element-52805eff elementor-section-boxed elementor-section-height-default elementor-section-height-default\" data-id=\"52805eff\" data-element_type=\"section\" data-e-type=\"section\">\n\t\t\t\t\t\t<div class=\"elementor-container elementor-column-gap-default\">\n\t\t\t\t\t<div class=\"elementor-column elementor-col-100 elementor-inner-column elementor-element elementor-element-6a578637\" data-id=\"6a578637\" data-element_type=\"column\" data-e-type=\"column\">\n\t\t\t<div class=\"elementor-widget-wrap elementor-element-populated\">\n\t\t\t\t\t\t<div class=\"elementor-element elementor-element-10415e9e elementor-widget elementor-widget-google_maps\" data-id=\"10415e9e\" data-element_type=\"widget\" data-e-type=\"widget\" data-widget_type=\"google_maps.default\">\n\t\t\t\t<div class=\"elementor-widget-container\">\n\t\t\t\t\t\t\t<div class=\"elementor-custom-embed\">\n\t\t\t<iframe loading=\"lazy\"\n\t\t\t\t\tsrc=\"https:\/\/maps.google.com\/maps?q=rio%20de%20janeiro&#038;t=m&#038;z=10&#038;output=embed&#038;iwloc=near\"\n\t\t\t\t\ttitle=\"rio de janeiro\"\n\t\t\t\t\taria-label=\"rio de janeiro\"\n\t\t\t><\/iframe>\n\t\t<\/div>\n\t\t\t\t\t\t<\/div>\n\t\t\t\t<\/div>\n\t\t\t\t\t<\/div>\n\t\t<\/div>\n\t\t\t\t\t<\/div>\n\t\t<\/section>\n\t\t\t\t\t<\/div>\n\t\t<\/div>\n\t\t\t\t\t<\/div>\n\t\t<\/section>\n\t\t\t\t<\/div>\n\t\t","protected":false},"excerpt":{"rendered":"<p>Programa Rio De Janeiro &#038; Buzios 8 dias \/ 7 noches VIAJE INCLUYE VIAJE INCLUYE Pasaje a\u00e9reo Santiago \/ R\u00edo de Janeiro \/ Santiago, v\u00eda SKY en clase econ\u00f3mica, cupos confirmados Impuestos a\u00e9reos Traslados Aeropuerto Rio de Janeiro \/ Hotel Rio de Janeiro \/ Pousada Buzios \/ Aeropuerto Rio de Janeiro en servicio Regular 2 [&hellip;]<\/p>\n","protected":false},"author":1,"featured_media":0,"parent":0,"menu_order":0,"comment_status":"closed","ping_status":"closed","template":"","meta":{"footnotes":""},"class_list":["post-2546","page","type-page","status-publish","hentry"],"_links":{"self":[{"href":"https:\/\/tupatu.cl\/index.php\/wp-json\/wp\/v2\/pages\/2546","targetHints":{"allow":["GET"]}}],"collection":[{"href":"https:\/\/tupatu.cl\/index.php\/wp-json\/wp\/v2\/pages"}],"about":[{"href":"https:\/\/tupatu.cl\/index.php\/wp-json\/wp\/v2\/types\/page"}],"author":[{"embeddable":true,"href":"https:\/\/tupatu.cl\/index.php\/wp-json\/wp\/v2\/users\/1"}],"replies":[{"embeddable":true,"href":"https:\/\/tupatu.cl\/index.php\/wp-json\/wp\/v2\/comments?post=2546"}],"version-history":[{"count":43,"href":"https:\/\/tupatu.cl\/index.php\/wp-json\/wp\/v2\/pages\/2546\/revisions"}],"predecessor-version":[{"id":2767,"href":"https:\/\/tupatu.cl\/index.php\/wp-json\/wp\/v2\/pages\/2546\/revisions\/2767"}],"wp:attachment":[{"href":"https:\/\/tupatu.cl\/index.php\/wp-json\/wp\/v2\/media?parent=2546"}],"curies":[{"name":"wp","href":"https:\/\/api.w.org\/{rel}","templated":true}]}}