{"id":2584,"date":"2024-08-05T00:14:12","date_gmt":"2024-08-05T00:14:12","guid":{"rendered":"https:\/\/tupatu.cl\/?page_id=2584"},"modified":"2024-10-23T19:42:57","modified_gmt":"2024-10-23T19:42:57","slug":"punta-cana","status":"publish","type":"page","link":"https:\/\/tupatu.cl\/index.php\/punta-cana\/","title":{"rendered":"Punta Cana"},"content":{"rendered":"\t\t<div data-elementor-type=\"wp-page\" data-elementor-id=\"2584\" class=\"elementor elementor-2584\" data-elementor-post-type=\"page\">\n\t\t\t\t\t\t<section class=\"elementor-section elementor-top-section elementor-element elementor-element-7e08fcc3 elementor-section-boxed elementor-section-height-default elementor-section-height-default\" data-id=\"7e08fcc3\" data-element_type=\"section\" data-e-type=\"section\">\n\t\t\t\t\t\t<div class=\"elementor-container elementor-column-gap-no\">\n\t\t\t\t\t<div class=\"elementor-column elementor-col-50 elementor-top-column elementor-element elementor-element-12e250ee\" data-id=\"12e250ee\" data-element_type=\"column\" data-e-type=\"column\">\n\t\t\t<div class=\"elementor-widget-wrap elementor-element-populated\">\n\t\t\t\t\t\t<section class=\"elementor-section elementor-inner-section elementor-element elementor-element-f58e177 elementor-section-boxed elementor-section-height-default elementor-section-height-default\" data-id=\"f58e177\" data-element_type=\"section\" data-e-type=\"section\">\n\t\t\t\t\t\t<div class=\"elementor-container elementor-column-gap-no\">\n\t\t\t\t\t<div class=\"elementor-column elementor-col-100 elementor-inner-column elementor-element elementor-element-62c4e1a\" data-id=\"62c4e1a\" data-element_type=\"column\" data-e-type=\"column\">\n\t\t\t<div class=\"elementor-widget-wrap elementor-element-populated\">\n\t\t\t\t\t\t<div class=\"elementor-element elementor-element-70187a3c elementor-widget elementor-widget-heading\" data-id=\"70187a3c\" data-element_type=\"widget\" data-e-type=\"widget\" data-widget_type=\"heading.default\">\n\t\t\t\t<div class=\"elementor-widget-container\">\n\t\t\t\t\t<h2 class=\"elementor-heading-title elementor-size-default\">Punta Cana (Republica Dominicana)<\/h2>\t\t\t\t<\/div>\n\t\t\t\t<\/div>\n\t\t\t\t<div class=\"elementor-element elementor-element-32f1ab0e elementor-widget elementor-widget-image\" data-id=\"32f1ab0e\" data-element_type=\"widget\" data-e-type=\"widget\" data-widget_type=\"image.default\">\n\t\t\t\t<div class=\"elementor-widget-container\">\n\t\t\t\t\t\t\t\t\t\t\t\t\t\t\t<img fetchpriority=\"high\" decoding=\"async\" width=\"800\" height=\"534\" src=\"https:\/\/tupatu.cl\/wp-content\/uploads\/2024\/10\/Piscina-III-Pool-lll2-1024x683.jpg\" class=\"attachment-large size-large wp-image-2761\" alt=\"\" srcset=\"https:\/\/tupatu.cl\/wp-content\/uploads\/2024\/10\/Piscina-III-Pool-lll2-1024x683.jpg 1024w, https:\/\/tupatu.cl\/wp-content\/uploads\/2024\/10\/Piscina-III-Pool-lll2-300x200.jpg 300w, https:\/\/tupatu.cl\/wp-content\/uploads\/2024\/10\/Piscina-III-Pool-lll2-768x512.jpg 768w, https:\/\/tupatu.cl\/wp-content\/uploads\/2024\/10\/Piscina-III-Pool-lll2-600x400.jpg 600w, https:\/\/tupatu.cl\/wp-content\/uploads\/2024\/10\/Piscina-III-Pool-lll2.jpg 1200w\" sizes=\"(max-width: 800px) 100vw, 800px\" \/>\t\t\t\t\t\t\t\t\t\t\t\t\t\t\t<\/div>\n\t\t\t\t<\/div>\n\t\t\t\t<div class=\"elementor-element elementor-element-79ec079a elementor-align-center elementor-icon-list--layout-inline elementor-list-item-link-full_width elementor-widget elementor-widget-icon-list\" data-id=\"79ec079a\" data-element_type=\"widget\" data-e-type=\"widget\" data-widget_type=\"icon-list.default\">\n\t\t\t\t<div class=\"elementor-widget-container\">\n\t\t\t\t\t\t\t<ul class=\"elementor-icon-list-items elementor-inline-items\">\n\t\t\t\t\t\t\t<li class=\"elementor-icon-list-item elementor-inline-item\">\n\t\t\t\t\t\t\t\t\t\t\t<span class=\"elementor-icon-list-icon\">\n\t\t\t\t\t\t\t<i aria-hidden=\"true\" class=\"far fa-clock\"><\/i>\t\t\t\t\t\t<\/span>\n\t\t\t\t\t\t\t\t\t\t<span class=\"elementor-icon-list-text\">8 dias \/ 7 noches<\/span>\n\t\t\t\t\t\t\t\t\t<\/li>\n\t\t\t\t\t\t<\/ul>\n\t\t\t\t\t\t<\/div>\n\t\t\t\t<\/div>\n\t\t\t\t<div class=\"elementor-element elementor-element-6e3ec3b1 elementor-tabs-view-horizontal elementor-widget elementor-widget-tabs\" data-id=\"6e3ec3b1\" data-element_type=\"widget\" data-e-type=\"widget\" data-widget_type=\"tabs.default\">\n\t\t\t\t<div class=\"elementor-widget-container\">\n\t\t\t\t\t\t\t<div class=\"elementor-tabs\">\n\t\t\t<div class=\"elementor-tabs-wrapper\" role=\"tablist\" >\n\t\t\t\t\t\t\t\t\t<div id=\"elementor-tab-title-1841\" class=\"elementor-tab-title elementor-tab-desktop-title\" aria-selected=\"true\" data-tab=\"1\" role=\"tab\" tabindex=\"0\" aria-controls=\"elementor-tab-content-1841\" aria-expanded=\"false\">VIAJE INCLUYE<\/div>\n\t\t\t\t\t\t\t<\/div>\n\t\t\t<div class=\"elementor-tabs-content-wrapper\" role=\"tablist\" aria-orientation=\"vertical\">\n\t\t\t\t\t\t\t\t\t<div class=\"elementor-tab-title elementor-tab-mobile-title\" aria-selected=\"true\" data-tab=\"1\" role=\"tab\" tabindex=\"0\" aria-controls=\"elementor-tab-content-1841\" aria-expanded=\"false\">VIAJE INCLUYE<\/div>\n\t\t\t\t\t<div id=\"elementor-tab-content-1841\" class=\"elementor-tab-content elementor-clearfix\" data-tab=\"1\" role=\"tabpanel\" aria-labelledby=\"elementor-tab-title-1841\" tabindex=\"0\" hidden=\"false\"><ul><li>Pasaje a\u00e9reo Santiago \/ Punta Cana \/ Santiago, v\u00eda SKY en clase econ\u00f3mica, cupos confirmados<\/li><li>Impuestos a\u00e9reos<\/li><li>Traslados Aeropuerto Punta Cana \/ Hotel \/ Aeropuerto Punta Cana en servicio regular<\/li><li>7 noches en Hotel a seleccionar<\/li><li>Regimen alimentaci\u00f3n todo incluido<\/li><li>Maleta de 23kg.<\/li><\/ul><p>24 ENERO<\/p><table width=\"737\"><tbody><tr><td width=\"123\"><p><strong>Fecha viaje <\/strong><\/p><\/td><td width=\"243\"><p><strong>Ruta<\/strong><\/p><\/td><td width=\"123\"><p><strong>N\u00b0 de vuelo<\/strong><\/p><\/td><td width=\"123\"><p><strong>Sale <\/strong><\/p><\/td><td width=\"123\"><p><strong>Llega<\/strong><\/p><\/td><\/tr><tr><td width=\"123\"><p>24 Enero<\/p><\/td><td width=\"243\"><p>Santiago \/ Lima<\/p><\/td><td width=\"123\"><p>SKY 802<\/p><\/td><td width=\"123\"><p>05:55<\/p><\/td><td width=\"123\"><p>07:50<\/p><\/td><\/tr><tr><td width=\"123\"><p>24 Enero<\/p><\/td><td width=\"243\"><p>Lima \/ Punta Cana<\/p><\/td><td width=\"123\"><p>SKY 5580<\/p><\/td><td width=\"123\"><p>10:15<\/p><\/td><td width=\"123\"><p>16:30<\/p><\/td><\/tr><tr><td width=\"123\"><p>31 Enero<\/p><\/td><td width=\"243\"><p>Punta Cana \/ Lima<\/p><\/td><td width=\"123\"><p>SKY 5581<\/p><\/td><td width=\"123\"><p>16:50<\/p><\/td><td width=\"123\"><p>22:10<\/p><\/td><\/tr><tr><td width=\"123\"><p>01 Febrero<\/p><\/td><td width=\"243\"><p>Lima \/ Santiago<\/p><\/td><td width=\"123\"><p>SKY 805<\/p><\/td><td width=\"123\"><p>00:10<\/p><\/td><td width=\"123\"><p>05:50<\/p><\/td><\/tr><\/tbody><\/table><p>25 ENERO<\/p><table width=\"737\"><tbody><tr><td width=\"123\"><p><strong>Fecha viaje <\/strong><\/p><\/td><td width=\"243\"><p><strong>Ruta<\/strong><\/p><\/td><td width=\"123\"><p><strong>N\u00b0 de vuelo<\/strong><\/p><\/td><td width=\"123\"><p><strong>Sale <\/strong><\/p><\/td><td width=\"123\"><p><strong>Llega<\/strong><\/p><\/td><\/tr><tr><td width=\"123\"><p>25 Enero<\/p><\/td><td width=\"243\"><p>Santiago \/ Lima<\/p><\/td><td width=\"123\"><p>SKY 802<\/p><\/td><td width=\"123\"><p>05:55<\/p><\/td><td width=\"123\"><p>07:50<\/p><\/td><\/tr><tr><td width=\"123\"><p>25 Enero<\/p><\/td><td width=\"243\"><p>Lima \/ Punta Cana<\/p><\/td><td width=\"123\"><p>SKY 5580<\/p><\/td><td width=\"123\"><p>10:15<\/p><\/td><td width=\"123\"><p>16:30<\/p><\/td><\/tr><tr><td width=\"123\"><p>01 Febrero<\/p><\/td><td width=\"243\"><p>Punta Cana \/ Lima<\/p><\/td><td width=\"123\"><p>SKY 5581<\/p><\/td><td width=\"123\"><p>16:50<\/p><\/td><td width=\"123\"><p>22:10<\/p><\/td><\/tr><tr><td width=\"123\"><p>02 Febrero<\/p><\/td><td width=\"243\"><p>Lima \/ Santiago<\/p><\/td><td width=\"123\"><p>SKY 805<\/p><\/td><td width=\"123\"><p>00:10<\/p><\/td><td width=\"123\"><p>05:50<\/p><\/td><\/tr><\/tbody><\/table><p>31 ENERO<\/p><table width=\"737\"><tbody><tr><td width=\"123\"><p><strong>Fecha viaje <\/strong><\/p><\/td><td width=\"243\"><p><strong>Ruta<\/strong><\/p><\/td><td width=\"123\"><p><strong>N\u00b0 de vuelo<\/strong><\/p><\/td><td width=\"123\"><p><strong>Sale <\/strong><\/p><\/td><td width=\"123\"><p><strong>Llega<\/strong><\/p><\/td><\/tr><tr><td width=\"123\"><p>31 Enero<\/p><\/td><td width=\"243\"><p>Santiago \/ Lima<\/p><\/td><td width=\"123\"><p>SKY 802<\/p><\/td><td width=\"123\"><p>05:55<\/p><\/td><td width=\"123\"><p>07:50<\/p><\/td><\/tr><tr><td width=\"123\"><p>31 Enero<\/p><\/td><td width=\"243\"><p>Lima \/ Punta Cana<\/p><\/td><td width=\"123\"><p>SKY 5580<\/p><\/td><td width=\"123\"><p>10:15<\/p><\/td><td width=\"123\"><p>16:30<\/p><\/td><\/tr><tr><td width=\"123\"><p>07 Febrero<\/p><\/td><td width=\"243\"><p>Punta Cana \/ Lima<\/p><\/td><td width=\"123\"><p>SKY 5581<\/p><\/td><td width=\"123\"><p>16:50<\/p><\/td><td width=\"123\"><p>22:10<\/p><\/td><\/tr><tr><td width=\"123\"><p>08 Febrero<\/p><\/td><td width=\"243\"><p>Lima \/ Santiago<\/p><\/td><td width=\"123\"><p>SKY 805<\/p><\/td><td width=\"123\"><p>00:10<\/p><\/td><td width=\"123\"><p>05:50<\/p><\/td><\/tr><\/tbody><\/table><p>01 FEBRERO<\/p><table width=\"737\"><tbody><tr><td width=\"123\"><p><strong>Fecha viaje <\/strong><\/p><\/td><td width=\"243\"><p><strong>Ruta<\/strong><\/p><\/td><td width=\"123\"><p><strong>N\u00b0 de vuelo<\/strong><\/p><\/td><td width=\"123\"><p><strong>Sale <\/strong><\/p><\/td><td width=\"123\"><p><strong>Llega<\/strong><\/p><\/td><\/tr><tr><td width=\"123\"><p>01 Febrero<\/p><\/td><td width=\"243\"><p>Santiago \/ Lima<\/p><\/td><td width=\"123\"><p>SKY 802<\/p><\/td><td width=\"123\"><p>05:55<\/p><\/td><td width=\"123\"><p>07:50<\/p><\/td><\/tr><tr><td width=\"123\"><p>01 Febrero<\/p><\/td><td width=\"243\"><p>Lima \/ Punta Cana<\/p><\/td><td width=\"123\"><p>SKY 5580<\/p><\/td><td width=\"123\"><p>10:15<\/p><\/td><td width=\"123\"><p>16:30<\/p><\/td><\/tr><tr><td width=\"123\"><p>08 Febrero<\/p><\/td><td width=\"243\"><p>Punta Cana \/ Lima<\/p><\/td><td width=\"123\"><p>SKY 5581<\/p><\/td><td width=\"123\"><p>16:50<\/p><\/td><td width=\"123\"><p>22:10<\/p><\/td><\/tr><tr><td width=\"123\"><p>09 Febrero<\/p><\/td><td width=\"243\"><p>Lima \/ Santiago<\/p><\/td><td width=\"123\"><p>SKY 805<\/p><\/td><td width=\"123\"><p>00:10<\/p><\/td><td width=\"123\"><p>05:50<\/p><\/td><\/tr><\/tbody><\/table><p>07 FEBRERO<\/p><table width=\"737\"><tbody><tr><td width=\"123\"><p><strong>Fecha viaje <\/strong><\/p><\/td><td width=\"243\"><p><strong>Ruta<\/strong><\/p><\/td><td width=\"123\"><p><strong>N\u00b0 de vuelo<\/strong><\/p><\/td><td width=\"123\"><p><strong>Sale <\/strong><\/p><\/td><td width=\"123\"><p><strong>Llega<\/strong><\/p><\/td><\/tr><tr><td width=\"123\"><p>07 Febrero<\/p><\/td><td width=\"243\"><p>Santiago \/ Lima<\/p><\/td><td width=\"123\"><p>SKY 802<\/p><\/td><td width=\"123\"><p>05:55<\/p><\/td><td width=\"123\"><p>07:50<\/p><\/td><\/tr><tr><td width=\"123\"><p>07 Febrero<\/p><\/td><td width=\"243\"><p>Lima \/ Punta Cana<\/p><\/td><td width=\"123\"><p>SKY 5580<\/p><\/td><td width=\"123\"><p>10:15<\/p><\/td><td width=\"123\"><p>16:30<\/p><\/td><\/tr><tr><td width=\"123\"><p>14 Febrero<\/p><\/td><td width=\"243\"><p>Punta Cana \/ Lima<\/p><\/td><td width=\"123\"><p>SKY 5581<\/p><\/td><td width=\"123\"><p>17:40<\/p><\/td><td width=\"123\"><p>21:50<\/p><\/td><\/tr><tr><td width=\"123\"><p>15 Febrero<\/p><\/td><td width=\"243\"><p>Lima \/ Santiago<\/p><\/td><td width=\"123\"><p>SKY 805<\/p><\/td><td width=\"123\"><p>00:10<\/p><\/td><td width=\"123\"><p>05:50<\/p><\/td><\/tr><\/tbody><\/table><p>14 FEBRERO<\/p><table width=\"737\"><tbody><tr><td width=\"123\"><p><strong>Fecha viaje <\/strong><\/p><\/td><td width=\"243\"><p><strong>Ruta<\/strong><\/p><\/td><td width=\"123\"><p><strong>N\u00b0 de vuelo<\/strong><\/p><\/td><td width=\"123\"><p><strong>Sale <\/strong><\/p><\/td><td width=\"123\"><p><strong>Llega<\/strong><\/p><\/td><\/tr><tr><td width=\"123\"><p>14 Febrero<\/p><\/td><td width=\"243\"><p>Santiago \/ Lima<\/p><\/td><td width=\"123\"><p>SKY 802<\/p><\/td><td width=\"123\"><p>05:55<\/p><\/td><td width=\"123\"><p>07:50<\/p><\/td><\/tr><tr><td width=\"123\"><p>14 Febrero<\/p><\/td><td width=\"243\"><p>Lima \/ Punta Cana<\/p><\/td><td width=\"123\"><p>SKY 5580<\/p><\/td><td width=\"123\"><p>10:15<\/p><\/td><td width=\"123\"><p>16:30<\/p><\/td><\/tr><tr><td width=\"123\"><p>21 Febrero<\/p><\/td><td width=\"243\"><p>Punta Cana \/ Lima<\/p><\/td><td width=\"123\"><p>SKY 5581<\/p><\/td><td width=\"123\"><p>17:40<\/p><\/td><td width=\"123\"><p>21:50<\/p><\/td><\/tr><tr><td width=\"123\"><p>22 Febrero<\/p><\/td><td width=\"243\"><p>Lima \/ Santiago<\/p><\/td><td width=\"123\"><p>SKY 805<\/p><\/td><td width=\"123\"><p>00:10<\/p><\/td><td width=\"123\"><p>05:50<\/p><\/td><\/tr><\/tbody><\/table><p><strong>Condiciones Generales<\/strong><\/p><ul><li>Valor INFANTE hasta 1 a\u00f1o con 11 meses USD 250, Neto no comisionable.<\/li><li>Valores por pasajero en d\u00f3lares americanos.<\/li><li>Traslados y visitas son en servicio compartido y\/o regular<\/li><li>Las habitaciones con cama matrimonial o camas twin queda solicitado, no garantizado.<\/li><li>Para algunos pa\u00edses es necesario el pago de la tasa de municipalidad directamente en el hotel.<\/li><li>Pasajes a\u00e9reos no permite cambios<\/li><li>Pasajes a\u00e9reos no aplica reembolso<\/li><li>Tarifa a\u00e9rea <strong><em>v\u00eda SKY<\/em><\/strong> en clase econ\u00f3mica, incluye impuestos a\u00e9reos no comisionable<\/li><li>Tarifa a\u00e9rea incluye 1 maleta de bodega de hasta 23 kg.<\/li><li>Grupos y\/o Bloqueos no permiten prechequeo en la mayor\u00eda de las rutas, viajeros deben realizarlo directamente en el aeropuerto.<\/li><li><strong><em>Selecci\u00f3n de asientos y Check in: <\/em><\/strong>El Check in es responsabilidad de cada pasajero, el cual se debe dirigir al counter de la l\u00ednea a\u00e9rea (con la cual viaja). En ese momento adem\u00e1s debe chequear su equipaje, y solicitar su asignaci\u00f3n de asientos, la que se realizar\u00e1 de manera aleatoria. Si el pasajero desea cambiar el asiento asignado, lo puede realizar en ese momento, el cual puede tener un costo adicional, a pagar directo en el aeropuerto.<\/li><li>Las salidas grupales deben contar <em>con un m\u00ednimo de 10 pasajeros.<\/em> En caso de no reunirse dicha cantidad, Pacific Reps se reserva el derecho de informar la cancelaci\u00f3n del mismo, teniendo el pasajero derecho al reintegro de la suma total abonada sin que corresponda realizar otro tipo de compensaci\u00f3n por parte del operador. De no aceptar el reintegro, el pasajero podr\u00e1 optar por un itinerario alternativo y sujeto a recotizaci\u00f3n.<\/li><li><strong><em>Tarifas sujetas al alza de combustible<\/em><\/strong><\/li><li><em>Recargos<\/em><em> de temporada alta, cenas obligatorias y condiciones especiales pueden ser aplicados por el hotel.<\/em><\/li><li>El itinerario y hoteles podr\u00edan sufrir modificaciones o ser sustituidos por razones de fuerza mayor.<\/li><li>Programa sujeto a multas por concepto de anulaci\u00f3n o modificaci\u00f3n de servicios.<\/li><li>Documentaci\u00f3n de viajes es de responsabilidad de cada pasajero.<\/li><li>Se exige el pasaporte con validez m\u00ednima de 06 meses a partir de la fecha del viaje.<\/li><li>Obligaci\u00f3n del Pasajero: tener su documentaci\u00f3n al d\u00eda pasaporte vigente de cada pasajero aun siendo ni\u00f1os menores los que viajan en el grupo familiar. Vacunas y salvo conducto seg\u00fan requiere el pa\u00eds de salida y de ingreso.<\/li><li>La fecha de t\u00e9rmino de la tarifa corresponde a la fecha de t\u00e9rmino del viaje.<\/li><li>Servicios terrestres sujetos a cargos por anulaci\u00f3n los cuales se informar\u00e1n al confirmar la reserva.<\/li><\/ul><\/div>\n\t\t\t\t\t\t\t<\/div>\n\t\t<\/div>\n\t\t\t\t\t\t<\/div>\n\t\t\t\t<\/div>\n\t\t\t\t<div class=\"elementor-element elementor-element-3aeeca47 elementor-widget elementor-widget-heading\" data-id=\"3aeeca47\" data-element_type=\"widget\" data-e-type=\"widget\" data-widget_type=\"heading.default\">\n\t\t\t\t<div class=\"elementor-widget-container\">\n\t\t\t\t\t<h4 class=\"elementor-heading-title elementor-size-default\">GALERIA \/ FOTOS<\/h4>\t\t\t\t<\/div>\n\t\t\t\t<\/div>\n\t\t\t\t<div class=\"elementor-element elementor-element-2e2fa6c1 elementor-pagination-position-outside elementor-widget elementor-widget-image-carousel\" data-id=\"2e2fa6c1\" data-element_type=\"widget\" data-e-type=\"widget\" data-settings=\"{&quot;slides_to_show&quot;:&quot;2&quot;,&quot;slides_to_show_tablet&quot;:&quot;3&quot;,&quot;navigation&quot;:&quot;dots&quot;,&quot;image_spacing_custom&quot;:{&quot;unit&quot;:&quot;px&quot;,&quot;size&quot;:15,&quot;sizes&quot;:[]},&quot;autoplay&quot;:&quot;yes&quot;,&quot;pause_on_hover&quot;:&quot;yes&quot;,&quot;pause_on_interaction&quot;:&quot;yes&quot;,&quot;autoplay_speed&quot;:5000,&quot;infinite&quot;:&quot;yes&quot;,&quot;speed&quot;:500,&quot;image_spacing_custom_tablet&quot;:{&quot;unit&quot;:&quot;px&quot;,&quot;size&quot;:&quot;&quot;,&quot;sizes&quot;:[]},&quot;image_spacing_custom_mobile&quot;:{&quot;unit&quot;:&quot;px&quot;,&quot;size&quot;:&quot;&quot;,&quot;sizes&quot;:[]}}\" data-widget_type=\"image-carousel.default\">\n\t\t\t\t<div class=\"elementor-widget-container\">\n\t\t\t\t\t\t\t<div class=\"elementor-image-carousel-wrapper swiper\" role=\"region\" aria-roledescription=\"carousel\" aria-label=\"Carrusel de im\u00e1genes\" dir=\"ltr\">\n\t\t\t<div class=\"elementor-image-carousel swiper-wrapper swiper-image-stretch\" aria-live=\"off\">\n\t\t\t\t\t\t\t\t<div class=\"swiper-slide\" role=\"group\" aria-roledescription=\"slide\" aria-label=\"1 de 3\"><figure class=\"swiper-slide-inner\"><img decoding=\"async\" class=\"swiper-slide-image\" src=\"https:\/\/tupatu.cl\/wp-content\/uploads\/2024\/08\/melia-caribe-beach-resort.jpg\" alt=\"melia-caribe-beach-resort\" \/><\/figure><\/div><div class=\"swiper-slide\" role=\"group\" aria-roledescription=\"slide\" aria-label=\"2 de 3\"><figure class=\"swiper-slide-inner\"><img decoding=\"async\" class=\"swiper-slide-image\" src=\"https:\/\/tupatu.cl\/wp-content\/uploads\/2024\/08\/caption.jpg\" alt=\"caption\" \/><\/figure><\/div><div class=\"swiper-slide\" role=\"group\" aria-roledescription=\"slide\" aria-label=\"3 de 3\"><figure class=\"swiper-slide-inner\"><img decoding=\"async\" class=\"swiper-slide-image\" src=\"https:\/\/tupatu.cl\/wp-content\/uploads\/2024\/10\/Area-Verde-Green-Area1.jpg\" alt=\"Area-Verde-Green-Area1\" \/><\/figure><\/div>\t\t\t<\/div>\n\t\t\t\t\t\t\t\n\t\t\t\t\t\t\t\t\t<div class=\"swiper-pagination\"><\/div>\n\t\t\t\t\t\t\t\t\t<\/div>\n\t\t\t\t\t\t<\/div>\n\t\t\t\t<\/div>\n\t\t\t\t\t<\/div>\n\t\t<\/div>\n\t\t\t\t\t<\/div>\n\t\t<\/section>\n\t\t\t\t\t<\/div>\n\t\t<\/div>\n\t\t\t\t<div class=\"elementor-column elementor-col-50 elementor-top-column elementor-element elementor-element-18539935\" data-id=\"18539935\" data-element_type=\"column\" data-e-type=\"column\">\n\t\t\t<div class=\"elementor-widget-wrap elementor-element-populated\">\n\t\t\t\t\t\t<section class=\"elementor-section elementor-inner-section elementor-element elementor-element-2e9a5b11 elementor-section-boxed elementor-section-height-default elementor-section-height-default\" data-id=\"2e9a5b11\" data-element_type=\"section\" data-e-type=\"section\" data-settings=\"{&quot;background_background&quot;:&quot;classic&quot;}\">\n\t\t\t\t\t\t<div class=\"elementor-container elementor-column-gap-no\">\n\t\t\t\t\t<div class=\"elementor-column elementor-col-100 elementor-inner-column elementor-element elementor-element-231e30ba\" data-id=\"231e30ba\" data-element_type=\"column\" data-e-type=\"column\" data-settings=\"{&quot;background_background&quot;:&quot;classic&quot;}\">\n\t\t\t<div class=\"elementor-widget-wrap elementor-element-populated\">\n\t\t\t\t\t\t<div class=\"elementor-element elementor-element-e0277a7 elementor-widget elementor-widget-elementskit-heading\" data-id=\"e0277a7\" data-element_type=\"widget\" data-e-type=\"widget\" data-widget_type=\"elementskit-heading.default\">\n\t\t\t\t<div class=\"elementor-widget-container\">\n\t\t\t\t\t<div class=\"ekit-wid-con\" ><div class=\"ekit-heading elementskit-section-title-wraper text_center   ekit_heading_tablet-   ekit_heading_mobile-\"><h5 class=\"ekit-heading--title elementskit-section-title \"><span><span>Desde $1,961<\/span><\/span> USD \/ por persona<\/h5><\/div><\/div>\t\t\t\t<\/div>\n\t\t\t\t<\/div>\n\t\t\t\t\t<\/div>\n\t\t<\/div>\n\t\t\t\t\t<\/div>\n\t\t<\/section>\n\t\t\t\t<section class=\"elementor-section elementor-inner-section elementor-element elementor-element-6f85b678 elementor-section-boxed elementor-section-height-default elementor-section-height-default\" data-id=\"6f85b678\" data-element_type=\"section\" data-e-type=\"section\">\n\t\t\t\t\t\t<div class=\"elementor-container elementor-column-gap-default\">\n\t\t\t\t\t<div class=\"elementor-column elementor-col-100 elementor-inner-column elementor-element elementor-element-4efb15f1\" data-id=\"4efb15f1\" data-element_type=\"column\" data-e-type=\"column\">\n\t\t\t<div class=\"elementor-widget-wrap elementor-element-populated\">\n\t\t\t\t\t\t<div class=\"elementor-element elementor-element-3370d504 elementor-widget elementor-widget-google_maps\" data-id=\"3370d504\" data-element_type=\"widget\" data-e-type=\"widget\" data-widget_type=\"google_maps.default\">\n\t\t\t\t<div class=\"elementor-widget-container\">\n\t\t\t\t\t\t\t<div class=\"elementor-custom-embed\">\n\t\t\t<iframe loading=\"lazy\"\n\t\t\t\t\tsrc=\"https:\/\/maps.google.com\/maps?q=punta%20cana&#038;t=m&#038;z=10&#038;output=embed&#038;iwloc=near\"\n\t\t\t\t\ttitle=\"punta cana\"\n\t\t\t\t\taria-label=\"punta cana\"\n\t\t\t><\/iframe>\n\t\t<\/div>\n\t\t\t\t\t\t<\/div>\n\t\t\t\t<\/div>\n\t\t\t\t\t<\/div>\n\t\t<\/div>\n\t\t\t\t\t<\/div>\n\t\t<\/section>\n\t\t\t\t\t<\/div>\n\t\t<\/div>\n\t\t\t\t\t<\/div>\n\t\t<\/section>\n\t\t\t\t<\/div>\n\t\t","protected":false},"excerpt":{"rendered":"<p>Punta Cana (Republica Dominicana) 8 dias \/ 7 noches VIAJE INCLUYE VIAJE INCLUYE Pasaje a\u00e9reo Santiago \/ Punta Cana \/ Santiago, v\u00eda SKY en clase econ\u00f3mica, cupos confirmados Impuestos a\u00e9reos Traslados Aeropuerto Punta Cana \/ Hotel \/ Aeropuerto Punta Cana en servicio regular 7 noches en Hotel a seleccionar Regimen alimentaci\u00f3n todo incluido Maleta de [&hellip;]<\/p>\n","protected":false},"author":1,"featured_media":0,"parent":0,"menu_order":0,"comment_status":"closed","ping_status":"closed","template":"","meta":{"footnotes":""},"class_list":["post-2584","page","type-page","status-publish","hentry"],"_links":{"self":[{"href":"https:\/\/tupatu.cl\/index.php\/wp-json\/wp\/v2\/pages\/2584","targetHints":{"allow":["GET"]}}],"collection":[{"href":"https:\/\/tupatu.cl\/index.php\/wp-json\/wp\/v2\/pages"}],"about":[{"href":"https:\/\/tupatu.cl\/index.php\/wp-json\/wp\/v2\/types\/page"}],"author":[{"embeddable":true,"href":"https:\/\/tupatu.cl\/index.php\/wp-json\/wp\/v2\/users\/1"}],"replies":[{"embeddable":true,"href":"https:\/\/tupatu.cl\/index.php\/wp-json\/wp\/v2\/comments?post=2584"}],"version-history":[{"count":34,"href":"https:\/\/tupatu.cl\/index.php\/wp-json\/wp\/v2\/pages\/2584\/revisions"}],"predecessor-version":[{"id":2770,"href":"https:\/\/tupatu.cl\/index.php\/wp-json\/wp\/v2\/pages\/2584\/revisions\/2770"}],"wp:attachment":[{"href":"https:\/\/tupatu.cl\/index.php\/wp-json\/wp\/v2\/media?parent=2584"}],"curies":[{"name":"wp","href":"https:\/\/api.w.org\/{rel}","templated":true}]}}