{"id":2621,"date":"2024-08-05T00:57:56","date_gmt":"2024-08-05T00:57:56","guid":{"rendered":"https:\/\/tupatu.cl\/?page_id=2621"},"modified":"2024-10-23T19:44:18","modified_gmt":"2024-10-23T19:44:18","slug":"mexico","status":"publish","type":"page","link":"https:\/\/tupatu.cl\/index.php\/mexico\/","title":{"rendered":"MEXICO"},"content":{"rendered":"\t\t<div data-elementor-type=\"wp-page\" data-elementor-id=\"2621\" class=\"elementor elementor-2621\" data-elementor-post-type=\"page\">\n\t\t\t\t\t\t<section class=\"elementor-section elementor-top-section elementor-element elementor-element-565ceac9 elementor-section-boxed elementor-section-height-default elementor-section-height-default\" data-id=\"565ceac9\" data-element_type=\"section\" data-e-type=\"section\">\n\t\t\t\t\t\t<div class=\"elementor-container elementor-column-gap-no\">\n\t\t\t\t\t<div class=\"elementor-column elementor-col-50 elementor-top-column elementor-element elementor-element-42a06f0\" data-id=\"42a06f0\" data-element_type=\"column\" data-e-type=\"column\">\n\t\t\t<div class=\"elementor-widget-wrap elementor-element-populated\">\n\t\t\t\t\t\t<section class=\"elementor-section elementor-inner-section elementor-element elementor-element-5af2e3e8 elementor-section-boxed elementor-section-height-default elementor-section-height-default\" data-id=\"5af2e3e8\" data-element_type=\"section\" data-e-type=\"section\">\n\t\t\t\t\t\t<div class=\"elementor-container elementor-column-gap-no\">\n\t\t\t\t\t<div class=\"elementor-column elementor-col-100 elementor-inner-column elementor-element elementor-element-f62297\" data-id=\"f62297\" data-element_type=\"column\" data-e-type=\"column\">\n\t\t\t<div class=\"elementor-widget-wrap elementor-element-populated\">\n\t\t\t\t\t\t<div class=\"elementor-element elementor-element-6aff7540 elementor-widget elementor-widget-heading\" data-id=\"6aff7540\" data-element_type=\"widget\" data-e-type=\"widget\" data-widget_type=\"heading.default\">\n\t\t\t\t<div class=\"elementor-widget-container\">\n\t\t\t\t\t<h2 class=\"elementor-heading-title elementor-size-default\">Programa Caribe Mexicano<\/h2>\t\t\t\t<\/div>\n\t\t\t\t<\/div>\n\t\t\t\t<div class=\"elementor-element elementor-element-7a375585 elementor-widget elementor-widget-image\" data-id=\"7a375585\" data-element_type=\"widget\" data-e-type=\"widget\" data-widget_type=\"image.default\">\n\t\t\t\t<div class=\"elementor-widget-container\">\n\t\t\t\t\t\t\t\t\t\t\t\t\t\t\t<img fetchpriority=\"high\" decoding=\"async\" width=\"800\" height=\"450\" src=\"https:\/\/tupatu.cl\/wp-content\/uploads\/2024\/10\/gallery-3-1024x576.jpg\" class=\"attachment-large size-large wp-image-2729\" alt=\"\" srcset=\"https:\/\/tupatu.cl\/wp-content\/uploads\/2024\/10\/gallery-3-1024x576.jpg 1024w, https:\/\/tupatu.cl\/wp-content\/uploads\/2024\/10\/gallery-3-300x169.jpg 300w, https:\/\/tupatu.cl\/wp-content\/uploads\/2024\/10\/gallery-3-768x432.jpg 768w, https:\/\/tupatu.cl\/wp-content\/uploads\/2024\/10\/gallery-3-600x337.jpg 600w, https:\/\/tupatu.cl\/wp-content\/uploads\/2024\/10\/gallery-3.jpg 1366w\" sizes=\"(max-width: 800px) 100vw, 800px\" \/>\t\t\t\t\t\t\t\t\t\t\t\t\t\t\t<\/div>\n\t\t\t\t<\/div>\n\t\t\t\t<div class=\"elementor-element elementor-element-2fec96fb elementor-align-center elementor-icon-list--layout-inline elementor-list-item-link-full_width elementor-widget elementor-widget-icon-list\" data-id=\"2fec96fb\" data-element_type=\"widget\" data-e-type=\"widget\" data-widget_type=\"icon-list.default\">\n\t\t\t\t<div class=\"elementor-widget-container\">\n\t\t\t\t\t\t\t<ul class=\"elementor-icon-list-items elementor-inline-items\">\n\t\t\t\t\t\t\t<li class=\"elementor-icon-list-item elementor-inline-item\">\n\t\t\t\t\t\t\t\t\t\t\t<span class=\"elementor-icon-list-icon\">\n\t\t\t\t\t\t\t<i aria-hidden=\"true\" class=\"far fa-clock\"><\/i>\t\t\t\t\t\t<\/span>\n\t\t\t\t\t\t\t\t\t\t<span class=\"elementor-icon-list-text\">8 dias \/ 7 noches<\/span>\n\t\t\t\t\t\t\t\t\t<\/li>\n\t\t\t\t\t\t<\/ul>\n\t\t\t\t\t\t<\/div>\n\t\t\t\t<\/div>\n\t\t\t\t<div class=\"elementor-element elementor-element-2143e898 elementor-tabs-view-horizontal elementor-widget elementor-widget-tabs\" data-id=\"2143e898\" data-element_type=\"widget\" data-e-type=\"widget\" data-widget_type=\"tabs.default\">\n\t\t\t\t<div class=\"elementor-widget-container\">\n\t\t\t\t\t\t\t<div class=\"elementor-tabs\">\n\t\t\t<div class=\"elementor-tabs-wrapper\" role=\"tablist\" >\n\t\t\t\t\t\t\t\t\t<div id=\"elementor-tab-title-5581\" class=\"elementor-tab-title elementor-tab-desktop-title\" aria-selected=\"true\" data-tab=\"1\" role=\"tab\" tabindex=\"0\" aria-controls=\"elementor-tab-content-5581\" aria-expanded=\"false\">VIAJE INCLUYE<\/div>\n\t\t\t\t\t\t\t<\/div>\n\t\t\t<div class=\"elementor-tabs-content-wrapper\" role=\"tablist\" aria-orientation=\"vertical\">\n\t\t\t\t\t\t\t\t\t<div class=\"elementor-tab-title elementor-tab-mobile-title\" aria-selected=\"true\" data-tab=\"1\" role=\"tab\" tabindex=\"0\" aria-controls=\"elementor-tab-content-5581\" aria-expanded=\"false\">VIAJE INCLUYE<\/div>\n\t\t\t\t\t<div id=\"elementor-tab-content-5581\" class=\"elementor-tab-content elementor-clearfix\" data-tab=\"1\" role=\"tabpanel\" aria-labelledby=\"elementor-tab-title-5581\" tabindex=\"0\" hidden=\"false\"><ul><li>Pasaje a\u00e9reo Santiago \/ Canc\u00fan \/ Santiago, v\u00eda SKY en clase econ\u00f3mica, cupos confirmados<\/li><li>Impuestos a\u00e9reos<\/li><li>Traslados Aeropuerto Canc\u00fan \/ Hotel \/ Aeropuerto Canc\u00fan en servicio regular<\/li><li>7 noches en Hotel a seleccionar<\/li><li>Regimen alimentaci\u00f3n todo incluido<\/li><li>Equipaje de 23kg. en bodega<\/li><\/ul><p>\u00a0<\/p><p>24 ENERO<\/p><table width=\"737\"><tbody><tr><td width=\"123\"><p><strong>Fecha viaje <\/strong><\/p><\/td><td width=\"243\"><p><strong>Ruta<\/strong><\/p><\/td><td width=\"123\"><p><strong>N\u00b0 de vuelo<\/strong><\/p><\/td><td width=\"123\"><p><strong>Sale <\/strong><\/p><\/td><td width=\"123\"><p><strong>Llega<\/strong><\/p><\/td><\/tr><tr><td width=\"123\"><p>24 Enero<\/p><\/td><td width=\"243\"><p>Santiago \/ Lima<\/p><\/td><td width=\"123\"><p>SKY 802<\/p><\/td><td width=\"123\"><p>05:55<\/p><\/td><td width=\"123\"><p>07:50<\/p><\/td><\/tr><tr><td width=\"123\"><p>24 Enero<\/p><\/td><td width=\"243\"><p>Lima \/ Canc\u00fan<\/p><\/td><td width=\"123\"><p>SKY 5553<\/p><\/td><td width=\"123\"><p>10:00<\/p><\/td><td width=\"123\"><p>15:45<\/p><\/td><\/tr><tr><td width=\"123\"><p>31 Enero<\/p><\/td><td width=\"243\"><p>Canc\u00fan \/ Lima<\/p><\/td><td width=\"123\"><p>SKY 5554<\/p><\/td><td width=\"123\"><p>16:50<\/p><\/td><td width=\"123\"><p>22:10<\/p><\/td><\/tr><tr><td width=\"123\"><p>01 Febrero<\/p><\/td><td width=\"243\"><p>Lima \/ Santiago<\/p><\/td><td width=\"123\"><p>SKY 805<\/p><\/td><td width=\"123\"><p>00:10<\/p><\/td><td width=\"123\"><p>05:50<\/p><\/td><\/tr><\/tbody><\/table><p>25 ENERO<\/p><table width=\"737\"><tbody><tr><td width=\"123\"><p><strong>Fecha viaje <\/strong><\/p><\/td><td width=\"243\"><p><strong>Ruta<\/strong><\/p><\/td><td width=\"123\"><p><strong>N\u00b0 de vuelo<\/strong><\/p><\/td><td width=\"123\"><p><strong>Sale <\/strong><\/p><\/td><td width=\"123\"><p><strong>Llega<\/strong><\/p><\/td><\/tr><tr><td width=\"123\"><p>25 Enero<\/p><\/td><td width=\"243\"><p>Santiago \/ Lima<\/p><\/td><td width=\"123\"><p>SKY 802<\/p><\/td><td width=\"123\"><p>05:55<\/p><\/td><td width=\"123\"><p>07:50<\/p><\/td><\/tr><tr><td width=\"123\"><p>25 Enero<\/p><\/td><td width=\"243\"><p>Lima \/ Canc\u00fan<\/p><\/td><td width=\"123\"><p>SKY 5553<\/p><\/td><td width=\"123\"><p>10:00<\/p><\/td><td width=\"123\"><p>15:45<\/p><\/td><\/tr><tr><td width=\"123\"><p>01 Febrero<\/p><\/td><td width=\"243\"><p>Canc\u00fan \/ Lima<\/p><\/td><td width=\"123\"><p>SKY 5554<\/p><\/td><td width=\"123\"><p>16:50<\/p><\/td><td width=\"123\"><p>22:10<\/p><\/td><\/tr><tr><td width=\"123\"><p>02 Febrero<\/p><\/td><td width=\"243\"><p>Lima \/ Santiago<\/p><\/td><td width=\"123\"><p>SKY 805<\/p><\/td><td width=\"123\"><p>00:10<\/p><\/td><td width=\"123\"><p>05:50<\/p><\/td><\/tr><\/tbody><\/table><p>31 ENERO<\/p><table width=\"737\"><tbody><tr><td width=\"123\"><p><strong>Fecha viaje <\/strong><\/p><\/td><td width=\"243\"><p><strong>Ruta<\/strong><\/p><\/td><td width=\"123\"><p><strong>N\u00b0 de vuelo<\/strong><\/p><\/td><td width=\"123\"><p><strong>Sale <\/strong><\/p><\/td><td width=\"123\"><p><strong>Llega<\/strong><\/p><\/td><\/tr><tr><td width=\"123\"><p>31 Enero<\/p><\/td><td width=\"243\"><p>Santiago \/ Lima<\/p><\/td><td width=\"123\"><p>SKY 802<\/p><\/td><td width=\"123\"><p>05:55<\/p><\/td><td width=\"123\"><p>07:50<\/p><\/td><\/tr><tr><td width=\"123\"><p>31 Enero<\/p><\/td><td width=\"243\"><p>Lima \/ Canc\u00fan<\/p><\/td><td width=\"123\"><p>SKY 5553<\/p><\/td><td width=\"123\"><p>10:00<\/p><\/td><td width=\"123\"><p>15:45<\/p><\/td><\/tr><tr><td width=\"123\"><p>07 Febrero<\/p><\/td><td width=\"243\"><p>Canc\u00fan \/ Lima<\/p><\/td><td width=\"123\"><p>SKY 5554<\/p><\/td><td width=\"123\"><p>16:50<\/p><\/td><td width=\"123\"><p>22:10<\/p><\/td><\/tr><tr><td width=\"123\"><p>08 Febrero<\/p><\/td><td width=\"243\"><p>Lima \/ Santiago<\/p><\/td><td width=\"123\"><p>SKY 805<\/p><\/td><td width=\"123\"><p>00:10<\/p><\/td><td width=\"123\"><p>05:50<\/p><\/td><\/tr><\/tbody><\/table><p>01 FEBRERO<\/p><table width=\"737\"><tbody><tr><td width=\"123\"><p><strong>Fecha viaje <\/strong><\/p><\/td><td width=\"243\"><p><strong>Ruta<\/strong><\/p><\/td><td width=\"123\"><p><strong>N\u00b0 de vuelo<\/strong><\/p><\/td><td width=\"123\"><p><strong>Sale <\/strong><\/p><\/td><td width=\"123\"><p><strong>Llega<\/strong><\/p><\/td><\/tr><tr><td width=\"123\"><p>01 Febrero<\/p><\/td><td width=\"243\"><p>Santiago \/ Lima<\/p><\/td><td width=\"123\"><p>SKY 802<\/p><\/td><td width=\"123\"><p>05:55<\/p><\/td><td width=\"123\"><p>07:50<\/p><\/td><\/tr><tr><td width=\"123\"><p>01 Febrero<\/p><\/td><td width=\"243\"><p>Lima \/ Canc\u00fan<\/p><\/td><td width=\"123\"><p>SKY 5553<\/p><\/td><td width=\"123\"><p>10:00<\/p><\/td><td width=\"123\"><p>15:45<\/p><\/td><\/tr><tr><td width=\"123\"><p>08 Febrero<\/p><\/td><td width=\"243\"><p>Canc\u00fan \/ Lima<\/p><\/td><td width=\"123\"><p>SKY 5554<\/p><\/td><td width=\"123\"><p>16:50<\/p><\/td><td width=\"123\"><p>22:10<\/p><\/td><\/tr><tr><td width=\"123\"><p>09 Febrero<\/p><\/td><td width=\"243\"><p>Lima \/ Santiago<\/p><\/td><td width=\"123\"><p>SKY 805<\/p><\/td><td width=\"123\"><p>00:10<\/p><\/td><td width=\"123\"><p>05:50<\/p><\/td><\/tr><\/tbody><\/table><p>07 FEBRERO<\/p><table width=\"737\"><tbody><tr><td width=\"123\"><p><strong>Fecha viaje <\/strong><\/p><\/td><td width=\"243\"><p><strong>Ruta<\/strong><\/p><\/td><td width=\"123\"><p><strong>N\u00b0 de vuelo<\/strong><\/p><\/td><td width=\"123\"><p><strong>Sale <\/strong><\/p><\/td><td width=\"123\"><p><strong>Llega<\/strong><\/p><\/td><\/tr><tr><td width=\"123\"><p>07 Febrero<\/p><\/td><td width=\"243\"><p>Santiago \/ Lima<\/p><\/td><td width=\"123\"><p>SKY 802<\/p><\/td><td width=\"123\"><p>05:55<\/p><\/td><td width=\"123\"><p>07:50<\/p><\/td><\/tr><tr><td width=\"123\"><p>07 Febrero<\/p><\/td><td width=\"243\"><p>Lima \/ Canc\u00fan<\/p><\/td><td width=\"123\"><p>SKY 5553<\/p><\/td><td width=\"123\"><p>10:00<\/p><\/td><td width=\"123\"><p>15:45<\/p><\/td><\/tr><tr><td width=\"123\"><p>14 Febrero<\/p><\/td><td width=\"243\"><p>Canc\u00fan \/ Lima<\/p><\/td><td width=\"123\"><p>SKY 5554<\/p><\/td><td width=\"123\"><p>16:50<\/p><\/td><td width=\"123\"><p>22:10<\/p><\/td><\/tr><tr><td width=\"123\"><p>15 Febrero<\/p><\/td><td width=\"243\"><p>Lima \/ Santiago<\/p><\/td><td width=\"123\"><p>SKY 805<\/p><\/td><td width=\"123\"><p>00:10<\/p><\/td><td width=\"123\"><p>05:50<\/p><\/td><\/tr><\/tbody><\/table><p>08 FEBRERO<\/p><table width=\"737\"><tbody><tr><td width=\"123\"><p><strong>Fecha viaje <\/strong><\/p><\/td><td width=\"243\"><p><strong>Ruta<\/strong><\/p><\/td><td width=\"123\"><p><strong>N\u00b0 de vuelo<\/strong><\/p><\/td><td width=\"123\"><p><strong>Sale <\/strong><\/p><\/td><td width=\"123\"><p><strong>Llega<\/strong><\/p><\/td><\/tr><tr><td width=\"123\"><p>08 Febrero<\/p><\/td><td width=\"243\"><p>Santiago \/ Lima<\/p><\/td><td width=\"123\"><p>SKY 802<\/p><\/td><td width=\"123\"><p>05:55<\/p><\/td><td width=\"123\"><p>07:50<\/p><\/td><\/tr><tr><td width=\"123\"><p>08 Febrero<\/p><\/td><td width=\"243\"><p>Lima \/ Canc\u00fan<\/p><\/td><td width=\"123\"><p>SKY 5553<\/p><\/td><td width=\"123\"><p>10:00<\/p><\/td><td width=\"123\"><p>15:45<\/p><\/td><\/tr><tr><td width=\"123\"><p>15 Febrero<\/p><\/td><td width=\"243\"><p>Canc\u00fan \/ Lima<\/p><\/td><td width=\"123\"><p>SKY 5554<\/p><\/td><td width=\"123\"><p>16:50<\/p><\/td><td width=\"123\"><p>22:10<\/p><\/td><\/tr><tr><td width=\"123\"><p>16 Febrero<\/p><\/td><td width=\"243\"><p>Lima \/ Santiago<\/p><\/td><td width=\"123\"><p>SKY 805<\/p><\/td><td width=\"123\"><p>00:10<\/p><\/td><td width=\"123\"><p>05:50<\/p><\/td><\/tr><\/tbody><\/table><p><strong>Condiciones Generales<\/strong><\/p><ul><li>Valor INFANTE hasta 1 a\u00f1o con 11 meses USD 250, Neto no comisionable.<\/li><li>Valores por pasajero en d\u00f3lares americanos.<\/li><li>Traslados y visitas son en servicio compartido y\/o regular<\/li><li>Las habitaciones con cama matrimonial o camas twin queda solicitado, no garantizado.<\/li><li>Para algunos pa\u00edses es necesario el pago de la tasa de municipalidad directamente en el hotel.<\/li><li>Pasajes a\u00e9reos no permite cambios<\/li><li>Pasajes a\u00e9reos no aplica reembolso<\/li><li>Tarifa a\u00e9rea <strong><em>v\u00eda SKY <\/em><\/strong>en clase econ\u00f3mica, incluye impuestos a\u00e9reos no comisionable<\/li><li>Tarifa a\u00e9rea incluye 1 maleta de bodega de hasta 23 kg.<\/li><li>Grupos y\/o Bloqueos no permiten prechequeo en la mayor\u00eda de las rutas, viajeros deben realizarlo directamente en el aeropuerto.<\/li><li><strong><em>Selecci\u00f3n de asientos y Check in: <\/em><\/strong>El Check in es responsabilidad de cada pasajero, el cual se debe dirigir al counter de la l\u00ednea a\u00e9rea (con la cual viaja). En ese momento adem\u00e1s debe chequear su equipaje, y solicitar su asignaci\u00f3n de asientos, la que se realizar\u00e1 de manera aleatoria. Si el pasajero desea cambiar el asiento asignado, lo puede realizar en ese momento, el cual puede tener un costo adicional, a pagar directo en el aeropuerto.<\/li><li>Las salidas grupales deben contar <em>con un m\u00ednimo de 10 pasajeros.<\/em> En caso de no reunirse dicha cantidad, Turismo Patagonia Turquesa se reserva el derecho de informar la cancelaci\u00f3n del mismo, teniendo el pasajero derecho al reintegro de la suma total abonada sin que corresponda realizar otro tipo de compensaci\u00f3n por parte del operador. De no aceptar el reintegro, el pasajero podr\u00e1 optar por un itinerario alternativo y sujeto a recotizaci\u00f3n.<\/li><li><strong><em>Tarifas sujetas al alza de combustible<\/em><\/strong><\/li><li><em>Recargos<\/em><em> de temporada alta, cenas obligatorias y condiciones especiales pueden ser aplicados por el hotel.<\/em><\/li><li>El itinerario y hoteles podr\u00edan sufrir modificaciones o ser sustituidos por razones de fuerza mayor.<\/li><li>Programa sujeto a multas por concepto de anulaci\u00f3n o modificaci\u00f3n de servicios.<\/li><li>Documentaci\u00f3n de viajes es de responsabilidad de cada pasajero.<\/li><li>Se exige el pasaporte con validez m\u00ednima de 06 meses a partir de la fecha del viaje.<\/li><li>Obligaci\u00f3n del Pasajero: tener su documentaci\u00f3n al d\u00eda pasaporte vigente de cada pasajero aun siendo ni\u00f1os menores los que viajan en el grupo familiar. Vacunas y salvo conducto seg\u00fan requiere el pa\u00eds de salida y de ingreso.<\/li><li>La fecha de t\u00e9rmino de la tarifa corresponde a la fecha de t\u00e9rmino del viaje.<\/li><li>Servicios terrestres sujetos a cargos por anulaci\u00f3n los cuales se informar\u00e1n al confirmar la reserva.<\/li><\/ul><\/div>\n\t\t\t\t\t\t\t<\/div>\n\t\t<\/div>\n\t\t\t\t\t\t<\/div>\n\t\t\t\t<\/div>\n\t\t\t\t<div class=\"elementor-element elementor-element-1e9a2c0c elementor-widget elementor-widget-heading\" data-id=\"1e9a2c0c\" data-element_type=\"widget\" data-e-type=\"widget\" data-widget_type=\"heading.default\">\n\t\t\t\t<div class=\"elementor-widget-container\">\n\t\t\t\t\t<h4 class=\"elementor-heading-title elementor-size-default\">GALERIA \/ FOTOS<\/h4>\t\t\t\t<\/div>\n\t\t\t\t<\/div>\n\t\t\t\t<div class=\"elementor-element elementor-element-2999f302 elementor-pagination-position-outside elementor-widget elementor-widget-image-carousel\" data-id=\"2999f302\" data-element_type=\"widget\" data-e-type=\"widget\" data-settings=\"{&quot;slides_to_show&quot;:&quot;2&quot;,&quot;slides_to_show_tablet&quot;:&quot;3&quot;,&quot;navigation&quot;:&quot;dots&quot;,&quot;image_spacing_custom&quot;:{&quot;unit&quot;:&quot;px&quot;,&quot;size&quot;:15,&quot;sizes&quot;:[]},&quot;autoplay&quot;:&quot;yes&quot;,&quot;pause_on_hover&quot;:&quot;yes&quot;,&quot;pause_on_interaction&quot;:&quot;yes&quot;,&quot;autoplay_speed&quot;:5000,&quot;infinite&quot;:&quot;yes&quot;,&quot;speed&quot;:500,&quot;image_spacing_custom_tablet&quot;:{&quot;unit&quot;:&quot;px&quot;,&quot;size&quot;:&quot;&quot;,&quot;sizes&quot;:[]},&quot;image_spacing_custom_mobile&quot;:{&quot;unit&quot;:&quot;px&quot;,&quot;size&quot;:&quot;&quot;,&quot;sizes&quot;:[]}}\" data-widget_type=\"image-carousel.default\">\n\t\t\t\t<div class=\"elementor-widget-container\">\n\t\t\t\t\t\t\t<div class=\"elementor-image-carousel-wrapper swiper\" role=\"region\" aria-roledescription=\"carousel\" aria-label=\"Carrusel de im\u00e1genes\" dir=\"ltr\">\n\t\t\t<div class=\"elementor-image-carousel swiper-wrapper swiper-image-stretch\" aria-live=\"off\">\n\t\t\t\t\t\t\t\t<div class=\"swiper-slide\" role=\"group\" aria-roledescription=\"slide\" aria-label=\"1 de 3\"><figure class=\"swiper-slide-inner\"><img decoding=\"async\" class=\"swiper-slide-image\" src=\"https:\/\/tupatu.cl\/wp-content\/uploads\/2024\/10\/gallery-1.jpg\" alt=\"gallery-1\" \/><\/figure><\/div><div class=\"swiper-slide\" role=\"group\" aria-roledescription=\"slide\" aria-label=\"2 de 3\"><figure class=\"swiper-slide-inner\"><img decoding=\"async\" class=\"swiper-slide-image\" src=\"https:\/\/tupatu.cl\/wp-content\/uploads\/2024\/10\/gallery-2.jpg\" alt=\"gallery-2\" \/><\/figure><\/div><div class=\"swiper-slide\" role=\"group\" aria-roledescription=\"slide\" aria-label=\"3 de 3\"><figure class=\"swiper-slide-inner\"><img decoding=\"async\" class=\"swiper-slide-image\" src=\"https:\/\/tupatu.cl\/wp-content\/uploads\/2024\/10\/gallery-4.jpg\" alt=\"gallery-4\" \/><\/figure><\/div>\t\t\t<\/div>\n\t\t\t\t\t\t\t\n\t\t\t\t\t\t\t\t\t<div class=\"swiper-pagination\"><\/div>\n\t\t\t\t\t\t\t\t\t<\/div>\n\t\t\t\t\t\t<\/div>\n\t\t\t\t<\/div>\n\t\t\t\t\t<\/div>\n\t\t<\/div>\n\t\t\t\t\t<\/div>\n\t\t<\/section>\n\t\t\t\t\t<\/div>\n\t\t<\/div>\n\t\t\t\t<div class=\"elementor-column elementor-col-50 elementor-top-column elementor-element elementor-element-1a9ca51a\" data-id=\"1a9ca51a\" data-element_type=\"column\" data-e-type=\"column\">\n\t\t\t<div class=\"elementor-widget-wrap elementor-element-populated\">\n\t\t\t\t\t\t<section class=\"elementor-section elementor-inner-section elementor-element elementor-element-51a99275 elementor-section-boxed elementor-section-height-default elementor-section-height-default\" data-id=\"51a99275\" data-element_type=\"section\" data-e-type=\"section\" data-settings=\"{&quot;background_background&quot;:&quot;classic&quot;}\">\n\t\t\t\t\t\t<div class=\"elementor-container elementor-column-gap-no\">\n\t\t\t\t\t<div class=\"elementor-column elementor-col-100 elementor-inner-column elementor-element elementor-element-6948ddf7\" data-id=\"6948ddf7\" data-element_type=\"column\" data-e-type=\"column\" data-settings=\"{&quot;background_background&quot;:&quot;classic&quot;}\">\n\t\t\t<div class=\"elementor-widget-wrap elementor-element-populated\">\n\t\t\t\t\t\t<div class=\"elementor-element elementor-element-4bca0083 elementor-widget elementor-widget-elementskit-heading\" data-id=\"4bca0083\" data-element_type=\"widget\" data-e-type=\"widget\" data-widget_type=\"elementskit-heading.default\">\n\t\t\t\t<div class=\"elementor-widget-container\">\n\t\t\t\t\t<div class=\"ekit-wid-con\" ><div class=\"ekit-heading elementskit-section-title-wraper text_center   ekit_heading_tablet-   ekit_heading_mobile-\"><h5 class=\"ekit-heading--title elementskit-section-title \"><span><span>Desde $2,126<\/span><\/span> USD  \/ por persona<\/h5><\/div><\/div>\t\t\t\t<\/div>\n\t\t\t\t<\/div>\n\t\t\t\t\t<\/div>\n\t\t<\/div>\n\t\t\t\t\t<\/div>\n\t\t<\/section>\n\t\t\t\t<section class=\"elementor-section elementor-inner-section elementor-element elementor-element-447e9e0f elementor-section-boxed elementor-section-height-default elementor-section-height-default\" data-id=\"447e9e0f\" data-element_type=\"section\" data-e-type=\"section\">\n\t\t\t\t\t\t<div class=\"elementor-container elementor-column-gap-default\">\n\t\t\t\t\t<div class=\"elementor-column elementor-col-100 elementor-inner-column elementor-element elementor-element-c0b2322\" data-id=\"c0b2322\" data-element_type=\"column\" data-e-type=\"column\">\n\t\t\t<div class=\"elementor-widget-wrap elementor-element-populated\">\n\t\t\t\t\t\t<div class=\"elementor-element elementor-element-4cc6164c elementor-widget elementor-widget-google_maps\" data-id=\"4cc6164c\" data-element_type=\"widget\" data-e-type=\"widget\" data-widget_type=\"google_maps.default\">\n\t\t\t\t<div class=\"elementor-widget-container\">\n\t\t\t\t\t\t\t<div class=\"elementor-custom-embed\">\n\t\t\t<iframe loading=\"lazy\"\n\t\t\t\t\tsrc=\"https:\/\/maps.google.com\/maps?q=cancun&#038;t=m&#038;z=10&#038;output=embed&#038;iwloc=near\"\n\t\t\t\t\ttitle=\"cancun\"\n\t\t\t\t\taria-label=\"cancun\"\n\t\t\t><\/iframe>\n\t\t<\/div>\n\t\t\t\t\t\t<\/div>\n\t\t\t\t<\/div>\n\t\t\t\t\t<\/div>\n\t\t<\/div>\n\t\t\t\t\t<\/div>\n\t\t<\/section>\n\t\t\t\t\t<\/div>\n\t\t<\/div>\n\t\t\t\t\t<\/div>\n\t\t<\/section>\n\t\t\t\t<\/div>\n\t\t","protected":false},"excerpt":{"rendered":"<p>Programa Caribe Mexicano 8 dias \/ 7 noches VIAJE INCLUYE VIAJE INCLUYE Pasaje a\u00e9reo Santiago \/ Canc\u00fan \/ Santiago, v\u00eda SKY en clase econ\u00f3mica, cupos confirmados Impuestos a\u00e9reos Traslados Aeropuerto Canc\u00fan \/ Hotel \/ Aeropuerto Canc\u00fan en servicio regular 7 noches en Hotel a seleccionar Regimen alimentaci\u00f3n todo incluido Equipaje de 23kg. en bodega \u00a0 [&hellip;]<\/p>\n","protected":false},"author":1,"featured_media":0,"parent":0,"menu_order":0,"comment_status":"closed","ping_status":"closed","template":"","meta":{"footnotes":""},"class_list":["post-2621","page","type-page","status-publish","hentry"],"_links":{"self":[{"href":"https:\/\/tupatu.cl\/index.php\/wp-json\/wp\/v2\/pages\/2621","targetHints":{"allow":["GET"]}}],"collection":[{"href":"https:\/\/tupatu.cl\/index.php\/wp-json\/wp\/v2\/pages"}],"about":[{"href":"https:\/\/tupatu.cl\/index.php\/wp-json\/wp\/v2\/types\/page"}],"author":[{"embeddable":true,"href":"https:\/\/tupatu.cl\/index.php\/wp-json\/wp\/v2\/users\/1"}],"replies":[{"embeddable":true,"href":"https:\/\/tupatu.cl\/index.php\/wp-json\/wp\/v2\/comments?post=2621"}],"version-history":[{"count":22,"href":"https:\/\/tupatu.cl\/index.php\/wp-json\/wp\/v2\/pages\/2621\/revisions"}],"predecessor-version":[{"id":2776,"href":"https:\/\/tupatu.cl\/index.php\/wp-json\/wp\/v2\/pages\/2621\/revisions\/2776"}],"wp:attachment":[{"href":"https:\/\/tupatu.cl\/index.php\/wp-json\/wp\/v2\/media?parent=2621"}],"curies":[{"name":"wp","href":"https:\/\/api.w.org\/{rel}","templated":true}]}}