{"id":2746,"date":"2024-10-23T19:28:56","date_gmt":"2024-10-23T19:28:56","guid":{"rendered":"https:\/\/tupatu.cl\/?page_id=2746"},"modified":"2024-10-23T19:49:51","modified_gmt":"2024-10-23T19:49:51","slug":"turquia","status":"publish","type":"page","link":"https:\/\/tupatu.cl\/index.php\/turquia\/","title":{"rendered":"Turquia"},"content":{"rendered":"\t\t<div data-elementor-type=\"wp-page\" data-elementor-id=\"2746\" class=\"elementor elementor-2746\" data-elementor-post-type=\"page\">\n\t\t\t\t\t\t<section class=\"elementor-section elementor-top-section elementor-element elementor-element-7ad5315f elementor-section-boxed elementor-section-height-default elementor-section-height-default\" data-id=\"7ad5315f\" data-element_type=\"section\" data-e-type=\"section\">\n\t\t\t\t\t\t<div class=\"elementor-container elementor-column-gap-no\">\n\t\t\t\t\t<div class=\"elementor-column elementor-col-50 elementor-top-column elementor-element elementor-element-155fd9cc\" data-id=\"155fd9cc\" data-element_type=\"column\" data-e-type=\"column\">\n\t\t\t<div class=\"elementor-widget-wrap elementor-element-populated\">\n\t\t\t\t\t\t<section class=\"elementor-section elementor-inner-section elementor-element elementor-element-502f62f8 elementor-section-boxed elementor-section-height-default elementor-section-height-default\" data-id=\"502f62f8\" data-element_type=\"section\" data-e-type=\"section\">\n\t\t\t\t\t\t<div class=\"elementor-container elementor-column-gap-no\">\n\t\t\t\t\t<div class=\"elementor-column elementor-col-100 elementor-inner-column elementor-element elementor-element-cb0b4ce\" data-id=\"cb0b4ce\" data-element_type=\"column\" data-e-type=\"column\">\n\t\t\t<div class=\"elementor-widget-wrap elementor-element-populated\">\n\t\t\t\t\t\t<div class=\"elementor-element elementor-element-58a8cb28 elementor-widget elementor-widget-heading\" data-id=\"58a8cb28\" data-element_type=\"widget\" data-e-type=\"widget\" data-widget_type=\"heading.default\">\n\t\t\t\t<div class=\"elementor-widget-container\">\n\t\t\t\t\t<h2 class=\"elementor-heading-title elementor-size-default\">Programa Turquia<\/h2>\t\t\t\t<\/div>\n\t\t\t\t<\/div>\n\t\t\t\t<div class=\"elementor-element elementor-element-1d4d102e elementor-widget elementor-widget-image\" data-id=\"1d4d102e\" data-element_type=\"widget\" data-e-type=\"widget\" data-widget_type=\"image.default\">\n\t\t\t\t<div class=\"elementor-widget-container\">\n\t\t\t\t\t\t\t\t\t\t\t\t\t\t\t<img fetchpriority=\"high\" decoding=\"async\" width=\"800\" height=\"600\" src=\"https:\/\/tupatu.cl\/wp-content\/uploads\/2024\/10\/4.jpg\" class=\"attachment-large size-large wp-image-2755\" alt=\"\" srcset=\"https:\/\/tupatu.cl\/wp-content\/uploads\/2024\/10\/4.jpg 1024w, https:\/\/tupatu.cl\/wp-content\/uploads\/2024\/10\/4-300x225.jpg 300w, https:\/\/tupatu.cl\/wp-content\/uploads\/2024\/10\/4-768x576.jpg 768w, https:\/\/tupatu.cl\/wp-content\/uploads\/2024\/10\/4-600x450.jpg 600w\" sizes=\"(max-width: 800px) 100vw, 800px\" \/>\t\t\t\t\t\t\t\t\t\t\t\t\t\t\t<\/div>\n\t\t\t\t<\/div>\n\t\t\t\t<div class=\"elementor-element elementor-element-15d3779e elementor-align-center elementor-icon-list--layout-inline elementor-list-item-link-full_width elementor-widget elementor-widget-icon-list\" data-id=\"15d3779e\" data-element_type=\"widget\" data-e-type=\"widget\" data-widget_type=\"icon-list.default\">\n\t\t\t\t<div class=\"elementor-widget-container\">\n\t\t\t\t\t\t\t<ul class=\"elementor-icon-list-items elementor-inline-items\">\n\t\t\t\t\t\t\t<li class=\"elementor-icon-list-item elementor-inline-item\">\n\t\t\t\t\t\t\t\t\t\t\t<span class=\"elementor-icon-list-icon\">\n\t\t\t\t\t\t\t<i aria-hidden=\"true\" class=\"far fa-clock\"><\/i>\t\t\t\t\t\t<\/span>\n\t\t\t\t\t\t\t\t\t\t<span class=\"elementor-icon-list-text\">11 dias \/ 10 noches<\/span>\n\t\t\t\t\t\t\t\t\t<\/li>\n\t\t\t\t\t\t<\/ul>\n\t\t\t\t\t\t<\/div>\n\t\t\t\t<\/div>\n\t\t\t\t<div class=\"elementor-element elementor-element-5a76dcd9 elementor-tabs-view-horizontal elementor-widget elementor-widget-tabs\" data-id=\"5a76dcd9\" data-element_type=\"widget\" data-e-type=\"widget\" data-widget_type=\"tabs.default\">\n\t\t\t\t<div class=\"elementor-widget-container\">\n\t\t\t\t\t\t\t<div class=\"elementor-tabs\">\n\t\t\t<div class=\"elementor-tabs-wrapper\" role=\"tablist\" >\n\t\t\t\t\t\t\t\t\t<div id=\"elementor-tab-title-1511\" class=\"elementor-tab-title elementor-tab-desktop-title\" aria-selected=\"true\" data-tab=\"1\" role=\"tab\" tabindex=\"0\" aria-controls=\"elementor-tab-content-1511\" aria-expanded=\"false\">VIAJE INCLUYE<\/div>\n\t\t\t\t\t\t\t<\/div>\n\t\t\t<div class=\"elementor-tabs-content-wrapper\" role=\"tablist\" aria-orientation=\"vertical\">\n\t\t\t\t\t\t\t\t\t<div class=\"elementor-tab-title elementor-tab-mobile-title\" aria-selected=\"true\" data-tab=\"1\" role=\"tab\" tabindex=\"0\" aria-controls=\"elementor-tab-content-1511\" aria-expanded=\"false\">VIAJE INCLUYE<\/div>\n\t\t\t\t\t<div id=\"elementor-tab-content-1511\" class=\"elementor-tab-content elementor-clearfix\" data-tab=\"1\" role=\"tabpanel\" aria-labelledby=\"elementor-tab-title-1511\" tabindex=\"0\" hidden=\"false\"><ul><li>Ticket a\u00e9reo Santiago\/Estambul\/Santiago v\u00eda Turkish Airlines en clase econ\u00f3mica<\/li><li>Traslados de llegada y salida aeropuerto nuevo Istambul<\/li><li>10 noches de alojamiento en hotel 4*\/ 5* con desayuno incluido<\/li><li>6 comidas indicadas en itinerario (cenas)<\/li><li>Gu\u00eda acompa\u00f1ante de habla hispana<\/li><li>Entradas y visitas seg\u00fan itinerario<\/li><li>Impuestos a\u00e9reos USD 400 (No comisionable)<\/li><li>1 maleta de hasta 23 kg<\/li><li><strong>Impuestos hoteleros de cortes\u00eda<\/strong><\/li><li><strong>Asistencia en viajes de cortes\u00eda.<\/strong><\/li><\/ul><p>\u00a0<\/p><table width=\"631\"><tbody><tr><td colspan=\"2\" width=\"165\"><p><strong>VUELO<\/strong><\/p><\/td><td width=\"83\"><p><strong>FECHA<\/strong><\/p><\/td><td width=\"139\"><p><strong>RUTA<\/strong><\/p><\/td><td width=\"132\"><p><strong>SALIDA<\/strong><\/p><\/td><td width=\"85\"><p><strong>LLEGADA<\/strong><\/p><\/td><td width=\"26\">\u00a0<\/td><\/tr><tr><td rowspan=\"2\" width=\"68\"><p>IDA<\/p><\/td><td rowspan=\"2\" width=\"97\"><p>TK 216<\/p><\/td><td rowspan=\"2\" width=\"83\"><p>09-Mar<\/p><\/td><td width=\"139\"><p><strong>Santiago\/ Sao Paulo<\/strong><\/p><\/td><td width=\"132\"><p><strong>11:40<\/strong><\/p><\/td><td width=\"85\"><p><strong>15:15<\/strong><\/p><\/td><td width=\"26\">\u00a0<\/td><\/tr><tr><td width=\"139\"><p>Sao Paulo\/ Estambul<\/p><\/td><td width=\"132\"><p>16:50<\/p><\/td><td width=\"85\"><p>11:20<\/p><\/td><td width=\"26\"><p>+1<\/p><\/td><\/tr><tr><td rowspan=\"2\" width=\"68\"><p>REGRESO<\/p><\/td><td rowspan=\"2\" width=\"97\"><p>TK 215<\/p><\/td><td width=\"83\"><p>20-Mar<\/p><\/td><td width=\"139\"><p><strong>Estambul\/Sao Paulo<\/strong><\/p><\/td><td width=\"132\"><p><strong>20:35<\/strong><\/p><\/td><td width=\"85\"><p><strong>04:15<\/strong><\/p><\/td><td width=\"26\"><p>+1<\/p><\/td><\/tr><tr><td width=\"83\"><p>21-Mar<\/p><\/td><td width=\"139\"><p>Sao Paulo\/ Santiago<\/p><\/td><td width=\"132\"><p>05:50<\/p><\/td><td width=\"85\"><p>09:45<\/p><\/td><td width=\"26\"><p>\u00a0<\/p><\/td><\/tr><\/tbody><\/table><p><strong>Condiciones Generales<\/strong><\/p><ul><li>Salida con fecha fija para el d\u00eda 09 marzo de 2025.<\/li><li>Valores por pasajero en d\u00f3lares<\/li><li><strong>Salidas regulares, grupo se suma a un itinerario con salida fija.<\/strong><\/li><li>Las habitaciones con cama matrimonial o camas twin queda solicitado, no garantizado.<\/li><\/ul><ul><li>El itinerario y hoteles podr\u00edan sufrir modificaciones o ser sustituidos por razones de fuerza mayor.<\/li><\/ul><ul><li><strong>Programa valido para reservas hasta el 06 diciembre 2024<\/strong><\/li><li>Valores para pasajeros viajando en grupo, basado en un m\u00ednimo de 10 pasajeros.<\/li><\/ul><p>\u00a0<\/p><\/div>\n\t\t\t\t\t\t\t<\/div>\n\t\t<\/div>\n\t\t\t\t\t\t<\/div>\n\t\t\t\t<\/div>\n\t\t\t\t<div class=\"elementor-element elementor-element-52fe7075 elementor-widget elementor-widget-heading\" data-id=\"52fe7075\" data-element_type=\"widget\" data-e-type=\"widget\" data-widget_type=\"heading.default\">\n\t\t\t\t<div class=\"elementor-widget-container\">\n\t\t\t\t\t<h4 class=\"elementor-heading-title elementor-size-default\">GALERIA \/ FOTOS<\/h4>\t\t\t\t<\/div>\n\t\t\t\t<\/div>\n\t\t\t\t<div class=\"elementor-element elementor-element-7892f660 elementor-pagination-position-outside elementor-widget elementor-widget-image-carousel\" data-id=\"7892f660\" data-element_type=\"widget\" data-e-type=\"widget\" data-settings=\"{&quot;slides_to_show&quot;:&quot;2&quot;,&quot;slides_to_show_tablet&quot;:&quot;3&quot;,&quot;navigation&quot;:&quot;dots&quot;,&quot;image_spacing_custom&quot;:{&quot;unit&quot;:&quot;px&quot;,&quot;size&quot;:15,&quot;sizes&quot;:[]},&quot;autoplay&quot;:&quot;yes&quot;,&quot;pause_on_hover&quot;:&quot;yes&quot;,&quot;pause_on_interaction&quot;:&quot;yes&quot;,&quot;autoplay_speed&quot;:5000,&quot;infinite&quot;:&quot;yes&quot;,&quot;speed&quot;:500,&quot;image_spacing_custom_tablet&quot;:{&quot;unit&quot;:&quot;px&quot;,&quot;size&quot;:&quot;&quot;,&quot;sizes&quot;:[]},&quot;image_spacing_custom_mobile&quot;:{&quot;unit&quot;:&quot;px&quot;,&quot;size&quot;:&quot;&quot;,&quot;sizes&quot;:[]}}\" data-widget_type=\"image-carousel.default\">\n\t\t\t\t<div class=\"elementor-widget-container\">\n\t\t\t\t\t\t\t<div class=\"elementor-image-carousel-wrapper swiper\" role=\"region\" aria-roledescription=\"carousel\" aria-label=\"Carrusel de im\u00e1genes\" dir=\"ltr\">\n\t\t\t<div class=\"elementor-image-carousel swiper-wrapper swiper-image-stretch\" aria-live=\"off\">\n\t\t\t\t\t\t\t\t<div class=\"swiper-slide\" role=\"group\" aria-roledescription=\"slide\" aria-label=\"1 de 3\"><figure class=\"swiper-slide-inner\"><img decoding=\"async\" class=\"swiper-slide-image\" src=\"https:\/\/tupatu.cl\/wp-content\/uploads\/2024\/10\/MG_4944-min-5472x3648-1-scaled.jpg\" alt=\"_MG_4944+-min-5472x3648\" \/><\/figure><\/div><div class=\"swiper-slide\" role=\"group\" aria-roledescription=\"slide\" aria-label=\"2 de 3\"><figure class=\"swiper-slide-inner\"><img decoding=\"async\" class=\"swiper-slide-image\" src=\"https:\/\/tupatu.cl\/wp-content\/uploads\/2024\/10\/2.jpg\" alt=\"2\" \/><\/figure><\/div><div class=\"swiper-slide\" role=\"group\" aria-roledescription=\"slide\" aria-label=\"3 de 3\"><figure class=\"swiper-slide-inner\"><img decoding=\"async\" class=\"swiper-slide-image\" src=\"https:\/\/tupatu.cl\/wp-content\/uploads\/2024\/10\/7.jpg\" alt=\"7\" \/><\/figure><\/div>\t\t\t<\/div>\n\t\t\t\t\t\t\t\n\t\t\t\t\t\t\t\t\t<div class=\"swiper-pagination\"><\/div>\n\t\t\t\t\t\t\t\t\t<\/div>\n\t\t\t\t\t\t<\/div>\n\t\t\t\t<\/div>\n\t\t\t\t\t<\/div>\n\t\t<\/div>\n\t\t\t\t\t<\/div>\n\t\t<\/section>\n\t\t\t\t\t<\/div>\n\t\t<\/div>\n\t\t\t\t<div class=\"elementor-column elementor-col-50 elementor-top-column elementor-element elementor-element-2b65ea70\" data-id=\"2b65ea70\" data-element_type=\"column\" data-e-type=\"column\">\n\t\t\t<div class=\"elementor-widget-wrap elementor-element-populated\">\n\t\t\t\t\t\t<section class=\"elementor-section elementor-inner-section elementor-element elementor-element-6d54850c elementor-section-boxed elementor-section-height-default elementor-section-height-default\" data-id=\"6d54850c\" data-element_type=\"section\" data-e-type=\"section\" data-settings=\"{&quot;background_background&quot;:&quot;classic&quot;}\">\n\t\t\t\t\t\t<div class=\"elementor-container elementor-column-gap-no\">\n\t\t\t\t\t<div class=\"elementor-column elementor-col-100 elementor-inner-column elementor-element elementor-element-42cacfef\" data-id=\"42cacfef\" data-element_type=\"column\" data-e-type=\"column\" data-settings=\"{&quot;background_background&quot;:&quot;classic&quot;}\">\n\t\t\t<div class=\"elementor-widget-wrap elementor-element-populated\">\n\t\t\t\t\t\t<div class=\"elementor-element elementor-element-15ee2116 elementor-widget elementor-widget-elementskit-heading\" data-id=\"15ee2116\" data-element_type=\"widget\" data-e-type=\"widget\" data-widget_type=\"elementskit-heading.default\">\n\t\t\t\t<div class=\"elementor-widget-container\">\n\t\t\t\t\t<div class=\"ekit-wid-con\" ><div class=\"ekit-heading elementskit-section-title-wraper text_center   ekit_heading_tablet-   ekit_heading_mobile-\"><h5 class=\"ekit-heading--title elementskit-section-title \">Desde: <span><span>$1,990<\/span><\/span> USD \/ por persona<\/h5><\/div><\/div>\t\t\t\t<\/div>\n\t\t\t\t<\/div>\n\t\t\t\t\t<\/div>\n\t\t<\/div>\n\t\t\t\t\t<\/div>\n\t\t<\/section>\n\t\t\t\t<section class=\"elementor-section elementor-inner-section elementor-element elementor-element-21a72e1e elementor-section-boxed elementor-section-height-default elementor-section-height-default\" data-id=\"21a72e1e\" data-element_type=\"section\" data-e-type=\"section\">\n\t\t\t\t\t\t<div class=\"elementor-container elementor-column-gap-default\">\n\t\t\t\t\t<div class=\"elementor-column elementor-col-100 elementor-inner-column elementor-element elementor-element-66b4a77d\" data-id=\"66b4a77d\" data-element_type=\"column\" data-e-type=\"column\">\n\t\t\t<div class=\"elementor-widget-wrap elementor-element-populated\">\n\t\t\t\t\t\t<div class=\"elementor-element elementor-element-c6a3c8f elementor-widget elementor-widget-google_maps\" data-id=\"c6a3c8f\" data-element_type=\"widget\" data-e-type=\"widget\" data-widget_type=\"google_maps.default\">\n\t\t\t\t<div class=\"elementor-widget-container\">\n\t\t\t\t\t\t\t<div class=\"elementor-custom-embed\">\n\t\t\t<iframe loading=\"lazy\"\n\t\t\t\t\tsrc=\"https:\/\/maps.google.com\/maps?q=turquia&#038;t=m&#038;z=10&#038;output=embed&#038;iwloc=near\"\n\t\t\t\t\ttitle=\"turquia\"\n\t\t\t\t\taria-label=\"turquia\"\n\t\t\t><\/iframe>\n\t\t<\/div>\n\t\t\t\t\t\t<\/div>\n\t\t\t\t<\/div>\n\t\t\t\t\t<\/div>\n\t\t<\/div>\n\t\t\t\t\t<\/div>\n\t\t<\/section>\n\t\t\t\t\t<\/div>\n\t\t<\/div>\n\t\t\t\t\t<\/div>\n\t\t<\/section>\n\t\t\t\t<\/div>\n\t\t","protected":false},"excerpt":{"rendered":"<p>Programa Turquia 11 dias \/ 10 noches VIAJE INCLUYE VIAJE INCLUYE Ticket a\u00e9reo Santiago\/Estambul\/Santiago v\u00eda Turkish Airlines en clase econ\u00f3mica Traslados de llegada y salida aeropuerto nuevo Istambul 10 noches de alojamiento en hotel 4*\/ 5* con desayuno incluido 6 comidas indicadas en itinerario (cenas) Gu\u00eda acompa\u00f1ante de habla hispana Entradas y visitas seg\u00fan itinerario [&hellip;]<\/p>\n","protected":false},"author":1,"featured_media":0,"parent":0,"menu_order":0,"comment_status":"closed","ping_status":"closed","template":"","meta":{"footnotes":""},"class_list":["post-2746","page","type-page","status-publish","hentry"],"_links":{"self":[{"href":"https:\/\/tupatu.cl\/index.php\/wp-json\/wp\/v2\/pages\/2746","targetHints":{"allow":["GET"]}}],"collection":[{"href":"https:\/\/tupatu.cl\/index.php\/wp-json\/wp\/v2\/pages"}],"about":[{"href":"https:\/\/tupatu.cl\/index.php\/wp-json\/wp\/v2\/types\/page"}],"author":[{"embeddable":true,"href":"https:\/\/tupatu.cl\/index.php\/wp-json\/wp\/v2\/users\/1"}],"replies":[{"embeddable":true,"href":"https:\/\/tupatu.cl\/index.php\/wp-json\/wp\/v2\/comments?post=2746"}],"version-history":[{"count":16,"href":"https:\/\/tupatu.cl\/index.php\/wp-json\/wp\/v2\/pages\/2746\/revisions"}],"predecessor-version":[{"id":2785,"href":"https:\/\/tupatu.cl\/index.php\/wp-json\/wp\/v2\/pages\/2746\/revisions\/2785"}],"wp:attachment":[{"href":"https:\/\/tupatu.cl\/index.php\/wp-json\/wp\/v2\/media?parent=2746"}],"curies":[{"name":"wp","href":"https:\/\/api.w.org\/{rel}","templated":true}]}}