{"id":754,"date":"2023-05-29T15:03:29","date_gmt":"2023-05-29T15:03:29","guid":{"rendered":"https:\/\/tupatu.cl\/?page_id=754"},"modified":"2024-06-11T16:56:57","modified_gmt":"2024-06-11T16:56:57","slug":"all-inclusive-hotel-lago-grey","status":"publish","type":"page","link":"https:\/\/tupatu.cl\/index.php\/all-inclusive-hotel-lago-grey\/","title":{"rendered":"ALL INCLUSIVE HOTEL LAGO GREY"},"content":{"rendered":"\t\t<div data-elementor-type=\"wp-page\" data-elementor-id=\"754\" class=\"elementor elementor-754\" data-elementor-post-type=\"page\">\n\t\t\t\t\t\t<section class=\"elementor-section elementor-top-section elementor-element elementor-element-57615334 elementor-section-boxed elementor-section-height-default elementor-section-height-default\" data-id=\"57615334\" data-element_type=\"section\" data-e-type=\"section\" data-settings=\"{&quot;background_background&quot;:&quot;classic&quot;}\">\n\t\t\t\t\t\t<div class=\"elementor-container elementor-column-gap-default\">\n\t\t\t\t\t<div class=\"elementor-column elementor-col-100 elementor-top-column elementor-element elementor-element-2f088a\" data-id=\"2f088a\" data-element_type=\"column\" data-e-type=\"column\">\n\t\t\t<div class=\"elementor-widget-wrap elementor-element-populated\">\n\t\t\t\t\t\t<div class=\"elementor-element elementor-element-73087465 elementor-widget elementor-widget-spacer\" data-id=\"73087465\" data-element_type=\"widget\" data-e-type=\"widget\" data-widget_type=\"spacer.default\">\n\t\t\t\t<div class=\"elementor-widget-container\">\n\t\t\t\t\t\t\t<div class=\"elementor-spacer\">\n\t\t\t<div class=\"elementor-spacer-inner\"><\/div>\n\t\t<\/div>\n\t\t\t\t\t\t<\/div>\n\t\t\t\t<\/div>\n\t\t\t\t\t<\/div>\n\t\t<\/div>\n\t\t\t\t\t<\/div>\n\t\t<\/section>\n\t\t\t\t<section class=\"elementor-section elementor-top-section elementor-element elementor-element-20b68a3c elementor-section-boxed elementor-section-height-default elementor-section-height-default\" data-id=\"20b68a3c\" data-element_type=\"section\" data-e-type=\"section\">\n\t\t\t\t\t\t<div class=\"elementor-container elementor-column-gap-no\">\n\t\t\t\t\t<div class=\"elementor-column elementor-col-50 elementor-top-column elementor-element elementor-element-50048668\" data-id=\"50048668\" data-element_type=\"column\" data-e-type=\"column\">\n\t\t\t<div class=\"elementor-widget-wrap elementor-element-populated\">\n\t\t\t\t\t\t<section class=\"elementor-section elementor-inner-section elementor-element elementor-element-3e9a22a7 elementor-section-boxed elementor-section-height-default elementor-section-height-default\" data-id=\"3e9a22a7\" data-element_type=\"section\" data-e-type=\"section\">\n\t\t\t\t\t\t<div class=\"elementor-container elementor-column-gap-no\">\n\t\t\t\t\t<div class=\"elementor-column elementor-col-100 elementor-inner-column elementor-element elementor-element-370aa3ad\" data-id=\"370aa3ad\" data-element_type=\"column\" data-e-type=\"column\">\n\t\t\t<div class=\"elementor-widget-wrap elementor-element-populated\">\n\t\t\t\t\t\t<div class=\"elementor-element elementor-element-41160dd6 elementor-widget elementor-widget-heading\" data-id=\"41160dd6\" data-element_type=\"widget\" data-e-type=\"widget\" data-widget_type=\"heading.default\">\n\t\t\t\t<div class=\"elementor-widget-container\">\n\t\t\t\t\t<h2 class=\"elementor-heading-title elementor-size-default\"><a href=\"https:\/\/tupatu.cl\/index.php\/all-inclusive-hotel-lago-grey\/\">ALL INCLUSIVE HOTEL LAGO GREY<\/a><\/h2>\t\t\t\t<\/div>\n\t\t\t\t<\/div>\n\t\t\t\t<div class=\"elementor-element elementor-element-3e3ff213 elementor-widget elementor-widget-image\" data-id=\"3e3ff213\" data-element_type=\"widget\" data-e-type=\"widget\" data-widget_type=\"image.default\">\n\t\t\t\t<div class=\"elementor-widget-container\">\n\t\t\t\t\t\t\t\t\t\t\t\t\t\t\t<img fetchpriority=\"high\" decoding=\"async\" width=\"800\" height=\"534\" src=\"https:\/\/tupatu.cl\/wp-content\/uploads\/2023\/06\/HG02-1024x683.jpg\" class=\"attachment-large size-large wp-image-764\" alt=\"\" srcset=\"https:\/\/tupatu.cl\/wp-content\/uploads\/2023\/06\/HG02-1024x683.jpg 1024w, https:\/\/tupatu.cl\/wp-content\/uploads\/2023\/06\/HG02-300x200.jpg 300w, https:\/\/tupatu.cl\/wp-content\/uploads\/2023\/06\/HG02-768x512.jpg 768w, https:\/\/tupatu.cl\/wp-content\/uploads\/2023\/06\/HG02-1536x1024.jpg 1536w, https:\/\/tupatu.cl\/wp-content\/uploads\/2023\/06\/HG02-2048x1365.jpg 2048w, https:\/\/tupatu.cl\/wp-content\/uploads\/2023\/06\/HG02-600x400.jpg 600w\" sizes=\"(max-width: 800px) 100vw, 800px\" \/>\t\t\t\t\t\t\t\t\t\t\t\t\t\t\t<\/div>\n\t\t\t\t<\/div>\n\t\t\t\t<div class=\"elementor-element elementor-element-25c18284 elementor-align-center elementor-icon-list--layout-inline elementor-list-item-link-full_width elementor-widget elementor-widget-icon-list\" data-id=\"25c18284\" data-element_type=\"widget\" data-e-type=\"widget\" data-widget_type=\"icon-list.default\">\n\t\t\t\t<div class=\"elementor-widget-container\">\n\t\t\t\t\t\t\t<ul class=\"elementor-icon-list-items elementor-inline-items\">\n\t\t\t\t\t\t\t<li class=\"elementor-icon-list-item elementor-inline-item\">\n\t\t\t\t\t\t\t\t\t\t\t<span class=\"elementor-icon-list-icon\">\n\t\t\t\t\t\t\t<i aria-hidden=\"true\" class=\"far fa-clock\"><\/i>\t\t\t\t\t\t<\/span>\n\t\t\t\t\t\t\t\t\t\t<span class=\"elementor-icon-list-text\">4 dias\/ 3 noches<\/span>\n\t\t\t\t\t\t\t\t\t<\/li>\n\t\t\t\t\t\t\t\t<li class=\"elementor-icon-list-item elementor-inline-item\">\n\t\t\t\t\t\t\t\t\t\t\t<span class=\"elementor-icon-list-icon\">\n\t\t\t\t\t\t\t<i aria-hidden=\"true\" class=\"fas fa-user\"><\/i>\t\t\t\t\t\t<\/span>\n\t\t\t\t\t\t\t\t\t\t<span class=\"elementor-icon-list-text\">2 personas<\/span>\n\t\t\t\t\t\t\t\t\t<\/li>\n\t\t\t\t\t\t\t\t<li class=\"elementor-icon-list-item elementor-inline-item\">\n\t\t\t\t\t\t\t\t\t\t\t<span class=\"elementor-icon-list-icon\">\n\t\t\t\t\t\t\t<i aria-hidden=\"true\" class=\"fas fa-map-marked-alt\"><\/i>\t\t\t\t\t\t<\/span>\n\t\t\t\t\t\t\t\t\t\t<span class=\"elementor-icon-list-text\">Torres del Paine<\/span>\n\t\t\t\t\t\t\t\t\t<\/li>\n\t\t\t\t\t\t<\/ul>\n\t\t\t\t\t\t<\/div>\n\t\t\t\t<\/div>\n\t\t\t\t<div class=\"elementor-element elementor-element-1e44ed98 elementor-tabs-view-horizontal elementor-widget elementor-widget-tabs\" data-id=\"1e44ed98\" data-element_type=\"widget\" data-e-type=\"widget\" data-widget_type=\"tabs.default\">\n\t\t\t\t<div class=\"elementor-widget-container\">\n\t\t\t\t\t\t\t<div class=\"elementor-tabs\">\n\t\t\t<div class=\"elementor-tabs-wrapper\" role=\"tablist\" >\n\t\t\t\t\t\t\t\t\t<div id=\"elementor-tab-title-5071\" class=\"elementor-tab-title elementor-tab-desktop-title\" aria-selected=\"true\" data-tab=\"1\" role=\"tab\" tabindex=\"0\" aria-controls=\"elementor-tab-content-5071\" aria-expanded=\"false\">DESCRIPCION<\/div>\n\t\t\t\t\t\t\t\t\t<div id=\"elementor-tab-title-5072\" class=\"elementor-tab-title elementor-tab-desktop-title\" aria-selected=\"false\" data-tab=\"2\" role=\"tab\" tabindex=\"-1\" aria-controls=\"elementor-tab-content-5072\" aria-expanded=\"false\">PROGRAMA<\/div>\n\t\t\t\t\t\t\t\t\t<div id=\"elementor-tab-title-5073\" class=\"elementor-tab-title elementor-tab-desktop-title\" aria-selected=\"false\" data-tab=\"3\" role=\"tab\" tabindex=\"-1\" aria-controls=\"elementor-tab-content-5073\" aria-expanded=\"false\">TOUR INCLUYE<\/div>\n\t\t\t\t\t\t\t<\/div>\n\t\t\t<div class=\"elementor-tabs-content-wrapper\" role=\"tablist\" aria-orientation=\"vertical\">\n\t\t\t\t\t\t\t\t\t<div class=\"elementor-tab-title elementor-tab-mobile-title\" aria-selected=\"true\" data-tab=\"1\" role=\"tab\" tabindex=\"0\" aria-controls=\"elementor-tab-content-5071\" aria-expanded=\"false\">DESCRIPCION<\/div>\n\t\t\t\t\t<div id=\"elementor-tab-content-5071\" class=\"elementor-tab-content elementor-clearfix\" data-tab=\"1\" role=\"tabpanel\" aria-labelledby=\"elementor-tab-title-5071\" tabindex=\"0\" hidden=\"false\"><p>Hotel Lago Grey les presenta uno de los lugares mas bellos e impresionantes del planeta; el Parque Nacional Torres del Paine.Nuestros programas \u201cAll Inclusive\u201d han sido especialmente dise\u00f1ados para maravillarse con el<br \/>imponente paisaje que s\u00f3lo la \u201cOctava maravilla del mundo\u201d puede ofrecer.<\/p><p>Con el fin de disfrutar de todas las maravillas que posee el Parque Nacional Torres del Paine, Hotel Lago Grey cuenta con un equipo de gu\u00edas que le ofrecer\u00e1n diversas excursiones, tales como navegaci\u00f3n al Glaciar Grey, trekking por circuitos al interior del Parque y recorridos en veh\u00edculos, que le permitir\u00e1n conocer los principales atractivos. Todas las excursiones hacen posible tomar pleno contacto con la naturaleza, descubriendo a cada instante la flora y fauna propias de la Patagonia Chilena.<\/p><\/div>\n\t\t\t\t\t\t\t\t\t<div class=\"elementor-tab-title elementor-tab-mobile-title\" aria-selected=\"false\" data-tab=\"2\" role=\"tab\" tabindex=\"-1\" aria-controls=\"elementor-tab-content-5072\" aria-expanded=\"false\">PROGRAMA<\/div>\n\t\t\t\t\t<div id=\"elementor-tab-content-5072\" class=\"elementor-tab-content elementor-clearfix\" data-tab=\"2\" role=\"tabpanel\" aria-labelledby=\"elementor-tab-title-5072\" tabindex=\"0\" hidden=\"hidden\"><p style=\"text-align: left;\">EXCURSIONES INCLUIDAS EN PROGRAMAS<\/p><p>GREY III Navegaci\u00f3n sujeta a condiciones clim\u00e1ticas<br \/>(Zarpe con m\u00ednimo de pasajeros a las 10.00 AM \/ 1.00 PM \/ 3.00 PM)<\/p><p><strong>FULLDAY DIA COMPLETO:<\/strong>SALIDAS 08:00HRS Y 10:00HRS.<\/p><p>Miradores y Cascadas<br \/>\u2022 Trekking Base Torres<br \/>\u2022 Cascada Pingo<br \/>\u2022 Or\u00edgenes de la Vida<br \/>\u2022 Lazo-Weber<\/p><p><strong>HALF DAY MEDIO DIA:<\/strong>SALIDAS 09:00HRS Y 15:00HRS.<\/p><p>Navegaci\u00f3n al Glaciar Grey<br \/>\u2022 Trekking Mirador C\u00f3ndor<br \/>\u2022 Trekking Mirador Cuernos<br \/>\u2022 Monte Ferrier<\/p><p>Trekking Chorrillo Salmones<br \/>\u2022 Trekking Playa Grey<br \/>\u2022 Sendero Miscel\u00e1neo<\/p><p style=\"text-align: left;\"><strong>IMPORTANTE:<\/strong><br \/>Excursiones sujetas a condiciones clim\u00e1ticas y m\u00ednimo de pasajeros. Turismo Lago Grey recomiendala contrataci\u00f3n de un seguro de viajes, ya que no se hace cargo de devoluciones de dinero debido a<br \/>problemas clim\u00e1ticos, cortes de caminos, fen\u00f3menos naturales, problemas con conexiones a\u00e9reas,manifestaciones sociales o pol\u00edticas u otros problemas derivados de estos, ajenos a la voluntad y controlde la empresa, los cuales, impidan la llegada o el acceso a Torres del Paine y Hotel Lago Grey.<\/p><\/div>\n\t\t\t\t\t\t\t\t\t<div class=\"elementor-tab-title elementor-tab-mobile-title\" aria-selected=\"false\" data-tab=\"3\" role=\"tab\" tabindex=\"-1\" aria-controls=\"elementor-tab-content-5073\" aria-expanded=\"false\">TOUR INCLUYE<\/div>\n\t\t\t\t\t<div id=\"elementor-tab-content-5073\" class=\"elementor-tab-content elementor-clearfix\" data-tab=\"3\" role=\"tabpanel\" aria-labelledby=\"elementor-tab-title-5073\" tabindex=\"0\" hidden=\"hidden\"><p><strong>PROGRAMA INCLUYE<\/strong><br \/>\u2022 Traslados PRIVADOS IN\/OUT desde Pta. Arenas o Pto. Natales.<br \/>\u2022 Entradas a Cueva del Milod\u00f3n (Aplica s\u00f3lo IN\/OUT Pta. Arenas y Pto. Natales).<br \/>\u2022 Entradas al Parque Nacional Torres del Paine.<br \/>\u2022 Desayuno buffet, almuerzo \/ box lunch y cena en Hotel Lago Grey.<br \/>\u2022 Bar abierto (Vino de la casa, cervezas y tragos est\u00e1ndar).<br \/>\u2022 Bar abierto en Navegaci\u00f3n al Glaciar (Cervezas y tragos est\u00e1ndar).<br \/>\u2022 Excursiones con gu\u00eda ingl\u00e9s\/espa\u00f1ol seg\u00fan listado.<br \/>\u2022 WI-FI (s\u00f3lo en \u00e1reas comunes).<br \/>\u2022 Alojamiento seg\u00fan programa seleccionado.<\/p><p><strong>PROGRAMA NO INCLUYE<\/strong><br \/>\u2022 Comidas en tr\u00e1nsito.<br \/>\u2022 Vinos Premium, licores y cervezas Premium.<br \/>\u2022 Servicio de lavander\u00eda.<br \/>\u2022 Propinas.<br \/>\u2022 Llamadas telef\u00f3nicas.<br \/>\u2022 Comidas no programadas en Hotel Lago Grey.<br \/>\u2022 Estad\u00edas fuera del Parque Nacional Torres del Paine.<br \/>\u2022 Seguro de viajes.<br \/>\u2022 No se har\u00e1n cobros extras por reservas de Navidad y A\u00f1o Nuevo<br \/>\u2022 Traslados a Argentina.<\/p><\/div>\n\t\t\t\t\t\t\t<\/div>\n\t\t<\/div>\n\t\t\t\t\t\t<\/div>\n\t\t\t\t<\/div>\n\t\t\t\t<div class=\"elementor-element elementor-element-75a132bc elementor-widget elementor-widget-heading\" data-id=\"75a132bc\" data-element_type=\"widget\" data-e-type=\"widget\" data-widget_type=\"heading.default\">\n\t\t\t\t<div class=\"elementor-widget-container\">\n\t\t\t\t\t<h4 class=\"elementor-heading-title elementor-size-default\">GALLERY \/ PHOTOS<\/h4>\t\t\t\t<\/div>\n\t\t\t\t<\/div>\n\t\t\t\t<div class=\"elementor-element elementor-element-3ac80348 elementor-pagination-position-outside elementor-widget elementor-widget-image-carousel\" data-id=\"3ac80348\" data-element_type=\"widget\" data-e-type=\"widget\" data-settings=\"{&quot;slides_to_show&quot;:&quot;2&quot;,&quot;slides_to_show_tablet&quot;:&quot;3&quot;,&quot;navigation&quot;:&quot;dots&quot;,&quot;image_spacing_custom&quot;:{&quot;unit&quot;:&quot;px&quot;,&quot;size&quot;:15,&quot;sizes&quot;:[]},&quot;autoplay&quot;:&quot;yes&quot;,&quot;pause_on_hover&quot;:&quot;yes&quot;,&quot;pause_on_interaction&quot;:&quot;yes&quot;,&quot;autoplay_speed&quot;:5000,&quot;infinite&quot;:&quot;yes&quot;,&quot;speed&quot;:500,&quot;image_spacing_custom_tablet&quot;:{&quot;unit&quot;:&quot;px&quot;,&quot;size&quot;:&quot;&quot;,&quot;sizes&quot;:[]},&quot;image_spacing_custom_mobile&quot;:{&quot;unit&quot;:&quot;px&quot;,&quot;size&quot;:&quot;&quot;,&quot;sizes&quot;:[]}}\" data-widget_type=\"image-carousel.default\">\n\t\t\t\t<div class=\"elementor-widget-container\">\n\t\t\t\t\t\t\t<div class=\"elementor-image-carousel-wrapper swiper\" role=\"region\" aria-roledescription=\"carousel\" aria-label=\"Carrusel de im\u00e1genes\" dir=\"ltr\">\n\t\t\t<div class=\"elementor-image-carousel swiper-wrapper swiper-image-stretch\" aria-live=\"off\">\n\t\t\t\t\t\t\t\t<div class=\"swiper-slide\" role=\"group\" aria-roledescription=\"slide\" aria-label=\"1 de 4\"><figure class=\"swiper-slide-inner\"><img decoding=\"async\" class=\"swiper-slide-image\" src=\"https:\/\/tupatu.cl\/wp-content\/uploads\/2023\/06\/HG05-scaled.jpg\" alt=\"HG05\" \/><\/figure><\/div><div class=\"swiper-slide\" role=\"group\" aria-roledescription=\"slide\" aria-label=\"2 de 4\"><figure class=\"swiper-slide-inner\"><img decoding=\"async\" class=\"swiper-slide-image\" src=\"https:\/\/tupatu.cl\/wp-content\/uploads\/2023\/06\/HG01-scaled.jpg\" alt=\"HG01\" \/><\/figure><\/div><div class=\"swiper-slide\" role=\"group\" aria-roledescription=\"slide\" aria-label=\"3 de 4\"><figure class=\"swiper-slide-inner\"><img decoding=\"async\" class=\"swiper-slide-image\" src=\"https:\/\/tupatu.cl\/wp-content\/uploads\/2023\/06\/HG04-scaled.jpg\" alt=\"HG04\" \/><\/figure><\/div><div class=\"swiper-slide\" role=\"group\" aria-roledescription=\"slide\" aria-label=\"4 de 4\"><figure class=\"swiper-slide-inner\"><img decoding=\"async\" class=\"swiper-slide-image\" src=\"https:\/\/tupatu.cl\/wp-content\/uploads\/2023\/06\/HG03-scaled.jpg\" alt=\"HG03\" \/><\/figure><\/div>\t\t\t<\/div>\n\t\t\t\t\t\t\t\n\t\t\t\t\t\t\t\t\t<div class=\"swiper-pagination\"><\/div>\n\t\t\t\t\t\t\t\t\t<\/div>\n\t\t\t\t\t\t<\/div>\n\t\t\t\t<\/div>\n\t\t\t\t\t<\/div>\n\t\t<\/div>\n\t\t\t\t\t<\/div>\n\t\t<\/section>\n\t\t\t\t\t<\/div>\n\t\t<\/div>\n\t\t\t\t<div class=\"elementor-column elementor-col-50 elementor-top-column elementor-element elementor-element-2afc68aa\" data-id=\"2afc68aa\" data-element_type=\"column\" data-e-type=\"column\">\n\t\t\t<div class=\"elementor-widget-wrap elementor-element-populated\">\n\t\t\t\t\t\t<section class=\"elementor-section elementor-inner-section elementor-element elementor-element-3e5aeea4 elementor-section-boxed elementor-section-height-default elementor-section-height-default\" data-id=\"3e5aeea4\" data-element_type=\"section\" data-e-type=\"section\" data-settings=\"{&quot;background_background&quot;:&quot;classic&quot;}\">\n\t\t\t\t\t\t<div class=\"elementor-container elementor-column-gap-no\">\n\t\t\t\t\t<div class=\"elementor-column elementor-col-100 elementor-inner-column elementor-element elementor-element-18480e5d\" data-id=\"18480e5d\" data-element_type=\"column\" data-e-type=\"column\" data-settings=\"{&quot;background_background&quot;:&quot;classic&quot;}\">\n\t\t\t<div class=\"elementor-widget-wrap elementor-element-populated\">\n\t\t\t\t\t\t<div class=\"elementor-element elementor-element-2df9a49c elementor-widget elementor-widget-elementskit-heading\" data-id=\"2df9a49c\" data-element_type=\"widget\" data-e-type=\"widget\" data-widget_type=\"elementskit-heading.default\">\n\t\t\t\t<div class=\"elementor-widget-container\">\n\t\t\t\t\t<div class=\"ekit-wid-con\" ><div class=\"ekit-heading elementskit-section-title-wraper text_center   ekit_heading_tablet-   ekit_heading_mobile-\"><h5 class=\"ekit-heading--title elementskit-section-title \"><span><span>$Desde 2,605 USD por persona<\/h5><\/div><\/div>\t\t\t\t<\/div>\n\t\t\t\t<\/div>\n\t\t\t\t<div class=\"elementor-element elementor-element-419ce44a elementor-star-rating--align-center elementor--star-style-star_fontawesome elementor-widget elementor-widget-star-rating\" data-id=\"419ce44a\" data-element_type=\"widget\" data-e-type=\"widget\" data-widget_type=\"star-rating.default\">\n\t\t\t\t<div class=\"elementor-widget-container\">\n\t\t\t\t\t\t\t<div class=\"elementor-star-rating__wrapper\">\n\t\t\t\t\t\t<div class=\"elementor-star-rating\" itemtype=\"http:\/\/schema.org\/Rating\" itemscope=\"\" itemprop=\"reviewRating\">\n\t\t\t\t<i class=\"elementor-star-full\" aria-hidden=\"true\">&#xE933;<\/i><i class=\"elementor-star-full\" aria-hidden=\"true\">&#xE933;<\/i><i class=\"elementor-star-full\" aria-hidden=\"true\">&#xE933;<\/i><i class=\"elementor-star-full\" aria-hidden=\"true\">&#xE933;<\/i><i class=\"elementor-star-5\" aria-hidden=\"true\">&#xE933;<\/i>\t\t\t\t<span itemprop=\"ratingValue\" class=\"elementor-screen-only\">Valorado con 4.5 de 5<\/span>\n\t\t\t<\/div>\n\t\t<\/div>\n\t\t\t\t\t\t<\/div>\n\t\t\t\t<\/div>\n\t\t\t\t\t<\/div>\n\t\t<\/div>\n\t\t\t\t\t<\/div>\n\t\t<\/section>\n\t\t\t\t<section class=\"elementor-section elementor-inner-section elementor-element elementor-element-49a660d3 elementor-section-boxed elementor-section-height-default elementor-section-height-default\" data-id=\"49a660d3\" data-element_type=\"section\" data-e-type=\"section\">\n\t\t\t\t\t\t<div class=\"elementor-container elementor-column-gap-default\">\n\t\t\t\t\t<div class=\"elementor-column elementor-col-100 elementor-inner-column elementor-element elementor-element-ce815b4\" data-id=\"ce815b4\" data-element_type=\"column\" data-e-type=\"column\">\n\t\t\t<div class=\"elementor-widget-wrap elementor-element-populated\">\n\t\t\t\t\t\t<div class=\"elementor-element elementor-element-2ed8f690 elementor-widget elementor-widget-google_maps\" data-id=\"2ed8f690\" data-element_type=\"widget\" data-e-type=\"widget\" data-widget_type=\"google_maps.default\">\n\t\t\t\t<div class=\"elementor-widget-container\">\n\t\t\t\t\t\t\t<div class=\"elementor-custom-embed\">\n\t\t\t<iframe loading=\"lazy\"\n\t\t\t\t\tsrc=\"https:\/\/maps.google.com\/maps?q=TORRES%20DEL%20PAINE%2CHOTEL%20LAGO%20GREY&#038;t=m&#038;z=10&#038;output=embed&#038;iwloc=near\"\n\t\t\t\t\ttitle=\"TORRES DEL PAINE,HOTEL LAGO GREY\"\n\t\t\t\t\taria-label=\"TORRES DEL PAINE,HOTEL LAGO GREY\"\n\t\t\t><\/iframe>\n\t\t<\/div>\n\t\t\t\t\t\t<\/div>\n\t\t\t\t<\/div>\n\t\t\t\t\t<\/div>\n\t\t<\/div>\n\t\t\t\t\t<\/div>\n\t\t<\/section>\n\t\t\t\t\t<\/div>\n\t\t<\/div>\n\t\t\t\t\t<\/div>\n\t\t<\/section>\n\t\t\t\t<section class=\"elementor-section elementor-top-section elementor-element elementor-element-11aa680 elementor-section-boxed elementor-section-height-default elementor-section-height-default\" data-id=\"11aa680\" data-element_type=\"section\" data-e-type=\"section\">\n\t\t\t\t\t\t<div class=\"elementor-container elementor-column-gap-default\">\n\t\t\t\t\t<div class=\"elementor-column elementor-col-50 elementor-top-column elementor-element elementor-element-037f7b4\" data-id=\"037f7b4\" data-element_type=\"column\" data-e-type=\"column\">\n\t\t\t<div class=\"elementor-widget-wrap elementor-element-populated\">\n\t\t\t\t\t\t<div class=\"elementor-element elementor-element-00db7e5 elementor-widget elementor-widget-video\" data-id=\"00db7e5\" data-element_type=\"widget\" data-e-type=\"widget\" data-settings=\"{&quot;youtube_url&quot;:&quot;https:\\\/\\\/www.youtube.com\\\/watch?v=XHOmBV4js_E&quot;,&quot;video_type&quot;:&quot;youtube&quot;,&quot;controls&quot;:&quot;yes&quot;}\" data-widget_type=\"video.default\">\n\t\t\t\t<div class=\"elementor-widget-container\">\n\t\t\t\t\t\t\t<div class=\"elementor-wrapper elementor-open-inline\">\n\t\t\t<div class=\"elementor-video\"><\/div>\t\t<\/div>\n\t\t\t\t\t\t<\/div>\n\t\t\t\t<\/div>\n\t\t\t\t\t<\/div>\n\t\t<\/div>\n\t\t\t\t<div class=\"elementor-column elementor-col-50 elementor-top-column elementor-element elementor-element-bd9c540\" data-id=\"bd9c540\" data-element_type=\"column\" data-e-type=\"column\">\n\t\t\t<div class=\"elementor-widget-wrap elementor-element-populated\">\n\t\t\t\t\t\t<div class=\"elementor-element elementor-element-c778976 elementor-widget elementor-widget-video\" data-id=\"c778976\" data-element_type=\"widget\" data-e-type=\"widget\" data-settings=\"{&quot;youtube_url&quot;:&quot;https:\\\/\\\/www.youtube.com\\\/watch?v=XHOmBV4js_E&quot;,&quot;video_type&quot;:&quot;youtube&quot;,&quot;controls&quot;:&quot;yes&quot;}\" data-widget_type=\"video.default\">\n\t\t\t\t<div class=\"elementor-widget-container\">\n\t\t\t\t\t\t\t<div class=\"elementor-wrapper elementor-open-inline\">\n\t\t\t<div class=\"elementor-video\"><\/div>\t\t<\/div>\n\t\t\t\t\t\t<\/div>\n\t\t\t\t<\/div>\n\t\t\t\t\t<\/div>\n\t\t<\/div>\n\t\t\t\t\t<\/div>\n\t\t<\/section>\n\t\t\t\t<\/div>\n\t\t","protected":false},"excerpt":{"rendered":"<p>ALL INCLUSIVE HOTEL LAGO GREY 4 dias\/ 3 noches 2 personas Torres del Paine DESCRIPCION PROGRAMA TOUR INCLUYE DESCRIPCION Hotel Lago Grey les presenta uno de los lugares mas bellos e impresionantes del planeta; el Parque Nacional Torres del Paine.Nuestros programas \u201cAll Inclusive\u201d han sido especialmente dise\u00f1ados para maravillarse con elimponente paisaje que s\u00f3lo la [&hellip;]<\/p>\n","protected":false},"author":1,"featured_media":0,"parent":0,"menu_order":0,"comment_status":"closed","ping_status":"closed","template":"","meta":{"footnotes":""},"class_list":["post-754","page","type-page","status-publish","hentry"],"_links":{"self":[{"href":"https:\/\/tupatu.cl\/index.php\/wp-json\/wp\/v2\/pages\/754","targetHints":{"allow":["GET"]}}],"collection":[{"href":"https:\/\/tupatu.cl\/index.php\/wp-json\/wp\/v2\/pages"}],"about":[{"href":"https:\/\/tupatu.cl\/index.php\/wp-json\/wp\/v2\/types\/page"}],"author":[{"embeddable":true,"href":"https:\/\/tupatu.cl\/index.php\/wp-json\/wp\/v2\/users\/1"}],"replies":[{"embeddable":true,"href":"https:\/\/tupatu.cl\/index.php\/wp-json\/wp\/v2\/comments?post=754"}],"version-history":[{"count":64,"href":"https:\/\/tupatu.cl\/index.php\/wp-json\/wp\/v2\/pages\/754\/revisions"}],"predecessor-version":[{"id":2348,"href":"https:\/\/tupatu.cl\/index.php\/wp-json\/wp\/v2\/pages\/754\/revisions\/2348"}],"wp:attachment":[{"href":"https:\/\/tupatu.cl\/index.php\/wp-json\/wp\/v2\/media?parent=754"}],"curies":[{"name":"wp","href":"https:\/\/api.w.org\/{rel}","templated":true}]}}