{"id":838,"date":"2023-06-08T21:09:51","date_gmt":"2023-06-08T21:09:51","guid":{"rendered":"https:\/\/tupatu.cl\/?page_id=838"},"modified":"2025-09-15T14:41:51","modified_gmt":"2025-09-15T14:41:51","slug":"fullday-perito-moreno-2","status":"publish","type":"page","link":"https:\/\/tupatu.cl\/index.php\/fullday-perito-moreno-2\/","title":{"rendered":"FULLDAY PERITO MORENO"},"content":{"rendered":"\t\t<div data-elementor-type=\"wp-page\" data-elementor-id=\"838\" class=\"elementor elementor-838\" data-elementor-post-type=\"page\">\n\t\t\t\t\t\t<section class=\"elementor-section elementor-top-section elementor-element elementor-element-29fc6c33 elementor-section-boxed elementor-section-height-default elementor-section-height-default\" data-id=\"29fc6c33\" data-element_type=\"section\" data-e-type=\"section\" data-settings=\"{&quot;background_background&quot;:&quot;classic&quot;}\">\n\t\t\t\t\t\t<div class=\"elementor-container elementor-column-gap-default\">\n\t\t\t\t\t<div class=\"elementor-column elementor-col-100 elementor-top-column elementor-element elementor-element-4d04b4a8\" data-id=\"4d04b4a8\" data-element_type=\"column\" data-e-type=\"column\">\n\t\t\t<div class=\"elementor-widget-wrap elementor-element-populated\">\n\t\t\t\t\t\t<div class=\"elementor-element elementor-element-305c4eab elementor-widget elementor-widget-spacer\" data-id=\"305c4eab\" data-element_type=\"widget\" data-e-type=\"widget\" data-widget_type=\"spacer.default\">\n\t\t\t\t<div class=\"elementor-widget-container\">\n\t\t\t\t\t\t\t<div class=\"elementor-spacer\">\n\t\t\t<div class=\"elementor-spacer-inner\"><\/div>\n\t\t<\/div>\n\t\t\t\t\t\t<\/div>\n\t\t\t\t<\/div>\n\t\t\t\t\t<\/div>\n\t\t<\/div>\n\t\t\t\t\t<\/div>\n\t\t<\/section>\n\t\t\t\t<section class=\"elementor-section elementor-top-section elementor-element elementor-element-3b4f918c elementor-section-boxed elementor-section-height-default elementor-section-height-default\" data-id=\"3b4f918c\" data-element_type=\"section\" data-e-type=\"section\">\n\t\t\t\t\t\t<div class=\"elementor-container elementor-column-gap-no\">\n\t\t\t\t\t<div class=\"elementor-column elementor-col-50 elementor-top-column elementor-element elementor-element-34039cd0\" data-id=\"34039cd0\" data-element_type=\"column\" data-e-type=\"column\">\n\t\t\t<div class=\"elementor-widget-wrap elementor-element-populated\">\n\t\t\t\t\t\t<section class=\"elementor-section elementor-inner-section elementor-element elementor-element-b5b31f9 elementor-section-boxed elementor-section-height-default elementor-section-height-default\" data-id=\"b5b31f9\" data-element_type=\"section\" data-e-type=\"section\">\n\t\t\t\t\t\t<div class=\"elementor-container elementor-column-gap-no\">\n\t\t\t\t\t<div class=\"elementor-column elementor-col-100 elementor-inner-column elementor-element elementor-element-7f007bcd\" data-id=\"7f007bcd\" data-element_type=\"column\" data-e-type=\"column\">\n\t\t\t<div class=\"elementor-widget-wrap elementor-element-populated\">\n\t\t\t\t\t\t<div class=\"elementor-element elementor-element-28dc08b0 elementor-widget elementor-widget-heading\" data-id=\"28dc08b0\" data-element_type=\"widget\" data-e-type=\"widget\" data-widget_type=\"heading.default\">\n\t\t\t\t<div class=\"elementor-widget-container\">\n\t\t\t\t\t<h2 class=\"elementor-heading-title elementor-size-default\"><a href=\"https:\/\/tupatu.cl\/index.php\/fullday-perito-moreno-2\/\">FULLDAY PERITO MORENO<\/a><\/h2>\t\t\t\t<\/div>\n\t\t\t\t<\/div>\n\t\t\t\t<div class=\"elementor-element elementor-element-497faed6 elementor-widget elementor-widget-image\" data-id=\"497faed6\" data-element_type=\"widget\" data-e-type=\"widget\" data-widget_type=\"image.default\">\n\t\t\t\t<div class=\"elementor-widget-container\">\n\t\t\t\t\t\t\t\t\t\t\t\t\t\t\t<img fetchpriority=\"high\" decoding=\"async\" width=\"800\" height=\"478\" src=\"https:\/\/tupatu.cl\/wp-content\/uploads\/2023\/04\/glaciar-perito-moreno-1-1024x612.jpg\" class=\"attachment-large size-large wp-image-344\" alt=\"\" srcset=\"https:\/\/tupatu.cl\/wp-content\/uploads\/2023\/04\/glaciar-perito-moreno-1-1024x612.jpg 1024w, https:\/\/tupatu.cl\/wp-content\/uploads\/2023\/04\/glaciar-perito-moreno-1-300x179.jpg 300w, https:\/\/tupatu.cl\/wp-content\/uploads\/2023\/04\/glaciar-perito-moreno-1-768x459.jpg 768w, https:\/\/tupatu.cl\/wp-content\/uploads\/2023\/04\/glaciar-perito-moreno-1-1536x917.jpg 1536w, https:\/\/tupatu.cl\/wp-content\/uploads\/2023\/04\/glaciar-perito-moreno-1-600x358.jpg 600w, https:\/\/tupatu.cl\/wp-content\/uploads\/2023\/04\/glaciar-perito-moreno-1.jpg 1800w\" sizes=\"(max-width: 800px) 100vw, 800px\" \/>\t\t\t\t\t\t\t\t\t\t\t\t\t\t\t<\/div>\n\t\t\t\t<\/div>\n\t\t\t\t<div class=\"elementor-element elementor-element-7d34dac8 elementor-align-center elementor-icon-list--layout-inline elementor-list-item-link-full_width elementor-widget elementor-widget-icon-list\" data-id=\"7d34dac8\" data-element_type=\"widget\" data-e-type=\"widget\" data-widget_type=\"icon-list.default\">\n\t\t\t\t<div class=\"elementor-widget-container\">\n\t\t\t\t\t\t\t<ul class=\"elementor-icon-list-items elementor-inline-items\">\n\t\t\t\t\t\t\t<li class=\"elementor-icon-list-item elementor-inline-item\">\n\t\t\t\t\t\t\t\t\t\t\t<span class=\"elementor-icon-list-icon\">\n\t\t\t\t\t\t\t<i aria-hidden=\"true\" class=\"fas fa-user\"><\/i>\t\t\t\t\t\t<\/span>\n\t\t\t\t\t\t\t\t\t\t<span class=\"elementor-icon-list-text\">Minimo 02 personas,desde Puerto Natales,Chile.<\/span>\n\t\t\t\t\t\t\t\t\t<\/li>\n\t\t\t\t\t\t<\/ul>\n\t\t\t\t\t\t<\/div>\n\t\t\t\t<\/div>\n\t\t\t\t<div class=\"elementor-element elementor-element-2373a61 elementor-tabs-view-horizontal elementor-widget elementor-widget-tabs\" data-id=\"2373a61\" data-element_type=\"widget\" data-e-type=\"widget\" data-widget_type=\"tabs.default\">\n\t\t\t\t<div class=\"elementor-widget-container\">\n\t\t\t\t\t\t\t<div class=\"elementor-tabs\">\n\t\t\t<div class=\"elementor-tabs-wrapper\" role=\"tablist\" >\n\t\t\t\t\t\t\t\t\t<div id=\"elementor-tab-title-3711\" class=\"elementor-tab-title elementor-tab-desktop-title\" aria-selected=\"true\" data-tab=\"1\" role=\"tab\" tabindex=\"0\" aria-controls=\"elementor-tab-content-3711\" aria-expanded=\"false\">DESCRIPCION<\/div>\n\t\t\t\t\t\t\t\t\t<div id=\"elementor-tab-title-3712\" class=\"elementor-tab-title elementor-tab-desktop-title\" aria-selected=\"false\" data-tab=\"2\" role=\"tab\" tabindex=\"-1\" aria-controls=\"elementor-tab-content-3712\" aria-expanded=\"false\">IMPORTANTE<\/div>\n\t\t\t\t\t\t\t\t\t<div id=\"elementor-tab-title-3713\" class=\"elementor-tab-title elementor-tab-desktop-title\" aria-selected=\"false\" data-tab=\"3\" role=\"tab\" tabindex=\"-1\" aria-controls=\"elementor-tab-content-3713\" aria-expanded=\"false\">TOUR INCLUYE<\/div>\n\t\t\t\t\t\t\t<\/div>\n\t\t\t<div class=\"elementor-tabs-content-wrapper\" role=\"tablist\" aria-orientation=\"vertical\">\n\t\t\t\t\t\t\t\t\t<div class=\"elementor-tab-title elementor-tab-mobile-title\" aria-selected=\"true\" data-tab=\"1\" role=\"tab\" tabindex=\"0\" aria-controls=\"elementor-tab-content-3711\" aria-expanded=\"false\">DESCRIPCION<\/div>\n\t\t\t\t\t<div id=\"elementor-tab-content-3711\" class=\"elementor-tab-content elementor-clearfix\" data-tab=\"1\" role=\"tabpanel\" aria-labelledby=\"elementor-tab-title-3711\" tabindex=\"0\" hidden=\"false\"><p><em>La excursi\u00f3n comienza temprano en la ma\u00f1ana con las primeras luces del d\u00eda. Cruzando la frontera Argentina ser\u00e1 posible ver a la distancia el Lago Argentino y el R\u00edo Santa Cruz en su camino al Oc\u00e9ano Atl\u00e1ntico. Una vez en <strong>Calafate<\/strong> podr\u00e1 proveerse de un snack para luego seguir el camino que lo llevar\u00e1 hacia el imponente <strong>glaciar Perito Moreno<\/strong>. Ya dentro del parque, ser\u00e1 posible comenzar una caminata a trav\u00e9s de una serie de escalinatas que unen distintos miradores en donde podr\u00e1 observar al gigante de hielo en todo su esplendor.<\/em><\/p><p>PERITO MORENO<br \/><strong>6:10hrs<\/strong>:Hora de presentacion en oficina,ubicada en calle Prat 236,Puerto Natales.<br \/><strong>6:45hrs<\/strong>:Hora de salida desde Puerto Natales.<\/p><p><strong>13:30 &#8211; 14:00hrs<\/strong>:Hora de llegada al Glaciar Perito Moreno (Tiempo estimado de llegada dependiento el tiempo de espera en paso fronterizo).<\/p><p><strong>16:15hrs<\/strong>:Salida desde el Glaciar Perito Moreno.<\/p><p><strong>22:30hrs<\/strong>:Hora de llegada a Puerto Natales.<br \/>-Lugar Donde Se Dejan A Los Pasajeros: <strong>Plaza de armas.<\/strong><\/p><\/div>\n\t\t\t\t\t\t\t\t\t<div class=\"elementor-tab-title elementor-tab-mobile-title\" aria-selected=\"false\" data-tab=\"2\" role=\"tab\" tabindex=\"-1\" aria-controls=\"elementor-tab-content-3712\" aria-expanded=\"false\">IMPORTANTE<\/div>\n\t\t\t\t\t<div id=\"elementor-tab-content-3712\" class=\"elementor-tab-content elementor-clearfix\" data-tab=\"2\" role=\"tabpanel\" aria-labelledby=\"elementor-tab-title-3712\" tabindex=\"0\" hidden=\"hidden\"><p><strong><em>Requisitos ingreso a Chile:<\/em><\/strong><\/p><ul><li>El pasajero debe presentarse en calle Prat 560 a las 06:15 hrs. Hora estimada de llegada a Puerto Natales a las 22:00hrs.<\/li><li><em>Se podr\u00e1 ingresar con certificado de vacunaci\u00f3n entregado por pa\u00eds donde se vacun\u00f3 m\u00e1s su documento de identidad.<\/em><\/li><li><em>Personas no vacunadas deber\u00e1n presentar un PCR negativo con m\u00e1ximo 48 horas, desde la salida hacia Chile.<\/em><\/li><li><em>El certificado de vacunaci\u00f3n al d\u00eda ser\u00e1 equivalente al Pase de Movilidad para turistas extranjero no residentes.<\/em><\/li><li><em>Continua vigilancia gen\u00f3mica a trav\u00e9s de testeo aleatorios en los puntos de acceso.<\/em><\/li><li><p><strong>Requisitos ingreso<\/strong><strong> a Argentina:<\/strong><\/p><ul><li><em>Documento de identidad o pasaporte vigente.<\/em><\/li><li><em>Correo electr\u00f3nico del pasajero.<\/em><\/li><li>Le recordamos que para viajar hacia Argentina,su cedula de identidad debe estar en perfectas condiciones,cedula cigente no vencida,chip y QR no pueden estar trizado ni parchado,si si documento presenta algun problema no podra aborar el bus,tambien le recordamos que si usted dio aviso de robo o extravio,esta cedula ser encuentra bloqueada y debe solicitar su desbloqueo de manera presencial en e registro civil,por lo tanto la empresa no se hace responsable del reintegro del dinero pagado por esta excursion.<\/li><\/ul><\/li><\/ul><\/div>\n\t\t\t\t\t\t\t\t\t<div class=\"elementor-tab-title elementor-tab-mobile-title\" aria-selected=\"false\" data-tab=\"3\" role=\"tab\" tabindex=\"-1\" aria-controls=\"elementor-tab-content-3713\" aria-expanded=\"false\">TOUR INCLUYE<\/div>\n\t\t\t\t\t<div id=\"elementor-tab-content-3713\" class=\"elementor-tab-content elementor-clearfix\" data-tab=\"3\" role=\"tabpanel\" aria-labelledby=\"elementor-tab-title-3713\" tabindex=\"0\" hidden=\"hidden\"><p>VALOR POR PERSONA 95.000 CLP POR PERSONA.<\/p><ul><li><strong>INCLUYE:<\/strong> transporte regular compartido,guia Ingles\/Espanol,solo durante el tiempo de visita en el Perito Moreno.<\/li><li><p><strong><em>NO INCLUYE:<\/em><\/strong><\/p><\/li><li><p><em>Entradas al Parque Nacional Los Glaciares (Perito Moreno)10.000 pesos argentinos por persona.<\/em><\/p><\/li><li><p><em>Navegaci\u00f3n hacia el Glaciar:8.000 pesos argentinos por persona.<\/em><\/p><\/li><li><p><em>Almuerzo opcional tipo Box Lunch 20.000 pesos chilenos por persona, se debe agregar al momento de reservar no el mismo d\u00eda del tour ya que se coordina con anticipaci\u00f3n.<\/em><\/p><\/li><\/ul><\/div>\n\t\t\t\t\t\t\t<\/div>\n\t\t<\/div>\n\t\t\t\t\t\t<\/div>\n\t\t\t\t<\/div>\n\t\t\t\t<div class=\"elementor-element elementor-element-c24d875 elementor-widget elementor-widget-heading\" data-id=\"c24d875\" data-element_type=\"widget\" data-e-type=\"widget\" data-widget_type=\"heading.default\">\n\t\t\t\t<div class=\"elementor-widget-container\">\n\t\t\t\t\t<h4 class=\"elementor-heading-title elementor-size-default\">GALLERY \/ PHOTOS<\/h4>\t\t\t\t<\/div>\n\t\t\t\t<\/div>\n\t\t\t\t<div class=\"elementor-element elementor-element-36f272e3 elementor-pagination-position-outside elementor-widget elementor-widget-image-carousel\" data-id=\"36f272e3\" data-element_type=\"widget\" data-e-type=\"widget\" data-settings=\"{&quot;slides_to_show&quot;:&quot;2&quot;,&quot;slides_to_show_tablet&quot;:&quot;3&quot;,&quot;navigation&quot;:&quot;dots&quot;,&quot;image_spacing_custom&quot;:{&quot;unit&quot;:&quot;px&quot;,&quot;size&quot;:15,&quot;sizes&quot;:[]},&quot;autoplay&quot;:&quot;yes&quot;,&quot;pause_on_hover&quot;:&quot;yes&quot;,&quot;pause_on_interaction&quot;:&quot;yes&quot;,&quot;autoplay_speed&quot;:5000,&quot;infinite&quot;:&quot;yes&quot;,&quot;speed&quot;:500,&quot;image_spacing_custom_tablet&quot;:{&quot;unit&quot;:&quot;px&quot;,&quot;size&quot;:&quot;&quot;,&quot;sizes&quot;:[]},&quot;image_spacing_custom_mobile&quot;:{&quot;unit&quot;:&quot;px&quot;,&quot;size&quot;:&quot;&quot;,&quot;sizes&quot;:[]}}\" data-widget_type=\"image-carousel.default\">\n\t\t\t\t<div class=\"elementor-widget-container\">\n\t\t\t\t\t\t\t<div class=\"elementor-image-carousel-wrapper swiper\" role=\"region\" aria-roledescription=\"carousel\" aria-label=\"Carrusel de im\u00e1genes\" dir=\"ltr\">\n\t\t\t<div class=\"elementor-image-carousel swiper-wrapper swiper-image-stretch\" aria-live=\"off\">\n\t\t\t\t\t\t\t\t<div class=\"swiper-slide\" role=\"group\" aria-roledescription=\"slide\" aria-label=\"1 de 4\"><figure class=\"swiper-slide-inner\"><img decoding=\"async\" class=\"swiper-slide-image\" src=\"https:\/\/tupatu.cl\/wp-content\/uploads\/2023\/06\/PM01.jpg\" alt=\"PM01\" \/><\/figure><\/div><div class=\"swiper-slide\" role=\"group\" aria-roledescription=\"slide\" aria-label=\"2 de 4\"><figure class=\"swiper-slide-inner\"><img decoding=\"async\" class=\"swiper-slide-image\" src=\"https:\/\/tupatu.cl\/wp-content\/uploads\/2023\/06\/PM04.jpg\" alt=\"PM04\" \/><\/figure><\/div><div class=\"swiper-slide\" role=\"group\" aria-roledescription=\"slide\" aria-label=\"3 de 4\"><figure class=\"swiper-slide-inner\"><img decoding=\"async\" class=\"swiper-slide-image\" src=\"https:\/\/tupatu.cl\/wp-content\/uploads\/2023\/06\/PM06.png\" alt=\"PM06\" \/><\/figure><\/div><div class=\"swiper-slide\" role=\"group\" aria-roledescription=\"slide\" aria-label=\"4 de 4\"><figure class=\"swiper-slide-inner\"><img decoding=\"async\" class=\"swiper-slide-image\" src=\"https:\/\/tupatu.cl\/wp-content\/uploads\/2023\/06\/PM08.jpg\" alt=\"PM08\" \/><\/figure><\/div>\t\t\t<\/div>\n\t\t\t\t\t\t\t\n\t\t\t\t\t\t\t\t\t<div class=\"swiper-pagination\"><\/div>\n\t\t\t\t\t\t\t\t\t<\/div>\n\t\t\t\t\t\t<\/div>\n\t\t\t\t<\/div>\n\t\t\t\t\t<\/div>\n\t\t<\/div>\n\t\t\t\t\t<\/div>\n\t\t<\/section>\n\t\t\t\t\t<\/div>\n\t\t<\/div>\n\t\t\t\t<div class=\"elementor-column elementor-col-50 elementor-top-column elementor-element elementor-element-3eaf6d48\" data-id=\"3eaf6d48\" data-element_type=\"column\" data-e-type=\"column\">\n\t\t\t<div class=\"elementor-widget-wrap elementor-element-populated\">\n\t\t\t\t\t\t<section class=\"elementor-section elementor-inner-section elementor-element elementor-element-653e1bb3 elementor-section-boxed elementor-section-height-default elementor-section-height-default\" data-id=\"653e1bb3\" data-element_type=\"section\" data-e-type=\"section\" data-settings=\"{&quot;background_background&quot;:&quot;classic&quot;}\">\n\t\t\t\t\t\t<div class=\"elementor-container elementor-column-gap-no\">\n\t\t\t\t\t<div class=\"elementor-column elementor-col-100 elementor-inner-column elementor-element elementor-element-21bd05\" data-id=\"21bd05\" data-element_type=\"column\" data-e-type=\"column\" data-settings=\"{&quot;background_background&quot;:&quot;classic&quot;}\">\n\t\t\t<div class=\"elementor-widget-wrap elementor-element-populated\">\n\t\t\t\t\t\t<div class=\"elementor-element elementor-element-7762a1e4 elementor-widget elementor-widget-elementskit-heading\" data-id=\"7762a1e4\" data-element_type=\"widget\" data-e-type=\"widget\" data-widget_type=\"elementskit-heading.default\">\n\t\t\t\t<div class=\"elementor-widget-container\">\n\t\t\t\t\t<div class=\"ekit-wid-con\" ><div class=\"ekit-heading elementskit-section-title-wraper text_center   ekit_heading_tablet-   ekit_heading_mobile-\"><a href=\"https:\/\/tupatu.cl\/index.php\/fullday-perito-moreno-2\/\"><h5 class=\"ekit-heading--title elementskit-section-title \"><span><span>$110.000 CLP por persona<\/h5><\/a><\/div><\/div>\t\t\t\t<\/div>\n\t\t\t\t<\/div>\n\t\t\t\t<div class=\"elementor-element elementor-element-49897065 elementor-star-rating--align-center elementor--star-style-star_fontawesome elementor-widget elementor-widget-star-rating\" data-id=\"49897065\" data-element_type=\"widget\" data-e-type=\"widget\" data-widget_type=\"star-rating.default\">\n\t\t\t\t<div class=\"elementor-widget-container\">\n\t\t\t\t\t\t\t<div class=\"elementor-star-rating__wrapper\">\n\t\t\t\t\t\t<div class=\"elementor-star-rating\" itemtype=\"http:\/\/schema.org\/Rating\" itemscope=\"\" itemprop=\"reviewRating\">\n\t\t\t\t<i class=\"elementor-star-full\" aria-hidden=\"true\">&#xE933;<\/i><i class=\"elementor-star-full\" aria-hidden=\"true\">&#xE933;<\/i><i class=\"elementor-star-full\" aria-hidden=\"true\">&#xE933;<\/i><i class=\"elementor-star-full\" aria-hidden=\"true\">&#xE933;<\/i><i class=\"elementor-star-5\" aria-hidden=\"true\">&#xE933;<\/i>\t\t\t\t<span itemprop=\"ratingValue\" class=\"elementor-screen-only\">Valorado con 4.5 de 5<\/span>\n\t\t\t<\/div>\n\t\t<\/div>\n\t\t\t\t\t\t<\/div>\n\t\t\t\t<\/div>\n\t\t\t\t\t<\/div>\n\t\t<\/div>\n\t\t\t\t\t<\/div>\n\t\t<\/section>\n\t\t\t\t<section class=\"elementor-section elementor-inner-section elementor-element elementor-element-74340ad elementor-section-boxed elementor-section-height-default elementor-section-height-default\" data-id=\"74340ad\" data-element_type=\"section\" data-e-type=\"section\">\n\t\t\t\t\t\t<div class=\"elementor-container elementor-column-gap-default\">\n\t\t\t\t\t<div class=\"elementor-column elementor-col-100 elementor-inner-column elementor-element elementor-element-316bd8fc\" data-id=\"316bd8fc\" data-element_type=\"column\" data-e-type=\"column\">\n\t\t\t<div class=\"elementor-widget-wrap elementor-element-populated\">\n\t\t\t\t\t\t<div class=\"elementor-element elementor-element-674aa842 elementor-widget elementor-widget-google_maps\" data-id=\"674aa842\" data-element_type=\"widget\" data-e-type=\"widget\" data-widget_type=\"google_maps.default\">\n\t\t\t\t<div class=\"elementor-widget-container\">\n\t\t\t\t\t\t\t<div class=\"elementor-custom-embed\">\n\t\t\t<iframe loading=\"lazy\"\n\t\t\t\t\tsrc=\"https:\/\/maps.google.com\/maps?q=PERITO%20MORENO%2CARGENTINA&#038;t=m&#038;z=10&#038;output=embed&#038;iwloc=near\"\n\t\t\t\t\ttitle=\"PERITO MORENO,ARGENTINA\"\n\t\t\t\t\taria-label=\"PERITO MORENO,ARGENTINA\"\n\t\t\t><\/iframe>\n\t\t<\/div>\n\t\t\t\t\t\t<\/div>\n\t\t\t\t<\/div>\n\t\t\t\t\t<\/div>\n\t\t<\/div>\n\t\t\t\t\t<\/div>\n\t\t<\/section>\n\t\t\t\t<section class=\"elementor-section elementor-inner-section elementor-element elementor-element-10f294ef elementor-section-boxed elementor-section-height-default elementor-section-height-default\" data-id=\"10f294ef\" data-element_type=\"section\" data-e-type=\"section\">\n\t\t\t\t\t\t<div class=\"elementor-container elementor-column-gap-default\">\n\t\t\t\t\t<div class=\"elementor-column elementor-col-100 elementor-inner-column elementor-element elementor-element-4d89480\" data-id=\"4d89480\" data-element_type=\"column\" data-e-type=\"column\" data-settings=\"{&quot;background_background&quot;:&quot;classic&quot;}\">\n\t\t\t<div class=\"elementor-widget-wrap elementor-element-populated\">\n\t\t\t\t\t<div class=\"elementor-background-overlay\"><\/div>\n\t\t\t\t\t\t<div class=\"elementor-element elementor-element-61a55f1f elementor-widget elementor-widget-heading\" data-id=\"61a55f1f\" data-element_type=\"widget\" data-e-type=\"widget\" data-widget_type=\"heading.default\">\n\t\t\t\t<div class=\"elementor-widget-container\">\n\t\t\t\t\t<h4 class=\"elementor-heading-title elementor-size-default\">PREGUNTAS FRECUENTES<\/h4>\t\t\t\t<\/div>\n\t\t\t\t<\/div>\n\t\t\t\t<div class=\"elementor-element elementor-element-23035ac0 elementor-widget elementor-widget-text-editor\" data-id=\"23035ac0\" data-element_type=\"widget\" data-e-type=\"widget\" data-widget_type=\"text-editor.default\">\n\t\t\t\t<div class=\"elementor-widget-container\">\n\t\t\t\t\t\t\t\t\t<p style=\"text-align: left;\"><strong>\u00bfQue Incluye El Viaje?<\/strong><br \/>Transporte ida y retorno + gu\u00eda<br \/><strong>\u00bfSe Puede Llevar Comida?<\/strong><br \/>En El interior del parque hay restaurant y cafeterita, pero por el corto tiempo que est\u00e1n en el Parque Glaciar<br \/>Perito Moreno, recomendamos que lleven snacks o un s\u00e1ndwich, este envuelto en papel aluminio o aluza.<br \/>NOTA: No pueden llevar fruta o alimentos crudos, el s\u00e1ndwich por otro lado si lo preparan con jam\u00f3n y queso son<br \/>alimentos que est\u00e1n procesados y no tienen ning\u00fan inconveniente en llevarlos, adem\u00e1s de ser alimento para el d\u00eda.<br \/><strong>\u00bfEs Importante Llevar El Dinero Argentino O Aceptan Otro Tipo De Dinero O Se Puede Pagar Con<\/strong><br \/><strong>Tarjeta Dentro Del Parque?<\/strong><br \/>Como recomendaci\u00f3n solicitamos a cada pasajero llevar el dinero argentino desde aqu\u00ed de Puerto Natales, ya que es un<br \/>parque que se encuentra lejos de la ciudad por lo que no tienen forma de cobrar pagos con tarjetas, adem\u00e1s, llevando el<br \/>dinero desde aqu\u00ed el proceso de entrada es m\u00e1s r\u00e1pido, eficiente y tengan tiempo de hacer actividades dentro del Parque<br \/>Nacional Perito Moreno, \u201ccada minuto importa mucho\u201d<br \/><strong>\u00bfD\u00f3nde Puedo Cambiar Dinero?<\/strong><br \/>Dentro de Puerto Natales hay muchas casas de cambio por lo que buscar e ir a comprar es f\u00e1cil, (no tenemos convenio con ninguna), lo importante es que se compre hasta un d\u00eda antes del viaje, pues si tenemos en cuenta la hora de la salida del bus, encontrar algo a esa hora es imposible, es por eso que, mejor ordenar y comprar anticipadamente el dinero los va a mantener tranquilos, disfrutando del viaje y el Incre\u00edble Paisaje que tiene EL Glaciar Perito Moreno.<\/p>\t\t\t\t\t\t\t\t<\/div>\n\t\t\t\t<\/div>\n\t\t\t\t<div class=\"elementor-element elementor-element-5d92bcb4 elementor-icon-list--layout-traditional elementor-list-item-link-full_width elementor-widget elementor-widget-icon-list\" data-id=\"5d92bcb4\" data-element_type=\"widget\" data-e-type=\"widget\" data-widget_type=\"icon-list.default\">\n\t\t\t\t<div class=\"elementor-widget-container\">\n\t\t\t\t\t\t\t<ul class=\"elementor-icon-list-items\">\n\t\t\t\t\t\t\t<li class=\"elementor-icon-list-item\">\n\t\t\t\t\t\t\t\t\t\t\t<a href=\"#\">\n\n\t\t\t\t\t\t\t\t\t\t\t\t<span class=\"elementor-icon-list-icon\">\n\t\t\t\t\t\t\t<i aria-hidden=\"true\" class=\"icon icon-arrow-right-circle\"><\/i>\t\t\t\t\t\t<\/span>\n\t\t\t\t\t\t\t\t\t\t<span class=\"elementor-icon-list-text\"><\/span>\n\t\t\t\t\t\t\t\t\t\t\t<\/a>\n\t\t\t\t\t\t\t\t\t<\/li>\n\t\t\t\t\t\t<\/ul>\n\t\t\t\t\t\t<\/div>\n\t\t\t\t<\/div>\n\t\t\t\t\t<\/div>\n\t\t<\/div>\n\t\t\t\t\t<\/div>\n\t\t<\/section>\n\t\t\t\t\t<\/div>\n\t\t<\/div>\n\t\t\t\t\t<\/div>\n\t\t<\/section>\n\t\t\t\t<\/div>\n\t\t","protected":false},"excerpt":{"rendered":"<p>FULLDAY PERITO MORENO Minimo 02 personas,desde Puerto Natales,Chile. DESCRIPCION IMPORTANTE TOUR INCLUYE DESCRIPCION La excursi\u00f3n comienza temprano en la ma\u00f1ana con las primeras luces del d\u00eda. Cruzando la frontera Argentina ser\u00e1 posible ver a la distancia el Lago Argentino y el R\u00edo Santa Cruz en su camino al Oc\u00e9ano Atl\u00e1ntico. Una vez en Calafate podr\u00e1 [&hellip;]<\/p>\n","protected":false},"author":1,"featured_media":0,"parent":0,"menu_order":0,"comment_status":"closed","ping_status":"closed","template":"","meta":{"footnotes":""},"class_list":["post-838","page","type-page","status-publish","hentry"],"_links":{"self":[{"href":"https:\/\/tupatu.cl\/index.php\/wp-json\/wp\/v2\/pages\/838","targetHints":{"allow":["GET"]}}],"collection":[{"href":"https:\/\/tupatu.cl\/index.php\/wp-json\/wp\/v2\/pages"}],"about":[{"href":"https:\/\/tupatu.cl\/index.php\/wp-json\/wp\/v2\/types\/page"}],"author":[{"embeddable":true,"href":"https:\/\/tupatu.cl\/index.php\/wp-json\/wp\/v2\/users\/1"}],"replies":[{"embeddable":true,"href":"https:\/\/tupatu.cl\/index.php\/wp-json\/wp\/v2\/comments?post=838"}],"version-history":[{"count":76,"href":"https:\/\/tupatu.cl\/index.php\/wp-json\/wp\/v2\/pages\/838\/revisions"}],"predecessor-version":[{"id":2974,"href":"https:\/\/tupatu.cl\/index.php\/wp-json\/wp\/v2\/pages\/838\/revisions\/2974"}],"wp:attachment":[{"href":"https:\/\/tupatu.cl\/index.php\/wp-json\/wp\/v2\/media?parent=838"}],"curies":[{"name":"wp","href":"https:\/\/api.w.org\/{rel}","templated":true}]}}