{"id":927,"date":"2023-06-12T15:53:21","date_gmt":"2023-06-12T15:53:21","guid":{"rendered":"https:\/\/tupatu.cl\/?page_id=927"},"modified":"2025-06-19T19:14:55","modified_gmt":"2025-06-19T19:14:55","slug":"viaje-avistamiento-ballenas","status":"publish","type":"page","link":"https:\/\/tupatu.cl\/index.php\/viaje-avistamiento-ballenas\/","title":{"rendered":"VIAJE AVISTAMIENTO BALLENAS"},"content":{"rendered":"\t\t<div data-elementor-type=\"wp-page\" data-elementor-id=\"927\" class=\"elementor elementor-927\" data-elementor-post-type=\"page\">\n\t\t\t\t\t\t<section class=\"elementor-section elementor-top-section elementor-element elementor-element-587c41b6 elementor-section-boxed elementor-section-height-default elementor-section-height-default\" data-id=\"587c41b6\" data-element_type=\"section\" data-e-type=\"section\" data-settings=\"{&quot;background_background&quot;:&quot;classic&quot;}\">\n\t\t\t\t\t\t<div class=\"elementor-container elementor-column-gap-default\">\n\t\t\t\t\t<div class=\"elementor-column elementor-col-100 elementor-top-column elementor-element elementor-element-5822f7c\" data-id=\"5822f7c\" data-element_type=\"column\" data-e-type=\"column\">\n\t\t\t<div class=\"elementor-widget-wrap elementor-element-populated\">\n\t\t\t\t\t\t<div class=\"elementor-element elementor-element-685331b6 elementor-widget elementor-widget-spacer\" data-id=\"685331b6\" data-element_type=\"widget\" data-e-type=\"widget\" data-widget_type=\"spacer.default\">\n\t\t\t\t<div class=\"elementor-widget-container\">\n\t\t\t\t\t\t\t<div class=\"elementor-spacer\">\n\t\t\t<div class=\"elementor-spacer-inner\"><\/div>\n\t\t<\/div>\n\t\t\t\t\t\t<\/div>\n\t\t\t\t<\/div>\n\t\t\t\t\t<\/div>\n\t\t<\/div>\n\t\t\t\t\t<\/div>\n\t\t<\/section>\n\t\t\t\t<section class=\"elementor-section elementor-top-section elementor-element elementor-element-750ea58c elementor-section-boxed elementor-section-height-default elementor-section-height-default\" data-id=\"750ea58c\" data-element_type=\"section\" data-e-type=\"section\">\n\t\t\t\t\t\t<div class=\"elementor-container elementor-column-gap-no\">\n\t\t\t\t\t<div class=\"elementor-column elementor-col-50 elementor-top-column elementor-element elementor-element-9814565\" data-id=\"9814565\" data-element_type=\"column\" data-e-type=\"column\">\n\t\t\t<div class=\"elementor-widget-wrap elementor-element-populated\">\n\t\t\t\t\t\t<section class=\"elementor-section elementor-inner-section elementor-element elementor-element-44b6557d elementor-section-boxed elementor-section-height-default elementor-section-height-default\" data-id=\"44b6557d\" data-element_type=\"section\" data-e-type=\"section\">\n\t\t\t\t\t\t<div class=\"elementor-container elementor-column-gap-no\">\n\t\t\t\t\t<div class=\"elementor-column elementor-col-100 elementor-inner-column elementor-element elementor-element-5e124ad5\" data-id=\"5e124ad5\" data-element_type=\"column\" data-e-type=\"column\">\n\t\t\t<div class=\"elementor-widget-wrap elementor-element-populated\">\n\t\t\t\t\t\t<div class=\"elementor-element elementor-element-72b1580f elementor-widget elementor-widget-heading\" data-id=\"72b1580f\" data-element_type=\"widget\" data-e-type=\"widget\" data-widget_type=\"heading.default\">\n\t\t\t\t<div class=\"elementor-widget-container\">\n\t\t\t\t\t<h2 class=\"elementor-heading-title elementor-size-default\">VIAJE AVISTAMIENTO DE BALLENAS<\/h2>\t\t\t\t<\/div>\n\t\t\t\t<\/div>\n\t\t\t\t<div class=\"elementor-element elementor-element-55422ee1 elementor-widget elementor-widget-image\" data-id=\"55422ee1\" data-element_type=\"widget\" data-e-type=\"widget\" data-widget_type=\"image.default\">\n\t\t\t\t<div class=\"elementor-widget-container\">\n\t\t\t\t\t\t\t\t\t\t\t\t\t\t\t<img fetchpriority=\"high\" decoding=\"async\" width=\"800\" height=\"534\" src=\"https:\/\/tupatu.cl\/wp-content\/uploads\/2023\/06\/WS05-1024x683.jpeg\" class=\"attachment-large size-large wp-image-933\" alt=\"\" srcset=\"https:\/\/tupatu.cl\/wp-content\/uploads\/2023\/06\/WS05-1024x683.jpeg 1024w, https:\/\/tupatu.cl\/wp-content\/uploads\/2023\/06\/WS05-300x200.jpeg 300w, https:\/\/tupatu.cl\/wp-content\/uploads\/2023\/06\/WS05-768x512.jpeg 768w, https:\/\/tupatu.cl\/wp-content\/uploads\/2023\/06\/WS05-1536x1024.jpeg 1536w, https:\/\/tupatu.cl\/wp-content\/uploads\/2023\/06\/WS05-2048x1365.jpeg 2048w, https:\/\/tupatu.cl\/wp-content\/uploads\/2023\/06\/WS05-600x400.jpeg 600w\" sizes=\"(max-width: 800px) 100vw, 800px\" \/>\t\t\t\t\t\t\t\t\t\t\t\t\t\t\t<\/div>\n\t\t\t\t<\/div>\n\t\t\t\t<div class=\"elementor-element elementor-element-695aa45a elementor-align-center elementor-icon-list--layout-inline elementor-list-item-link-full_width elementor-widget elementor-widget-icon-list\" data-id=\"695aa45a\" data-element_type=\"widget\" data-e-type=\"widget\" data-widget_type=\"icon-list.default\">\n\t\t\t\t<div class=\"elementor-widget-container\">\n\t\t\t\t\t\t\t<ul class=\"elementor-icon-list-items elementor-inline-items\">\n\t\t\t\t\t\t\t<li class=\"elementor-icon-list-item elementor-inline-item\">\n\t\t\t\t\t\t\t\t\t\t\t<span class=\"elementor-icon-list-icon\">\n\t\t\t\t\t\t\t<i aria-hidden=\"true\" class=\"far fa-clock\"><\/i>\t\t\t\t\t\t<\/span>\n\t\t\t\t\t\t\t\t\t\t<span class=\"elementor-icon-list-text\">3 dias \/ 2 noches<\/span>\n\t\t\t\t\t\t\t\t\t<\/li>\n\t\t\t\t\t\t\t\t<li class=\"elementor-icon-list-item elementor-inline-item\">\n\t\t\t\t\t\t\t\t\t\t\t<span class=\"elementor-icon-list-icon\">\n\t\t\t\t\t\t\t<i aria-hidden=\"true\" class=\"fas fa-user\"><\/i>\t\t\t\t\t\t<\/span>\n\t\t\t\t\t\t\t\t\t\t<span class=\"elementor-icon-list-text\">Minimo 2 personas<\/span>\n\t\t\t\t\t\t\t\t\t<\/li>\n\t\t\t\t\t\t\t\t<li class=\"elementor-icon-list-item elementor-inline-item\">\n\t\t\t\t\t\t\t\t\t\t\t<span class=\"elementor-icon-list-icon\">\n\t\t\t\t\t\t\t<i aria-hidden=\"true\" class=\"fas fa-map-marked-alt\"><\/i>\t\t\t\t\t\t<\/span>\n\t\t\t\t\t\t\t\t\t\t<span class=\"elementor-icon-list-text\">Isla Carlos Tercero<\/span>\n\t\t\t\t\t\t\t\t\t<\/li>\n\t\t\t\t\t\t<\/ul>\n\t\t\t\t\t\t<\/div>\n\t\t\t\t<\/div>\n\t\t\t\t<div class=\"elementor-element elementor-element-5d86c98c elementor-tabs-view-horizontal elementor-widget elementor-widget-tabs\" data-id=\"5d86c98c\" data-element_type=\"widget\" data-e-type=\"widget\" data-widget_type=\"tabs.default\">\n\t\t\t\t<div class=\"elementor-widget-container\">\n\t\t\t\t\t\t\t<div class=\"elementor-tabs\">\n\t\t\t<div class=\"elementor-tabs-wrapper\" role=\"tablist\" >\n\t\t\t\t\t\t\t\t\t<div id=\"elementor-tab-title-1561\" class=\"elementor-tab-title elementor-tab-desktop-title\" aria-selected=\"true\" data-tab=\"1\" role=\"tab\" tabindex=\"0\" aria-controls=\"elementor-tab-content-1561\" aria-expanded=\"false\">DESCRIPCION<\/div>\n\t\t\t\t\t\t\t\t\t<div id=\"elementor-tab-title-1562\" class=\"elementor-tab-title elementor-tab-desktop-title\" aria-selected=\"false\" data-tab=\"2\" role=\"tab\" tabindex=\"-1\" aria-controls=\"elementor-tab-content-1562\" aria-expanded=\"false\">PROGRAMA<\/div>\n\t\t\t\t\t\t\t\t\t<div id=\"elementor-tab-title-1563\" class=\"elementor-tab-title elementor-tab-desktop-title\" aria-selected=\"false\" data-tab=\"3\" role=\"tab\" tabindex=\"-1\" aria-controls=\"elementor-tab-content-1563\" aria-expanded=\"false\">VIAJE INCLUYE<\/div>\n\t\t\t\t\t\t\t<\/div>\n\t\t\t<div class=\"elementor-tabs-content-wrapper\" role=\"tablist\" aria-orientation=\"vertical\">\n\t\t\t\t\t\t\t\t\t<div class=\"elementor-tab-title elementor-tab-mobile-title\" aria-selected=\"true\" data-tab=\"1\" role=\"tab\" tabindex=\"0\" aria-controls=\"elementor-tab-content-1561\" aria-expanded=\"false\">DESCRIPCION<\/div>\n\t\t\t\t\t<div id=\"elementor-tab-content-1561\" class=\"elementor-tab-content elementor-clearfix\" data-tab=\"1\" role=\"tabpanel\" aria-labelledby=\"elementor-tab-title-1561\" tabindex=\"0\" hidden=\"false\"><p>Contamos con un programa \u00fanico que consta en 3 d\u00edas &amp; 2 noches en sistema de todo incluido, que incluye recogida en el hotel, transporte, alimentaci\u00f3n durante todo el viaje, alojamiento en el eco camp en la isla Carlos III, charlas cient\u00edficas, navegaciones y vuelta a su hotel. Nuestro destino es la isla Carlos III, situada en una remota \u00e1rea dentro del parque marino Francisco Coloane.<\/p><p>\u00a0 \u00a0 \u00a0Avistar ballenas en el Parque Marino Francisco Coloanesignific\u00f3lacreaci\u00f3n del campamento y junto con los cienficos, pol\u00edcas deconservaci\u00f3n ambiental y todas las facilidades del campamento en IslaCarlos IIIes posible tener unestudio sustentable y viable.<\/p><p>\u00a0 Nuestro camp tiene una capacidad m\u00e1xima de 10 personas,en domos dobles o triples,concalefacci\u00f3n en cada uno de ellos, duchasy agua caliente las24horas.Domo Principal cuenta conenerg\u00eda 220V para uso de los pasajeros.<\/p><p>TANU\u201des una embarcaci\u00f3n menor de 15mts de eslora adaptada para exploraciones y navegaciones de largas horas,su capacidad es de 16 personas y en un bajo impacto ambiental,genera una huella de carbono baja y reduce el impacto en el medio ambiente.<\/p><\/div>\n\t\t\t\t\t\t\t\t\t<div class=\"elementor-tab-title elementor-tab-mobile-title\" aria-selected=\"false\" data-tab=\"2\" role=\"tab\" tabindex=\"-1\" aria-controls=\"elementor-tab-content-1562\" aria-expanded=\"false\">PROGRAMA<\/div>\n\t\t\t\t\t<div id=\"elementor-tab-content-1562\" class=\"elementor-tab-content elementor-clearfix\" data-tab=\"2\" role=\"tabpanel\" aria-labelledby=\"elementor-tab-title-1562\" tabindex=\"0\" hidden=\"hidden\"><pre><strong>DIA 01:<br \/><span style=\"text-decoration: underline;\">08:00Hrs - 08:45Hrs:<\/span><\/strong>Traslado desde su lugar de alojamiento en Punta Arenas.<br \/><span style=\"text-decoration: underline;\"><strong>09.00hrs-09:45hrs:<\/strong><\/span>Transporte terrestre a punto de embarque \"Bahia Punta Carrera\".<br \/><span style=\"text-decoration: underline;\"><strong>10:00hrs<\/strong><\/span>:Navegacion por el Estrecho de Magallanes hacia Isla Carlos III (8 a 10 horas de navegaci\u00f3n de las condiciones clim\u00e1ticas de navegaci\u00f3n).Navegaremos frente a puntos y paisajes hist\u00f3ricos del Estrecho de Magallanes y Parque Marino Francisco Coloane. Dentro de los lugares que podremos divisar:Fuertes Bulnes,Faro San Isidro,Monte Tarn,Bahia El Aguila,Cabo Froward.<br \/><span style=\"text-decoration: underline;\"><strong>18:30hrs<\/strong><\/span>:Observacion de Ballenas Jorobadas.<br \/><span style=\"text-decoration: underline;\"><strong>19:30hrs:<\/strong><\/span>Llegada a la Isla Carlos III,Eco Camp,cocktel de bievenida.<br \/><span style=\"text-decoration: underline;\"><strong>20:00Hrs:<\/strong><\/span>Visita Observatorio Ecocamp,charla cientifica e introduccion.<br \/>21:00hrs:Cena.<\/pre><pre><strong>DIA 02:<\/strong><br \/><span style=\"text-decoration: underline;\"><strong>07:30hrs:<\/strong><\/span>Desayuno en Ecocamp.<br \/><span style=\"text-decoration: underline;\"><strong>09:00hrs<\/strong><\/span>:Embarque y salida a Navegacion en el Parque Marino Francisco Coloane,visitas a los siguientes puntos y fauna (8 horas de Exploraci\u00f3n al interior de canales e islas aprox).Se podr\u00e1n apreciar las siguientes atracciones durante la navegaci\u00f3n: Observaci\u00f3n de ballenas Jorobadas,Colonias de Lobos Marinos,aves,visita al Glaciar Santa In\u00e9s.<br \/><span style=\"text-decoration: underline;\"><strong>19:30Hrs:<\/strong><\/span>Iniciamos el regreso a la Isla Carlos III,realizando una parada por el canal barbara,para realizar observacion de ballenas jorobadas y finalizar el dia arribando al Ecocamp,para la cena de despedida.<br \/><span style=\"text-decoration: underline;\"><strong>DIA 03:<\/strong><\/span><br \/><span style=\"text-decoration: underline;\"><strong>08:00Hrs:<\/strong><\/span>Desayuno en eco camp.<br \/><span style=\"text-decoration: underline;\"><strong>09:00Hrs<\/strong><\/span>:Embarque,al rededor del Islote Rupert,observacion de Pinguino Magallanico (Especies presentes en su mayoria en Enero y Febrero).<br \/><span style=\"text-decoration: underline;\"><strong>10:00Hrs<\/strong><\/span>:Navegaci\u00f3n de regreso a \u201cBah\u00eda Punta Carrera\u201d<br \/><span style=\"text-decoration: underline;\"><strong>17:00Hrs<\/strong><\/span>:Aprox de 8 a 10 Horas dependiendo de las condiciones clim\u00e1ticas de navegaci\u00f3n)Arribo punto de desembarque y transporte terrestre a su lugar de Alojamiento.<br \/><span style=\"text-decoration: underline;\"><strong>18:00Hrs<\/strong><\/span>:Drop off en su lugar de alojamiento en Punta Arenas.<\/pre><\/div>\n\t\t\t\t\t\t\t\t\t<div class=\"elementor-tab-title elementor-tab-mobile-title\" aria-selected=\"false\" data-tab=\"3\" role=\"tab\" tabindex=\"-1\" aria-controls=\"elementor-tab-content-1563\" aria-expanded=\"false\">VIAJE INCLUYE<\/div>\n\t\t\t\t\t<div id=\"elementor-tab-content-1563\" class=\"elementor-tab-content elementor-clearfix\" data-tab=\"3\" role=\"tabpanel\" aria-labelledby=\"elementor-tab-title-1563\" tabindex=\"0\" hidden=\"hidden\"><p>VALOR POR PERSONA:1,500 USD.<\/p><ul><li>Viaje en Sistema todo incluido (Desayuno,almuerzo,cena).<\/li><li>Anulaciones efectuadas a 30 o menos d\u00edas de la fecha de salida no le corresponde devoluci\u00f3n alguna de dinero.<br \/>\u2022 Anulaciones efectuadas a 31 o m\u00e1s d\u00edas de la fecha de salida se devuelve el 50% del monto pagado a esa fecha.<br \/>\u2022 Si los pagos no son efectuados dentro de los plazos se\u00f1alados, la reserva se considera anulada y los dep\u00f3sitos no<br \/>ser\u00e1n reembolsados.<\/li><li>La temporada de avistamiento de ballenas comienza oficialmente desde el 15 de noviembre al 31 de mayo, de cada a\u00f1o.<br \/>El mes de mayo y noviembre excepcionalmente con menores probabilidades de avistamiento.<br \/>Programa incluye transporte de salida\/ regreso a Punta Arenas, alojamiento en campamento (carpas domos) ambas con<br \/>calefacci\u00f3n con le\u00f1a.<br \/>Los viajes se realizan con un m\u00ednimo de pasajeros. Consulte a su agente.<br \/>Valor de programa es todo incluido: excursiones, alojamiento, comidas y bebidas.<br \/>Se servir\u00e1 un men\u00fa fijo durante los viajes por lo que es necesario de que los pasajeros nos avisen con anticipaci\u00f3n si tienen restricciones alimenticias o alergias.<br \/>La compa\u00f1ia provee sacos de dormir, s\u00e1banas, frazadas, y toallas en el Ecocamp. Los pasajeros podr\u00e1n llevar sus equipos,como por ejemplo su saco de dormir.<br \/>Es obligatorio que todos nuestros clientes cuenten con un seguro de viajes personal, y \u00e9ste debe ser informado a su Agente de Viajes.<\/li><\/ul><\/div>\n\t\t\t\t\t\t\t<\/div>\n\t\t<\/div>\n\t\t\t\t\t\t<\/div>\n\t\t\t\t<\/div>\n\t\t\t\t<div class=\"elementor-element elementor-element-2b201c7a elementor-widget elementor-widget-heading\" data-id=\"2b201c7a\" data-element_type=\"widget\" data-e-type=\"widget\" data-widget_type=\"heading.default\">\n\t\t\t\t<div class=\"elementor-widget-container\">\n\t\t\t\t\t<h4 class=\"elementor-heading-title elementor-size-default\">GALLERY \/ PHOTOS<\/h4>\t\t\t\t<\/div>\n\t\t\t\t<\/div>\n\t\t\t\t<div class=\"elementor-element elementor-element-18c97df elementor-pagination-position-outside elementor-widget elementor-widget-image-carousel\" data-id=\"18c97df\" data-element_type=\"widget\" data-e-type=\"widget\" data-settings=\"{&quot;slides_to_show&quot;:&quot;2&quot;,&quot;slides_to_show_tablet&quot;:&quot;3&quot;,&quot;navigation&quot;:&quot;dots&quot;,&quot;image_spacing_custom&quot;:{&quot;unit&quot;:&quot;px&quot;,&quot;size&quot;:15,&quot;sizes&quot;:[]},&quot;autoplay&quot;:&quot;yes&quot;,&quot;pause_on_hover&quot;:&quot;yes&quot;,&quot;pause_on_interaction&quot;:&quot;yes&quot;,&quot;autoplay_speed&quot;:5000,&quot;infinite&quot;:&quot;yes&quot;,&quot;speed&quot;:500,&quot;image_spacing_custom_tablet&quot;:{&quot;unit&quot;:&quot;px&quot;,&quot;size&quot;:&quot;&quot;,&quot;sizes&quot;:[]},&quot;image_spacing_custom_mobile&quot;:{&quot;unit&quot;:&quot;px&quot;,&quot;size&quot;:&quot;&quot;,&quot;sizes&quot;:[]}}\" data-widget_type=\"image-carousel.default\">\n\t\t\t\t<div class=\"elementor-widget-container\">\n\t\t\t\t\t\t\t<div class=\"elementor-image-carousel-wrapper swiper\" role=\"region\" aria-roledescription=\"carousel\" aria-label=\"Carrusel de im\u00e1genes\" dir=\"ltr\">\n\t\t\t<div class=\"elementor-image-carousel swiper-wrapper swiper-image-stretch\" aria-live=\"off\">\n\t\t\t\t\t\t\t\t<div class=\"swiper-slide\" role=\"group\" aria-roledescription=\"slide\" aria-label=\"1 de 6\"><figure class=\"swiper-slide-inner\"><img decoding=\"async\" class=\"swiper-slide-image\" src=\"https:\/\/tupatu.cl\/wp-content\/uploads\/2023\/07\/WS01-scaled.jpeg\" alt=\"WS01\" \/><\/figure><\/div><div class=\"swiper-slide\" role=\"group\" aria-roledescription=\"slide\" aria-label=\"2 de 6\"><figure class=\"swiper-slide-inner\"><img decoding=\"async\" class=\"swiper-slide-image\" src=\"https:\/\/tupatu.cl\/wp-content\/uploads\/2023\/07\/WS02.jpeg\" alt=\"WS02\" \/><\/figure><\/div><div class=\"swiper-slide\" role=\"group\" aria-roledescription=\"slide\" aria-label=\"3 de 6\"><figure class=\"swiper-slide-inner\"><img decoding=\"async\" class=\"swiper-slide-image\" src=\"https:\/\/tupatu.cl\/wp-content\/uploads\/2023\/07\/WS03.jpeg\" alt=\"WS03\" \/><\/figure><\/div><div class=\"swiper-slide\" role=\"group\" aria-roledescription=\"slide\" aria-label=\"4 de 6\"><figure class=\"swiper-slide-inner\"><img decoding=\"async\" class=\"swiper-slide-image\" src=\"https:\/\/tupatu.cl\/wp-content\/uploads\/2023\/07\/WS04.jpeg\" alt=\"WS04\" \/><\/figure><\/div><div class=\"swiper-slide\" role=\"group\" aria-roledescription=\"slide\" aria-label=\"5 de 6\"><figure class=\"swiper-slide-inner\"><img decoding=\"async\" class=\"swiper-slide-image\" src=\"https:\/\/tupatu.cl\/wp-content\/uploads\/2023\/07\/WS05-1.jpeg\" alt=\"WS05\" \/><\/figure><\/div><div class=\"swiper-slide\" role=\"group\" aria-roledescription=\"slide\" aria-label=\"6 de 6\"><figure class=\"swiper-slide-inner\"><img decoding=\"async\" class=\"swiper-slide-image\" src=\"https:\/\/tupatu.cl\/wp-content\/uploads\/2023\/07\/WS06-scaled.jpeg\" alt=\"WS06\" \/><\/figure><\/div>\t\t\t<\/div>\n\t\t\t\t\t\t\t\n\t\t\t\t\t\t\t\t\t<div class=\"swiper-pagination\"><\/div>\n\t\t\t\t\t\t\t\t\t<\/div>\n\t\t\t\t\t\t<\/div>\n\t\t\t\t<\/div>\n\t\t\t\t\t<\/div>\n\t\t<\/div>\n\t\t\t\t\t<\/div>\n\t\t<\/section>\n\t\t\t\t\t<\/div>\n\t\t<\/div>\n\t\t\t\t<div class=\"elementor-column elementor-col-50 elementor-top-column elementor-element elementor-element-7a075a46\" data-id=\"7a075a46\" data-element_type=\"column\" data-e-type=\"column\">\n\t\t\t<div class=\"elementor-widget-wrap elementor-element-populated\">\n\t\t\t\t\t\t<section class=\"elementor-section elementor-inner-section elementor-element elementor-element-741cef67 elementor-section-boxed elementor-section-height-default elementor-section-height-default\" data-id=\"741cef67\" data-element_type=\"section\" data-e-type=\"section\" data-settings=\"{&quot;background_background&quot;:&quot;classic&quot;}\">\n\t\t\t\t\t\t<div class=\"elementor-container elementor-column-gap-no\">\n\t\t\t\t\t<div class=\"elementor-column elementor-col-100 elementor-inner-column elementor-element elementor-element-49ce16a6\" data-id=\"49ce16a6\" data-element_type=\"column\" data-e-type=\"column\" data-settings=\"{&quot;background_background&quot;:&quot;classic&quot;}\">\n\t\t\t<div class=\"elementor-widget-wrap elementor-element-populated\">\n\t\t\t\t\t\t<div class=\"elementor-element elementor-element-2d0b2d1e elementor-widget elementor-widget-elementskit-heading\" data-id=\"2d0b2d1e\" data-element_type=\"widget\" data-e-type=\"widget\" data-widget_type=\"elementskit-heading.default\">\n\t\t\t\t<div class=\"elementor-widget-container\">\n\t\t\t\t\t<div class=\"ekit-wid-con\" ><div class=\"ekit-heading elementskit-section-title-wraper text_center   ekit_heading_tablet-   ekit_heading_mobile-\"><h5 class=\"ekit-heading--title elementskit-section-title \"><span><span>$1,850 USD por persona<\/h5><\/div><\/div>\t\t\t\t<\/div>\n\t\t\t\t<\/div>\n\t\t\t\t<div class=\"elementor-element elementor-element-4917f3d8 elementor-star-rating--align-center elementor--star-style-star_fontawesome elementor-widget elementor-widget-star-rating\" data-id=\"4917f3d8\" data-element_type=\"widget\" data-e-type=\"widget\" data-widget_type=\"star-rating.default\">\n\t\t\t\t<div class=\"elementor-widget-container\">\n\t\t\t\t\t\t\t<div class=\"elementor-star-rating__wrapper\">\n\t\t\t\t\t\t<div class=\"elementor-star-rating\" itemtype=\"http:\/\/schema.org\/Rating\" itemscope=\"\" itemprop=\"reviewRating\">\n\t\t\t\t<i class=\"elementor-star-full\" aria-hidden=\"true\">&#xE933;<\/i><i class=\"elementor-star-full\" aria-hidden=\"true\">&#xE933;<\/i><i class=\"elementor-star-full\" aria-hidden=\"true\">&#xE933;<\/i><i class=\"elementor-star-full\" aria-hidden=\"true\">&#xE933;<\/i><i class=\"elementor-star-5\" aria-hidden=\"true\">&#xE933;<\/i>\t\t\t\t<span itemprop=\"ratingValue\" class=\"elementor-screen-only\">Valorado con 4.5 de 5<\/span>\n\t\t\t<\/div>\n\t\t<\/div>\n\t\t\t\t\t\t<\/div>\n\t\t\t\t<\/div>\n\t\t\t\t\t<\/div>\n\t\t<\/div>\n\t\t\t\t\t<\/div>\n\t\t<\/section>\n\t\t\t\t<section class=\"elementor-section elementor-inner-section elementor-element elementor-element-2713cb0e elementor-section-boxed elementor-section-height-default elementor-section-height-default\" data-id=\"2713cb0e\" data-element_type=\"section\" data-e-type=\"section\">\n\t\t\t\t\t\t<div class=\"elementor-container elementor-column-gap-default\">\n\t\t\t\t\t<div class=\"elementor-column elementor-col-100 elementor-inner-column elementor-element elementor-element-3c1a306f\" data-id=\"3c1a306f\" data-element_type=\"column\" data-e-type=\"column\">\n\t\t\t<div class=\"elementor-widget-wrap elementor-element-populated\">\n\t\t\t\t\t\t<div class=\"elementor-element elementor-element-72517c42 elementor-widget elementor-widget-google_maps\" data-id=\"72517c42\" data-element_type=\"widget\" data-e-type=\"widget\" data-widget_type=\"google_maps.default\">\n\t\t\t\t<div class=\"elementor-widget-container\">\n\t\t\t\t\t\t\t<div class=\"elementor-custom-embed\">\n\t\t\t<iframe loading=\"lazy\"\n\t\t\t\t\tsrc=\"https:\/\/maps.google.com\/maps?q=isla%20carlos%20III&#038;t=m&#038;z=10&#038;output=embed&#038;iwloc=near\"\n\t\t\t\t\ttitle=\"isla carlos III\"\n\t\t\t\t\taria-label=\"isla carlos III\"\n\t\t\t><\/iframe>\n\t\t<\/div>\n\t\t\t\t\t\t<\/div>\n\t\t\t\t<\/div>\n\t\t\t\t\t<\/div>\n\t\t<\/div>\n\t\t\t\t\t<\/div>\n\t\t<\/section>\n\t\t\t\t\t<\/div>\n\t\t<\/div>\n\t\t\t\t\t<\/div>\n\t\t<\/section>\n\t\t\t\t<\/div>\n\t\t","protected":false},"excerpt":{"rendered":"<p>VIAJE AVISTAMIENTO DE BALLENAS 3 dias \/ 2 noches Minimo 2 personas Isla Carlos Tercero DESCRIPCION PROGRAMA VIAJE INCLUYE DESCRIPCION Contamos con un programa \u00fanico que consta en 3 d\u00edas &amp; 2 noches en sistema de todo incluido, que incluye recogida en el hotel, transporte, alimentaci\u00f3n durante todo el viaje, alojamiento en el eco camp [&hellip;]<\/p>\n","protected":false},"author":1,"featured_media":0,"parent":0,"menu_order":0,"comment_status":"closed","ping_status":"closed","template":"","meta":{"footnotes":""},"class_list":["post-927","page","type-page","status-publish","hentry"],"_links":{"self":[{"href":"https:\/\/tupatu.cl\/index.php\/wp-json\/wp\/v2\/pages\/927","targetHints":{"allow":["GET"]}}],"collection":[{"href":"https:\/\/tupatu.cl\/index.php\/wp-json\/wp\/v2\/pages"}],"about":[{"href":"https:\/\/tupatu.cl\/index.php\/wp-json\/wp\/v2\/types\/page"}],"author":[{"embeddable":true,"href":"https:\/\/tupatu.cl\/index.php\/wp-json\/wp\/v2\/users\/1"}],"replies":[{"embeddable":true,"href":"https:\/\/tupatu.cl\/index.php\/wp-json\/wp\/v2\/comments?post=927"}],"version-history":[{"count":115,"href":"https:\/\/tupatu.cl\/index.php\/wp-json\/wp\/v2\/pages\/927\/revisions"}],"predecessor-version":[{"id":2953,"href":"https:\/\/tupatu.cl\/index.php\/wp-json\/wp\/v2\/pages\/927\/revisions\/2953"}],"wp:attachment":[{"href":"https:\/\/tupatu.cl\/index.php\/wp-json\/wp\/v2\/media?parent=927"}],"curies":[{"name":"wp","href":"https:\/\/api.w.org\/{rel}","templated":true}]}}